{"id":330,"date":"2026-03-28T14:11:39","date_gmt":"2026-03-28T14:11:39","guid":{"rendered":"https:\/\/shopthoitrang.azdigi.shop\/?post_type=product&#038;p=330"},"modified":"2026-04-19T01:22:40","modified_gmt":"2026-04-19T01:22:40","slug":"vay-ren-trang-tay-bong-nang-tho","status":"publish","type":"product","link":"https:\/\/shopthoitrang.azdigi.shop\/index.php\/product\/vay-ren-trang-tay-bong-nang-tho\/","title":{"rendered":"V\u00e1y Ren Tr\u1eafng Tay B\u1ed3ng N\u00e0ng Th\u01a1"},"content":{"rendered":"<p><b data-path-to-node=\"2\" data-index-in-node=\"0\">V\u00e1y Ren Tr\u1eafng Tay B\u1ed3ng N\u00e0ng Th\u01a1<\/b> l\u00e0 hi\u1ec7n th\u00e2n c\u1ee7a v\u1ebb \u0111\u1eb9p thu\u1ea7n khi\u1ebft v\u00e0 d\u1ecbu d\u00e0ng. Thi\u1ebft k\u1ebf g\u00e2y \u1ea5n t\u01b0\u1ee3ng v\u1edbi ch\u1ea5t li\u1ec7u ren hoa cao c\u1ea5p, k\u1ebft h\u1ee3p c\u00f9ng ph\u1ea7n tay b\u1ed3ng \u0111i\u1ec7u \u0111\u00e0 gi\u00fap che khuy\u1ebft \u0111i\u1ec3m b\u1eafp tay m\u1ed9t c\u00e1ch tinh t\u1ebf. \u0110i\u1ec3m nh\u1ea5n n\u01a1 h\u1ed3ng nh\u1ecf xinh tr\u00ean n\u1ec1n tr\u1eafng tinh kh\u00f4i t\u1ea1o n\u00ean s\u1ee9c h\u00fat kh\u00f3 c\u01b0\u1ee1ng cho nh\u1eefng c\u00f4 n\u00e0ng y\u00eau th\u00edch phong c\u00e1ch ti\u1ec3u th\u01b0. V\u1edbi ch\u00e2n v\u00e1y x\u1ebfp t\u1ea7ng b\u1ed3ng b\u1ec1nh, V\u00e1y Ren Tr\u1eafng Tay B\u1ed3ng N\u00e0ng Th\u01a1 gi\u00fap b\u1ea1n t\u1ef1 tin t\u1ecfa s\u00e1ng trong c\u00e1c bu\u1ed5i h\u1eb9n h\u00f2 hay d\u1ea1o ph\u1ed1 cu\u1ed1i tu\u1ea7n.<\/p>\n","protected":false},"excerpt":{"rendered":"<p>V\u00e1y Ren Tr\u1eafng Tay B\u1ed3ng N\u00e0ng Th\u01a1 l\u00e0 hi\u1ec7n th\u00e2n c\u1ee7a v\u1ebb \u0111\u1eb9p thu\u1ea7n khi\u1ebft v\u00e0 d\u1ecbu d\u00e0ng. Thi\u1ebft k\u1ebf g\u00e2y \u1ea5n t\u01b0\u1ee3ng v\u1edbi ch\u1ea5t li\u1ec7u ren hoa cao c\u1ea5p, k\u1ebft h\u1ee3p c\u00f9ng ph\u1ea7n tay b\u1ed3ng \u0111i\u1ec7u \u0111\u00e0 gi\u00fap che khuy\u1ebft \u0111i\u1ec3m b\u1eafp tay m\u1ed9t c\u00e1ch tinh t\u1ebf. \u0110i\u1ec3m nh\u1ea5n n\u01a1 h\u1ed3ng nh\u1ecf xinh tr\u00ean [&#8230;]\n","protected":false},"featured_media":331,"comment_status":"open","ping_status":"closed","template":"","meta":[],"product_brand":[],"product_cat":[26],"product_tag":[],"class_list":{"0":"post-330","1":"product","2":"type-product","3":"status-publish","4":"has-post-thumbnail","6":"product_cat-vay","8":"first","9":"instock","10":"sale","11":"shipping-taxable","12":"purchasable","13":"product-type-variable"},"yoast_head":"<!-- This site is optimized with the Yoast SEO plugin v27.2 - https:\/\/yoast.com\/product\/yoast-seo-wordpress\/ -->\n<title>V\u00e1y Ren Tr\u1eafng Tay B\u1ed3ng N\u00e0ng Th\u01a1 - Celeste<\/title>\n<meta name=\"description\" content=\"V\u00e1y Ren Tr\u1eafng Tay B\u1ed3ng N\u00e0ng Th\u01a1 s\u1edf h\u1eefu ch\u1ea5t li\u1ec7u ren hoa tinh x\u1ea3o, cao c\u1ea5p ph\u1ed1i n\u01a1 h\u1ed3ng xinh x\u1eafn, mang l\u1ea1i di\u1ec7n m\u1ea1o tinh kh\u00f4i v\u00e0 ng\u1ecdt ng\u00e0o.\" \/>\n<meta name=\"robots\" content=\"index, follow, max-snippet:-1, max-image-preview:large, max-video-preview:-1\" \/>\n<link rel=\"canonical\" href=\"https:\/\/shopthoitrang.azdigi.shop\/index.php\/product\/vay-ren-trang-tay-bong-nang-tho\/\" \/>\n<meta property=\"og:locale\" content=\"en_US\" \/>\n<meta property=\"og:type\" content=\"article\" \/>\n<meta property=\"og:title\" content=\"V\u00e1y Ren Tr\u1eafng Tay B\u1ed3ng N\u00e0ng Th\u01a1 - Celeste\" \/>\n<meta property=\"og:description\" content=\"V\u00e1y Ren Tr\u1eafng Tay B\u1ed3ng N\u00e0ng Th\u01a1 s\u1edf h\u1eefu ch\u1ea5t li\u1ec7u ren hoa tinh x\u1ea3o, cao c\u1ea5p ph\u1ed1i n\u01a1 h\u1ed3ng xinh x\u1eafn, mang l\u1ea1i di\u1ec7n m\u1ea1o tinh kh\u00f4i v\u00e0 ng\u1ecdt ng\u00e0o.\" \/>\n<meta property=\"og:url\" content=\"https:\/\/shopthoitrang.azdigi.shop\/index.php\/product\/vay-ren-trang-tay-bong-nang-tho\/\" \/>\n<meta property=\"og:site_name\" content=\"Celeste\" \/>\n<meta property=\"article:modified_time\" content=\"2026-04-19T01:22:40+00:00\" \/>\n<meta property=\"og:image\" content=\"https:\/\/shopthoitrang.azdigi.shop\/wp-content\/uploads\/2026\/03\/z7667946158179_960039edb066c1c7880475b813f2a95e.jpg\" \/>\n\t<meta property=\"og:image:width\" content=\"540\" \/>\n\t<meta property=\"og:image:height\" content=\"654\" \/>\n\t<meta property=\"og:image:type\" content=\"image\/jpeg\" \/>\n<meta name=\"twitter:card\" content=\"summary_large_image\" \/>\n<meta name=\"twitter:label1\" content=\"Est. reading time\" \/>\n\t<meta name=\"twitter:data1\" content=\"1 minute\" \/>\n<script type=\"application\/ld+json\" class=\"yoast-schema-graph\">{\"@context\":\"https:\/\/schema.org\",\"@graph\":[{\"@type\":\"WebPage\",\"@id\":\"https:\/\/shopthoitrang.azdigi.shop\/index.php\/product\/vay-ren-trang-tay-bong-nang-tho\/\",\"url\":\"https:\/\/shopthoitrang.azdigi.shop\/index.php\/product\/vay-ren-trang-tay-bong-nang-tho\/\",\"name\":\"V\u00e1y Ren Tr\u1eafng Tay B\u1ed3ng N\u00e0ng Th\u01a1 - Celeste\",\"isPartOf\":{\"@id\":\"https:\/\/shopthoitrang.azdigi.shop\/#website\"},\"primaryImageOfPage\":{\"@id\":\"https:\/\/shopthoitrang.azdigi.shop\/index.php\/product\/vay-ren-trang-tay-bong-nang-tho\/#primaryimage\"},\"image\":{\"@id\":\"https:\/\/shopthoitrang.azdigi.shop\/index.php\/product\/vay-ren-trang-tay-bong-nang-tho\/#primaryimage\"},\"thumbnailUrl\":\"https:\/\/shopthoitrang.azdigi.shop\/wp-content\/uploads\/2026\/03\/z7667946158179_960039edb066c1c7880475b813f2a95e.jpg\",\"datePublished\":\"2026-03-28T14:11:39+00:00\",\"dateModified\":\"2026-04-19T01:22:40+00:00\",\"description\":\"V\u00e1y Ren Tr\u1eafng Tay B\u1ed3ng N\u00e0ng Th\u01a1 s\u1edf h\u1eefu ch\u1ea5t li\u1ec7u ren hoa tinh x\u1ea3o, cao c\u1ea5p ph\u1ed1i n\u01a1 h\u1ed3ng xinh x\u1eafn, mang l\u1ea1i di\u1ec7n m\u1ea1o tinh kh\u00f4i v\u00e0 ng\u1ecdt ng\u00e0o.\",\"breadcrumb\":{\"@id\":\"https:\/\/shopthoitrang.azdigi.shop\/index.php\/product\/vay-ren-trang-tay-bong-nang-tho\/#breadcrumb\"},\"inLanguage\":\"en-US\",\"potentialAction\":[{\"@type\":\"ReadAction\",\"target\":[\"https:\/\/shopthoitrang.azdigi.shop\/index.php\/product\/vay-ren-trang-tay-bong-nang-tho\/\"]}]},{\"@type\":\"ImageObject\",\"inLanguage\":\"en-US\",\"@id\":\"https:\/\/shopthoitrang.azdigi.shop\/index.php\/product\/vay-ren-trang-tay-bong-nang-tho\/#primaryimage\",\"url\":\"https:\/\/shopthoitrang.azdigi.shop\/wp-content\/uploads\/2026\/03\/z7667946158179_960039edb066c1c7880475b813f2a95e.jpg\",\"contentUrl\":\"https:\/\/shopthoitrang.azdigi.shop\/wp-content\/uploads\/2026\/03\/z7667946158179_960039edb066c1c7880475b813f2a95e.jpg\",\"width\":540,\"height\":654},{\"@type\":\"BreadcrumbList\",\"@id\":\"https:\/\/shopthoitrang.azdigi.shop\/index.php\/product\/vay-ren-trang-tay-bong-nang-tho\/#breadcrumb\",\"itemListElement\":[{\"@type\":\"ListItem\",\"position\":1,\"name\":\"Home\",\"item\":\"https:\/\/shopthoitrang.azdigi.shop\/\"},{\"@type\":\"ListItem\",\"position\":2,\"name\":\"Shop\",\"item\":\"https:\/\/shopthoitrang.azdigi.shop\/index.php\/shop\/\"},{\"@type\":\"ListItem\",\"position\":3,\"name\":\"V\u00e1y Ren Tr\u1eafng Tay B\u1ed3ng N\u00e0ng Th\u01a1\"}]},{\"@type\":\"WebSite\",\"@id\":\"https:\/\/shopthoitrang.azdigi.shop\/#website\",\"url\":\"https:\/\/shopthoitrang.azdigi.shop\/\",\"name\":\"Celeste\",\"description\":\"Shop n\u00e0ng th\u01a1\",\"potentialAction\":[{\"@type\":\"SearchAction\",\"target\":{\"@type\":\"EntryPoint\",\"urlTemplate\":\"https:\/\/shopthoitrang.azdigi.shop\/?s={search_term_string}\"},\"query-input\":{\"@type\":\"PropertyValueSpecification\",\"valueRequired\":true,\"valueName\":\"search_term_string\"}}],\"inLanguage\":\"en-US\"}]}<\/script>\n<!-- \/ Yoast SEO plugin. -->","yoast_head_json":{"title":"V\u00e1y Ren Tr\u1eafng Tay B\u1ed3ng N\u00e0ng Th\u01a1 - Celeste","description":"V\u00e1y Ren Tr\u1eafng Tay B\u1ed3ng N\u00e0ng Th\u01a1 s\u1edf h\u1eefu ch\u1ea5t li\u1ec7u ren hoa tinh x\u1ea3o, cao c\u1ea5p ph\u1ed1i n\u01a1 h\u1ed3ng xinh x\u1eafn, mang l\u1ea1i di\u1ec7n m\u1ea1o tinh kh\u00f4i v\u00e0 ng\u1ecdt ng\u00e0o.","robots":{"index":"index","follow":"follow","max-snippet":"max-snippet:-1","max-image-preview":"max-image-preview:large","max-video-preview":"max-video-preview:-1"},"canonical":"https:\/\/shopthoitrang.azdigi.shop\/index.php\/product\/vay-ren-trang-tay-bong-nang-tho\/","og_locale":"en_US","og_type":"article","og_title":"V\u00e1y Ren Tr\u1eafng Tay B\u1ed3ng N\u00e0ng Th\u01a1 - Celeste","og_description":"V\u00e1y Ren Tr\u1eafng Tay B\u1ed3ng N\u00e0ng Th\u01a1 s\u1edf h\u1eefu ch\u1ea5t li\u1ec7u ren hoa tinh x\u1ea3o, cao c\u1ea5p ph\u1ed1i n\u01a1 h\u1ed3ng xinh x\u1eafn, mang l\u1ea1i di\u1ec7n m\u1ea1o tinh kh\u00f4i v\u00e0 ng\u1ecdt ng\u00e0o.","og_url":"https:\/\/shopthoitrang.azdigi.shop\/index.php\/product\/vay-ren-trang-tay-bong-nang-tho\/","og_site_name":"Celeste","article_modified_time":"2026-04-19T01:22:40+00:00","og_image":[{"width":540,"height":654,"url":"https:\/\/shopthoitrang.azdigi.shop\/wp-content\/uploads\/2026\/03\/z7667946158179_960039edb066c1c7880475b813f2a95e.jpg","type":"image\/jpeg"}],"twitter_card":"summary_large_image","twitter_misc":{"Est. reading time":"1 minute"},"schema":{"@context":"https:\/\/schema.org","@graph":[{"@type":"WebPage","@id":"https:\/\/shopthoitrang.azdigi.shop\/index.php\/product\/vay-ren-trang-tay-bong-nang-tho\/","url":"https:\/\/shopthoitrang.azdigi.shop\/index.php\/product\/vay-ren-trang-tay-bong-nang-tho\/","name":"V\u00e1y Ren Tr\u1eafng Tay B\u1ed3ng N\u00e0ng Th\u01a1 - Celeste","isPartOf":{"@id":"https:\/\/shopthoitrang.azdigi.shop\/#website"},"primaryImageOfPage":{"@id":"https:\/\/shopthoitrang.azdigi.shop\/index.php\/product\/vay-ren-trang-tay-bong-nang-tho\/#primaryimage"},"image":{"@id":"https:\/\/shopthoitrang.azdigi.shop\/index.php\/product\/vay-ren-trang-tay-bong-nang-tho\/#primaryimage"},"thumbnailUrl":"https:\/\/shopthoitrang.azdigi.shop\/wp-content\/uploads\/2026\/03\/z7667946158179_960039edb066c1c7880475b813f2a95e.jpg","datePublished":"2026-03-28T14:11:39+00:00","dateModified":"2026-04-19T01:22:40+00:00","description":"V\u00e1y Ren Tr\u1eafng Tay B\u1ed3ng N\u00e0ng Th\u01a1 s\u1edf h\u1eefu ch\u1ea5t li\u1ec7u ren hoa tinh x\u1ea3o, cao c\u1ea5p ph\u1ed1i n\u01a1 h\u1ed3ng xinh x\u1eafn, mang l\u1ea1i di\u1ec7n m\u1ea1o tinh kh\u00f4i v\u00e0 ng\u1ecdt ng\u00e0o.","breadcrumb":{"@id":"https:\/\/shopthoitrang.azdigi.shop\/index.php\/product\/vay-ren-trang-tay-bong-nang-tho\/#breadcrumb"},"inLanguage":"en-US","potentialAction":[{"@type":"ReadAction","target":["https:\/\/shopthoitrang.azdigi.shop\/index.php\/product\/vay-ren-trang-tay-bong-nang-tho\/"]}]},{"@type":"ImageObject","inLanguage":"en-US","@id":"https:\/\/shopthoitrang.azdigi.shop\/index.php\/product\/vay-ren-trang-tay-bong-nang-tho\/#primaryimage","url":"https:\/\/shopthoitrang.azdigi.shop\/wp-content\/uploads\/2026\/03\/z7667946158179_960039edb066c1c7880475b813f2a95e.jpg","contentUrl":"https:\/\/shopthoitrang.azdigi.shop\/wp-content\/uploads\/2026\/03\/z7667946158179_960039edb066c1c7880475b813f2a95e.jpg","width":540,"height":654},{"@type":"BreadcrumbList","@id":"https:\/\/shopthoitrang.azdigi.shop\/index.php\/product\/vay-ren-trang-tay-bong-nang-tho\/#breadcrumb","itemListElement":[{"@type":"ListItem","position":1,"name":"Home","item":"https:\/\/shopthoitrang.azdigi.shop\/"},{"@type":"ListItem","position":2,"name":"Shop","item":"https:\/\/shopthoitrang.azdigi.shop\/index.php\/shop\/"},{"@type":"ListItem","position":3,"name":"V\u00e1y Ren Tr\u1eafng Tay B\u1ed3ng N\u00e0ng Th\u01a1"}]},{"@type":"WebSite","@id":"https:\/\/shopthoitrang.azdigi.shop\/#website","url":"https:\/\/shopthoitrang.azdigi.shop\/","name":"Celeste","description":"Shop n\u00e0ng th\u01a1","potentialAction":[{"@type":"SearchAction","target":{"@type":"EntryPoint","urlTemplate":"https:\/\/shopthoitrang.azdigi.shop\/?s={search_term_string}"},"query-input":{"@type":"PropertyValueSpecification","valueRequired":true,"valueName":"search_term_string"}}],"inLanguage":"en-US"}]}},"jetpack_sharing_enabled":true,"_links":{"self":[{"href":"https:\/\/shopthoitrang.azdigi.shop\/index.php\/wp-json\/wp\/v2\/product\/330","targetHints":{"allow":["GET"]}}],"collection":[{"href":"https:\/\/shopthoitrang.azdigi.shop\/index.php\/wp-json\/wp\/v2\/product"}],"about":[{"href":"https:\/\/shopthoitrang.azdigi.shop\/index.php\/wp-json\/wp\/v2\/types\/product"}],"replies":[{"embeddable":true,"href":"https:\/\/shopthoitrang.azdigi.shop\/index.php\/wp-json\/wp\/v2\/comments?post=330"}],"wp:featuredmedia":[{"embeddable":true,"href":"https:\/\/shopthoitrang.azdigi.shop\/index.php\/wp-json\/wp\/v2\/media\/331"}],"wp:attachment":[{"href":"https:\/\/shopthoitrang.azdigi.shop\/index.php\/wp-json\/wp\/v2\/media?parent=330"}],"wp:term":[{"taxonomy":"product_brand","embeddable":true,"href":"https:\/\/shopthoitrang.azdigi.shop\/index.php\/wp-json\/wp\/v2\/product_brand?post=330"},{"taxonomy":"product_cat","embeddable":true,"href":"https:\/\/shopthoitrang.azdigi.shop\/index.php\/wp-json\/wp\/v2\/product_cat?post=330"},{"taxonomy":"product_tag","embeddable":true,"href":"https:\/\/shopthoitrang.azdigi.shop\/index.php\/wp-json\/wp\/v2\/product_tag?post=330"}],"curies":[{"name":"wp","href":"https:\/\/api.w.org\/{rel}","templated":true}]}}