{"id":322,"date":"2026-03-28T14:03:05","date_gmt":"2026-03-28T14:03:05","guid":{"rendered":"https:\/\/shopthoitrang.azdigi.shop\/?post_type=product&#038;p=322"},"modified":"2026-03-28T23:52:03","modified_gmt":"2026-03-28T23:52:03","slug":"vay-xam-bac-kim-tuyen-phoi-pha-le","status":"publish","type":"product","link":"https:\/\/shopthoitrang.azdigi.shop\/index.php\/product\/vay-xam-bac-kim-tuyen-phoi-pha-le\/","title":{"rendered":"V\u00e1y X\u00e1m B\u1ea1c Kim Tuy\u1ebfn Ph\u1ed1i Pha L\u00ea"},"content":{"rendered":"<p><b data-path-to-node=\"1\" data-index-in-node=\"0\">V\u00e1y X\u00e1m B\u1ea1c Kim Tuy\u1ebfn Ph\u1ed1i Pha L\u00ea<\/b> l\u00e0 m\u1ed9t tuy\u1ec7t t\u00e1c l\u1ed9ng l\u1eaby d\u00e0nh cho nh\u1eefng bu\u1ed5i ti\u1ec7c xa hoa. Thi\u1ebft k\u1ebf c\u00fap ng\u1ef1c tinh t\u1ebf k\u1ebft h\u1ee3p c\u00f9ng h\u00e0ng ng\u00e0n vi\u00ean pha l\u00ea \u0111\u00ednh k\u1ebft th\u1ee7 c\u00f4ng t\u1ec9 m\u1ec9, t\u1ea1o n\u00ean hi\u1ec7u \u1ee9ng b\u1eaft s\u00e1ng lung linh theo t\u1eebng chuy\u1ec3n \u0111\u1ed9ng. Ph\u1ea7n t\u00f9ng v\u00e1y voan t\u1ea7ng b\u1ed3ng b\u1ec1nh x\u1ebfp l\u1edbp c\u1ea7u k\u1ef3 mang l\u1ea1i di\u1ec7n m\u1ea1o ki\u00eau sa nh\u01b0 m\u1ed9t n\u00e0ng c\u00f4ng ch\u00faa b\u01b0\u1edbc ra t\u1eeb th\u1ea7n tho\u1ea1i. V\u1edbi V\u00e1y X\u00e1m B\u1ea1c Kim Tuy\u1ebfn Ph\u1ed1i Pha L\u00ea, b\u1ea1n ch\u1eafc ch\u1eafn s\u1ebd l\u00e0 t\u00e2m \u0111i\u1ec3m r\u1ef1c r\u1ee1 v\u00e0 thu h\u00fat m\u1ecdi \u00e1nh nh\u00ecn.<\/p>\n","protected":false},"excerpt":{"rendered":"<p>V\u00e1y X\u00e1m B\u1ea1c Kim Tuy\u1ebfn Ph\u1ed1i Pha L\u00ea l\u00e0 m\u1ed9t tuy\u1ec7t t\u00e1c l\u1ed9ng l\u1eaby d\u00e0nh cho nh\u1eefng bu\u1ed5i ti\u1ec7c xa hoa. Thi\u1ebft k\u1ebf c\u00fap ng\u1ef1c tinh t\u1ebf k\u1ebft h\u1ee3p c\u00f9ng h\u00e0ng ng\u00e0n vi\u00ean pha l\u00ea \u0111\u00ednh k\u1ebft th\u1ee7 c\u00f4ng t\u1ec9 m\u1ec9, t\u1ea1o n\u00ean hi\u1ec7u \u1ee9ng b\u1eaft s\u00e1ng lung linh theo t\u1eebng chuy\u1ec3n \u0111\u1ed9ng. Ph\u1ea7n t\u00f9ng [&#8230;]\n","protected":false},"featured_media":323,"comment_status":"open","ping_status":"closed","template":"","meta":[],"product_brand":[],"product_cat":[16],"product_tag":[],"class_list":{"0":"post-322","1":"product","2":"type-product","3":"status-publish","4":"has-post-thumbnail","6":"product_cat-uncategorized","8":"first","9":"instock","10":"shipping-taxable","11":"purchasable","12":"product-type-variable"},"yoast_head":"<!-- This site is optimized with the Yoast SEO plugin v27.2 - https:\/\/yoast.com\/product\/yoast-seo-wordpress\/ -->\n<title>V\u00e1y X\u00e1m B\u1ea1c Kim Tuy\u1ebfn Ph\u1ed1i Pha L\u00ea - Celeste<\/title>\n<meta name=\"description\" content=\"V\u00e1y X\u00e1m B\u1ea1c Kim Tuy\u1ebfn Ph\u1ed1i Pha L\u00ea n\u1ed5i b\u1eadt v\u1edbi thi\u1ebft k\u1ebf \u0111\u00ednh \u0111\u00e1 cao c\u1ea5p v\u00e0 t\u00f9ng voan t\u1ea7ng x\u00f2e r\u1ed9ng l\u1ed9ng l\u1eaby, t\u1ea1o n\u00ean s\u1ef1 r\u1ef1c r\u1ee1 v\u00e0 sang tr\u1ecdng..\" \/>\n<meta name=\"robots\" content=\"index, follow, max-snippet:-1, max-image-preview:large, max-video-preview:-1\" \/>\n<link rel=\"canonical\" href=\"https:\/\/shopthoitrang.azdigi.shop\/index.php\/product\/vay-xam-bac-kim-tuyen-phoi-pha-le\/\" \/>\n<meta property=\"og:locale\" content=\"en_US\" \/>\n<meta property=\"og:type\" content=\"article\" \/>\n<meta property=\"og:title\" content=\"V\u00e1y X\u00e1m B\u1ea1c Kim Tuy\u1ebfn Ph\u1ed1i Pha L\u00ea - Celeste\" \/>\n<meta property=\"og:description\" content=\"V\u00e1y X\u00e1m B\u1ea1c Kim Tuy\u1ebfn Ph\u1ed1i Pha L\u00ea n\u1ed5i b\u1eadt v\u1edbi thi\u1ebft k\u1ebf \u0111\u00ednh \u0111\u00e1 cao c\u1ea5p v\u00e0 t\u00f9ng voan t\u1ea7ng x\u00f2e r\u1ed9ng l\u1ed9ng l\u1eaby, t\u1ea1o n\u00ean s\u1ef1 r\u1ef1c r\u1ee1 v\u00e0 sang tr\u1ecdng..\" \/>\n<meta property=\"og:url\" content=\"https:\/\/shopthoitrang.azdigi.shop\/index.php\/product\/vay-xam-bac-kim-tuyen-phoi-pha-le\/\" \/>\n<meta property=\"og:site_name\" content=\"Celeste\" \/>\n<meta property=\"article:modified_time\" content=\"2026-03-28T23:52:03+00:00\" \/>\n<meta property=\"og:image\" content=\"https:\/\/shopthoitrang.azdigi.shop\/wp-content\/uploads\/2026\/03\/z7641994308768_15b68d7861b8d01ccb31e594a20aea10.jpg\" \/>\n\t<meta property=\"og:image:width\" content=\"735\" \/>\n\t<meta property=\"og:image:height\" content=\"977\" \/>\n\t<meta property=\"og:image:type\" content=\"image\/jpeg\" \/>\n<meta name=\"twitter:card\" content=\"summary_large_image\" \/>\n<meta name=\"twitter:label1\" content=\"Est. reading time\" \/>\n\t<meta name=\"twitter:data1\" content=\"1 minute\" \/>\n<script type=\"application\/ld+json\" class=\"yoast-schema-graph\">{\"@context\":\"https:\/\/schema.org\",\"@graph\":[{\"@type\":\"WebPage\",\"@id\":\"https:\/\/shopthoitrang.azdigi.shop\/index.php\/product\/vay-xam-bac-kim-tuyen-phoi-pha-le\/\",\"url\":\"https:\/\/shopthoitrang.azdigi.shop\/index.php\/product\/vay-xam-bac-kim-tuyen-phoi-pha-le\/\",\"name\":\"V\u00e1y X\u00e1m B\u1ea1c Kim Tuy\u1ebfn Ph\u1ed1i Pha L\u00ea - Celeste\",\"isPartOf\":{\"@id\":\"https:\/\/shopthoitrang.azdigi.shop\/#website\"},\"primaryImageOfPage\":{\"@id\":\"https:\/\/shopthoitrang.azdigi.shop\/index.php\/product\/vay-xam-bac-kim-tuyen-phoi-pha-le\/#primaryimage\"},\"image\":{\"@id\":\"https:\/\/shopthoitrang.azdigi.shop\/index.php\/product\/vay-xam-bac-kim-tuyen-phoi-pha-le\/#primaryimage\"},\"thumbnailUrl\":\"https:\/\/shopthoitrang.azdigi.shop\/wp-content\/uploads\/2026\/03\/z7641994308768_15b68d7861b8d01ccb31e594a20aea10.jpg\",\"datePublished\":\"2026-03-28T14:03:05+00:00\",\"dateModified\":\"2026-03-28T23:52:03+00:00\",\"description\":\"V\u00e1y X\u00e1m B\u1ea1c Kim Tuy\u1ebfn Ph\u1ed1i Pha L\u00ea n\u1ed5i b\u1eadt v\u1edbi thi\u1ebft k\u1ebf \u0111\u00ednh \u0111\u00e1 cao c\u1ea5p v\u00e0 t\u00f9ng voan t\u1ea7ng x\u00f2e r\u1ed9ng l\u1ed9ng l\u1eaby, t\u1ea1o n\u00ean s\u1ef1 r\u1ef1c r\u1ee1 v\u00e0 sang tr\u1ecdng..\",\"breadcrumb\":{\"@id\":\"https:\/\/shopthoitrang.azdigi.shop\/index.php\/product\/vay-xam-bac-kim-tuyen-phoi-pha-le\/#breadcrumb\"},\"inLanguage\":\"en-US\",\"potentialAction\":[{\"@type\":\"ReadAction\",\"target\":[\"https:\/\/shopthoitrang.azdigi.shop\/index.php\/product\/vay-xam-bac-kim-tuyen-phoi-pha-le\/\"]}]},{\"@type\":\"ImageObject\",\"inLanguage\":\"en-US\",\"@id\":\"https:\/\/shopthoitrang.azdigi.shop\/index.php\/product\/vay-xam-bac-kim-tuyen-phoi-pha-le\/#primaryimage\",\"url\":\"https:\/\/shopthoitrang.azdigi.shop\/wp-content\/uploads\/2026\/03\/z7641994308768_15b68d7861b8d01ccb31e594a20aea10.jpg\",\"contentUrl\":\"https:\/\/shopthoitrang.azdigi.shop\/wp-content\/uploads\/2026\/03\/z7641994308768_15b68d7861b8d01ccb31e594a20aea10.jpg\",\"width\":735,\"height\":977},{\"@type\":\"BreadcrumbList\",\"@id\":\"https:\/\/shopthoitrang.azdigi.shop\/index.php\/product\/vay-xam-bac-kim-tuyen-phoi-pha-le\/#breadcrumb\",\"itemListElement\":[{\"@type\":\"ListItem\",\"position\":1,\"name\":\"Home\",\"item\":\"https:\/\/shopthoitrang.azdigi.shop\/\"},{\"@type\":\"ListItem\",\"position\":2,\"name\":\"Shop\",\"item\":\"https:\/\/shopthoitrang.azdigi.shop\/index.php\/shop\/\"},{\"@type\":\"ListItem\",\"position\":3,\"name\":\"V\u00e1y X\u00e1m B\u1ea1c Kim Tuy\u1ebfn Ph\u1ed1i Pha L\u00ea\"}]},{\"@type\":\"WebSite\",\"@id\":\"https:\/\/shopthoitrang.azdigi.shop\/#website\",\"url\":\"https:\/\/shopthoitrang.azdigi.shop\/\",\"name\":\"Celeste\",\"description\":\"Shop n\u00e0ng th\u01a1\",\"potentialAction\":[{\"@type\":\"SearchAction\",\"target\":{\"@type\":\"EntryPoint\",\"urlTemplate\":\"https:\/\/shopthoitrang.azdigi.shop\/?s={search_term_string}\"},\"query-input\":{\"@type\":\"PropertyValueSpecification\",\"valueRequired\":true,\"valueName\":\"search_term_string\"}}],\"inLanguage\":\"en-US\"}]}<\/script>\n<!-- \/ Yoast SEO plugin. -->","yoast_head_json":{"title":"V\u00e1y X\u00e1m B\u1ea1c Kim Tuy\u1ebfn Ph\u1ed1i Pha L\u00ea - Celeste","description":"V\u00e1y X\u00e1m B\u1ea1c Kim Tuy\u1ebfn Ph\u1ed1i Pha L\u00ea n\u1ed5i b\u1eadt v\u1edbi thi\u1ebft k\u1ebf \u0111\u00ednh \u0111\u00e1 cao c\u1ea5p v\u00e0 t\u00f9ng voan t\u1ea7ng x\u00f2e r\u1ed9ng l\u1ed9ng l\u1eaby, t\u1ea1o n\u00ean s\u1ef1 r\u1ef1c r\u1ee1 v\u00e0 sang tr\u1ecdng..","robots":{"index":"index","follow":"follow","max-snippet":"max-snippet:-1","max-image-preview":"max-image-preview:large","max-video-preview":"max-video-preview:-1"},"canonical":"https:\/\/shopthoitrang.azdigi.shop\/index.php\/product\/vay-xam-bac-kim-tuyen-phoi-pha-le\/","og_locale":"en_US","og_type":"article","og_title":"V\u00e1y X\u00e1m B\u1ea1c Kim Tuy\u1ebfn Ph\u1ed1i Pha L\u00ea - Celeste","og_description":"V\u00e1y X\u00e1m B\u1ea1c Kim Tuy\u1ebfn Ph\u1ed1i Pha L\u00ea n\u1ed5i b\u1eadt v\u1edbi thi\u1ebft k\u1ebf \u0111\u00ednh \u0111\u00e1 cao c\u1ea5p v\u00e0 t\u00f9ng voan t\u1ea7ng x\u00f2e r\u1ed9ng l\u1ed9ng l\u1eaby, t\u1ea1o n\u00ean s\u1ef1 r\u1ef1c r\u1ee1 v\u00e0 sang tr\u1ecdng..","og_url":"https:\/\/shopthoitrang.azdigi.shop\/index.php\/product\/vay-xam-bac-kim-tuyen-phoi-pha-le\/","og_site_name":"Celeste","article_modified_time":"2026-03-28T23:52:03+00:00","og_image":[{"width":735,"height":977,"url":"https:\/\/shopthoitrang.azdigi.shop\/wp-content\/uploads\/2026\/03\/z7641994308768_15b68d7861b8d01ccb31e594a20aea10.jpg","type":"image\/jpeg"}],"twitter_card":"summary_large_image","twitter_misc":{"Est. reading time":"1 minute"},"schema":{"@context":"https:\/\/schema.org","@graph":[{"@type":"WebPage","@id":"https:\/\/shopthoitrang.azdigi.shop\/index.php\/product\/vay-xam-bac-kim-tuyen-phoi-pha-le\/","url":"https:\/\/shopthoitrang.azdigi.shop\/index.php\/product\/vay-xam-bac-kim-tuyen-phoi-pha-le\/","name":"V\u00e1y X\u00e1m B\u1ea1c Kim Tuy\u1ebfn Ph\u1ed1i Pha L\u00ea - Celeste","isPartOf":{"@id":"https:\/\/shopthoitrang.azdigi.shop\/#website"},"primaryImageOfPage":{"@id":"https:\/\/shopthoitrang.azdigi.shop\/index.php\/product\/vay-xam-bac-kim-tuyen-phoi-pha-le\/#primaryimage"},"image":{"@id":"https:\/\/shopthoitrang.azdigi.shop\/index.php\/product\/vay-xam-bac-kim-tuyen-phoi-pha-le\/#primaryimage"},"thumbnailUrl":"https:\/\/shopthoitrang.azdigi.shop\/wp-content\/uploads\/2026\/03\/z7641994308768_15b68d7861b8d01ccb31e594a20aea10.jpg","datePublished":"2026-03-28T14:03:05+00:00","dateModified":"2026-03-28T23:52:03+00:00","description":"V\u00e1y X\u00e1m B\u1ea1c Kim Tuy\u1ebfn Ph\u1ed1i Pha L\u00ea n\u1ed5i b\u1eadt v\u1edbi thi\u1ebft k\u1ebf \u0111\u00ednh \u0111\u00e1 cao c\u1ea5p v\u00e0 t\u00f9ng voan t\u1ea7ng x\u00f2e r\u1ed9ng l\u1ed9ng l\u1eaby, t\u1ea1o n\u00ean s\u1ef1 r\u1ef1c r\u1ee1 v\u00e0 sang tr\u1ecdng..","breadcrumb":{"@id":"https:\/\/shopthoitrang.azdigi.shop\/index.php\/product\/vay-xam-bac-kim-tuyen-phoi-pha-le\/#breadcrumb"},"inLanguage":"en-US","potentialAction":[{"@type":"ReadAction","target":["https:\/\/shopthoitrang.azdigi.shop\/index.php\/product\/vay-xam-bac-kim-tuyen-phoi-pha-le\/"]}]},{"@type":"ImageObject","inLanguage":"en-US","@id":"https:\/\/shopthoitrang.azdigi.shop\/index.php\/product\/vay-xam-bac-kim-tuyen-phoi-pha-le\/#primaryimage","url":"https:\/\/shopthoitrang.azdigi.shop\/wp-content\/uploads\/2026\/03\/z7641994308768_15b68d7861b8d01ccb31e594a20aea10.jpg","contentUrl":"https:\/\/shopthoitrang.azdigi.shop\/wp-content\/uploads\/2026\/03\/z7641994308768_15b68d7861b8d01ccb31e594a20aea10.jpg","width":735,"height":977},{"@type":"BreadcrumbList","@id":"https:\/\/shopthoitrang.azdigi.shop\/index.php\/product\/vay-xam-bac-kim-tuyen-phoi-pha-le\/#breadcrumb","itemListElement":[{"@type":"ListItem","position":1,"name":"Home","item":"https:\/\/shopthoitrang.azdigi.shop\/"},{"@type":"ListItem","position":2,"name":"Shop","item":"https:\/\/shopthoitrang.azdigi.shop\/index.php\/shop\/"},{"@type":"ListItem","position":3,"name":"V\u00e1y X\u00e1m B\u1ea1c Kim Tuy\u1ebfn Ph\u1ed1i Pha L\u00ea"}]},{"@type":"WebSite","@id":"https:\/\/shopthoitrang.azdigi.shop\/#website","url":"https:\/\/shopthoitrang.azdigi.shop\/","name":"Celeste","description":"Shop n\u00e0ng th\u01a1","potentialAction":[{"@type":"SearchAction","target":{"@type":"EntryPoint","urlTemplate":"https:\/\/shopthoitrang.azdigi.shop\/?s={search_term_string}"},"query-input":{"@type":"PropertyValueSpecification","valueRequired":true,"valueName":"search_term_string"}}],"inLanguage":"en-US"}]}},"jetpack_sharing_enabled":true,"_links":{"self":[{"href":"https:\/\/shopthoitrang.azdigi.shop\/index.php\/wp-json\/wp\/v2\/product\/322","targetHints":{"allow":["GET"]}}],"collection":[{"href":"https:\/\/shopthoitrang.azdigi.shop\/index.php\/wp-json\/wp\/v2\/product"}],"about":[{"href":"https:\/\/shopthoitrang.azdigi.shop\/index.php\/wp-json\/wp\/v2\/types\/product"}],"replies":[{"embeddable":true,"href":"https:\/\/shopthoitrang.azdigi.shop\/index.php\/wp-json\/wp\/v2\/comments?post=322"}],"wp:featuredmedia":[{"embeddable":true,"href":"https:\/\/shopthoitrang.azdigi.shop\/index.php\/wp-json\/wp\/v2\/media\/323"}],"wp:attachment":[{"href":"https:\/\/shopthoitrang.azdigi.shop\/index.php\/wp-json\/wp\/v2\/media?parent=322"}],"wp:term":[{"taxonomy":"product_brand","embeddable":true,"href":"https:\/\/shopthoitrang.azdigi.shop\/index.php\/wp-json\/wp\/v2\/product_brand?post=322"},{"taxonomy":"product_cat","embeddable":true,"href":"https:\/\/shopthoitrang.azdigi.shop\/index.php\/wp-json\/wp\/v2\/product_cat?post=322"},{"taxonomy":"product_tag","embeddable":true,"href":"https:\/\/shopthoitrang.azdigi.shop\/index.php\/wp-json\/wp\/v2\/product_tag?post=322"}],"curies":[{"name":"wp","href":"https:\/\/api.w.org\/{rel}","templated":true}]}}