{"id":303,"date":"2026-03-28T13:29:38","date_gmt":"2026-03-28T13:29:38","guid":{"rendered":"https:\/\/shopthoitrang.azdigi.shop\/?post_type=product&#038;p=303"},"modified":"2026-03-28T13:29:38","modified_gmt":"2026-03-28T13:29:38","slug":"vay-denim-corset-dan-day","status":"publish","type":"product","link":"https:\/\/shopthoitrang.azdigi.shop\/index.php\/product\/vay-denim-corset-dan-day\/","title":{"rendered":"V\u00e1y Denim Corset \u0110an D\u00e2y"},"content":{"rendered":"<p><b data-path-to-node=\"2\" data-index-in-node=\"0\">V\u00e1y Denim Corset \u0110an D\u00e2y<\/b> l\u00e0 s\u1ef1 giao thoa ho\u00e0n h\u1ea3o gi\u1eefa ch\u1ea5t li\u1ec7u denim b\u1ee5i b\u1eb7m v\u00e0 phom d\u00e1ng corset quy\u1ebfn r\u0169, mang \u0111\u1ebfn v\u1ebb ngo\u00e0i \u0111\u1ea7y l\u00f4i cu\u1ed1n cho ph\u00e1i \u0111\u1eb9p. Thi\u1ebft k\u1ebf g\u00e2y \u1ea5n t\u01b0\u1ee3ng m\u1ea1nh v\u1edbi chi ti\u1ebft \u0111an d\u00e2y d\u1ecdc th\u00e2n tr\u01b0\u1edbc, kh\u00f4ng ch\u1ec9 t\u1ea1o \u0111i\u1ec3m nh\u1ea5n phong c\u00e1ch m\u00e0 c\u00f2n gi\u00fap \u0111\u1ecbnh h\u00ecnh v\u00f2ng eo thon g\u1ecdn, t\u00f4n l\u00ean \u0111\u01b0\u1eddng cong c\u01a1 th\u1ec3 m\u1ed9t c\u00e1ch tinh t\u1ebf. Ki\u1ec3u d\u00e1ng c\u00fap ng\u1ef1c tr\u1ebb trung k\u1ebft h\u1ee3p c\u00f9ng t\u00f9ng v\u00e1y x\u00f2e b\u1ed3ng b\u1ec1nh t\u1ea1o n\u00ean s\u1ef1 c\u00e2n b\u1eb1ng gi\u1eefa n\u00e9t m\u1ea1nh m\u1ebd v\u00e0 s\u1ef1 n\u1eef t\u00ednh. V\u00e1y Denim Corset \u0110an D\u00e2y ch\u00ednh l\u00e0 l\u1ef1a ch\u1ecdn l\u00fd t\u01b0\u1edfng \u0111\u1ec3 b\u1ea1n t\u1ef1 tin xu\u1ed1ng ph\u1ed1, \u0111i ch\u01a1i hay tham gia c\u00e1c bu\u1ed5i ti\u1ec7c s\u00f4i \u0111\u1ed9ng c\u00f9ng b\u1ea1n b\u00e8.<\/p>\n","protected":false},"excerpt":{"rendered":"<p>V\u00e1y Denim Corset \u0110an D\u00e2y l\u00e0 s\u1ef1 giao thoa ho\u00e0n h\u1ea3o gi\u1eefa ch\u1ea5t li\u1ec7u denim b\u1ee5i b\u1eb7m v\u00e0 phom d\u00e1ng corset quy\u1ebfn r\u0169, mang \u0111\u1ebfn v\u1ebb ngo\u00e0i \u0111\u1ea7y l\u00f4i cu\u1ed1n cho ph\u00e1i \u0111\u1eb9p. Thi\u1ebft k\u1ebf g\u00e2y \u1ea5n t\u01b0\u1ee3ng m\u1ea1nh v\u1edbi chi ti\u1ebft \u0111an d\u00e2y d\u1ecdc th\u00e2n tr\u01b0\u1edbc, kh\u00f4ng ch\u1ec9 t\u1ea1o \u0111i\u1ec3m nh\u1ea5n phong c\u00e1ch m\u00e0 [&#8230;]\n","protected":false},"featured_media":304,"comment_status":"open","ping_status":"closed","template":"","meta":[],"product_brand":[],"product_cat":[16],"product_tag":[],"class_list":{"0":"post-303","1":"product","2":"type-product","3":"status-publish","4":"has-post-thumbnail","6":"product_cat-uncategorized","8":"first","9":"instock","10":"shipping-taxable","11":"purchasable","12":"product-type-variable"},"yoast_head":"<!-- This site is optimized with the Yoast SEO plugin v27.2 - https:\/\/yoast.com\/product\/yoast-seo-wordpress\/ -->\n<title>V\u00e1y Denim Corset \u0110an D\u00e2y - Celeste<\/title>\n<meta name=\"description\" content=\"V\u00e1y Denim Corset \u0110an D\u00e2y s\u1edf h\u1eefu ch\u1ea5t li\u1ec7u jean cao c\u1ea5p ph\u1ed1i d\u00e2y \u0111an c\u00e1 t\u00ednh, gi\u00fap t\u00f4n vinh v\u00f3c d\u00e1ng v\u00e0 phong c\u00e1ch hi\u1ec7n \u0111\u1ea1i.\" \/>\n<meta name=\"robots\" content=\"index, follow, max-snippet:-1, max-image-preview:large, max-video-preview:-1\" \/>\n<link rel=\"canonical\" href=\"https:\/\/shopthoitrang.azdigi.shop\/index.php\/product\/vay-denim-corset-dan-day\/\" \/>\n<meta property=\"og:locale\" content=\"en_US\" \/>\n<meta property=\"og:type\" content=\"article\" \/>\n<meta property=\"og:title\" content=\"V\u00e1y Denim Corset \u0110an D\u00e2y - Celeste\" \/>\n<meta property=\"og:description\" content=\"V\u00e1y Denim Corset \u0110an D\u00e2y s\u1edf h\u1eefu ch\u1ea5t li\u1ec7u jean cao c\u1ea5p ph\u1ed1i d\u00e2y \u0111an c\u00e1 t\u00ednh, gi\u00fap t\u00f4n vinh v\u00f3c d\u00e1ng v\u00e0 phong c\u00e1ch hi\u1ec7n \u0111\u1ea1i.\" \/>\n<meta property=\"og:url\" content=\"https:\/\/shopthoitrang.azdigi.shop\/index.php\/product\/vay-denim-corset-dan-day\/\" \/>\n<meta property=\"og:site_name\" content=\"Celeste\" \/>\n<meta property=\"og:image\" content=\"https:\/\/shopthoitrang.azdigi.shop\/wp-content\/uploads\/2026\/03\/z7667690800072_1a05692695d3b5c710e8fef2c1992730.jpg\" \/>\n\t<meta property=\"og:image:width\" content=\"736\" \/>\n\t<meta property=\"og:image:height\" content=\"981\" \/>\n\t<meta property=\"og:image:type\" content=\"image\/jpeg\" \/>\n<meta name=\"twitter:card\" content=\"summary_large_image\" \/>\n<meta name=\"twitter:label1\" content=\"Est. reading time\" \/>\n\t<meta name=\"twitter:data1\" content=\"1 minute\" \/>\n<script type=\"application\/ld+json\" class=\"yoast-schema-graph\">{\"@context\":\"https:\/\/schema.org\",\"@graph\":[{\"@type\":\"WebPage\",\"@id\":\"https:\/\/shopthoitrang.azdigi.shop\/index.php\/product\/vay-denim-corset-dan-day\/\",\"url\":\"https:\/\/shopthoitrang.azdigi.shop\/index.php\/product\/vay-denim-corset-dan-day\/\",\"name\":\"V\u00e1y Denim Corset \u0110an D\u00e2y - Celeste\",\"isPartOf\":{\"@id\":\"https:\/\/shopthoitrang.azdigi.shop\/#website\"},\"primaryImageOfPage\":{\"@id\":\"https:\/\/shopthoitrang.azdigi.shop\/index.php\/product\/vay-denim-corset-dan-day\/#primaryimage\"},\"image\":{\"@id\":\"https:\/\/shopthoitrang.azdigi.shop\/index.php\/product\/vay-denim-corset-dan-day\/#primaryimage\"},\"thumbnailUrl\":\"https:\/\/shopthoitrang.azdigi.shop\/wp-content\/uploads\/2026\/03\/z7667690800072_1a05692695d3b5c710e8fef2c1992730.jpg\",\"datePublished\":\"2026-03-28T13:29:38+00:00\",\"description\":\"V\u00e1y Denim Corset \u0110an D\u00e2y s\u1edf h\u1eefu ch\u1ea5t li\u1ec7u jean cao c\u1ea5p ph\u1ed1i d\u00e2y \u0111an c\u00e1 t\u00ednh, gi\u00fap t\u00f4n vinh v\u00f3c d\u00e1ng v\u00e0 phong c\u00e1ch hi\u1ec7n \u0111\u1ea1i.\",\"breadcrumb\":{\"@id\":\"https:\/\/shopthoitrang.azdigi.shop\/index.php\/product\/vay-denim-corset-dan-day\/#breadcrumb\"},\"inLanguage\":\"en-US\",\"potentialAction\":[{\"@type\":\"ReadAction\",\"target\":[\"https:\/\/shopthoitrang.azdigi.shop\/index.php\/product\/vay-denim-corset-dan-day\/\"]}]},{\"@type\":\"ImageObject\",\"inLanguage\":\"en-US\",\"@id\":\"https:\/\/shopthoitrang.azdigi.shop\/index.php\/product\/vay-denim-corset-dan-day\/#primaryimage\",\"url\":\"https:\/\/shopthoitrang.azdigi.shop\/wp-content\/uploads\/2026\/03\/z7667690800072_1a05692695d3b5c710e8fef2c1992730.jpg\",\"contentUrl\":\"https:\/\/shopthoitrang.azdigi.shop\/wp-content\/uploads\/2026\/03\/z7667690800072_1a05692695d3b5c710e8fef2c1992730.jpg\",\"width\":736,\"height\":981},{\"@type\":\"BreadcrumbList\",\"@id\":\"https:\/\/shopthoitrang.azdigi.shop\/index.php\/product\/vay-denim-corset-dan-day\/#breadcrumb\",\"itemListElement\":[{\"@type\":\"ListItem\",\"position\":1,\"name\":\"Home\",\"item\":\"https:\/\/shopthoitrang.azdigi.shop\/\"},{\"@type\":\"ListItem\",\"position\":2,\"name\":\"Shop\",\"item\":\"https:\/\/shopthoitrang.azdigi.shop\/index.php\/shop\/\"},{\"@type\":\"ListItem\",\"position\":3,\"name\":\"V\u00e1y Denim Corset \u0110an D\u00e2y\"}]},{\"@type\":\"WebSite\",\"@id\":\"https:\/\/shopthoitrang.azdigi.shop\/#website\",\"url\":\"https:\/\/shopthoitrang.azdigi.shop\/\",\"name\":\"Celeste\",\"description\":\"Shop n\u00e0ng th\u01a1\",\"potentialAction\":[{\"@type\":\"SearchAction\",\"target\":{\"@type\":\"EntryPoint\",\"urlTemplate\":\"https:\/\/shopthoitrang.azdigi.shop\/?s={search_term_string}\"},\"query-input\":{\"@type\":\"PropertyValueSpecification\",\"valueRequired\":true,\"valueName\":\"search_term_string\"}}],\"inLanguage\":\"en-US\"}]}<\/script>\n<!-- \/ Yoast SEO plugin. -->","yoast_head_json":{"title":"V\u00e1y Denim Corset \u0110an D\u00e2y - Celeste","description":"V\u00e1y Denim Corset \u0110an D\u00e2y s\u1edf h\u1eefu ch\u1ea5t li\u1ec7u jean cao c\u1ea5p ph\u1ed1i d\u00e2y \u0111an c\u00e1 t\u00ednh, gi\u00fap t\u00f4n vinh v\u00f3c d\u00e1ng v\u00e0 phong c\u00e1ch hi\u1ec7n \u0111\u1ea1i.","robots":{"index":"index","follow":"follow","max-snippet":"max-snippet:-1","max-image-preview":"max-image-preview:large","max-video-preview":"max-video-preview:-1"},"canonical":"https:\/\/shopthoitrang.azdigi.shop\/index.php\/product\/vay-denim-corset-dan-day\/","og_locale":"en_US","og_type":"article","og_title":"V\u00e1y Denim Corset \u0110an D\u00e2y - Celeste","og_description":"V\u00e1y Denim Corset \u0110an D\u00e2y s\u1edf h\u1eefu ch\u1ea5t li\u1ec7u jean cao c\u1ea5p ph\u1ed1i d\u00e2y \u0111an c\u00e1 t\u00ednh, gi\u00fap t\u00f4n vinh v\u00f3c d\u00e1ng v\u00e0 phong c\u00e1ch hi\u1ec7n \u0111\u1ea1i.","og_url":"https:\/\/shopthoitrang.azdigi.shop\/index.php\/product\/vay-denim-corset-dan-day\/","og_site_name":"Celeste","og_image":[{"width":736,"height":981,"url":"https:\/\/shopthoitrang.azdigi.shop\/wp-content\/uploads\/2026\/03\/z7667690800072_1a05692695d3b5c710e8fef2c1992730.jpg","type":"image\/jpeg"}],"twitter_card":"summary_large_image","twitter_misc":{"Est. reading time":"1 minute"},"schema":{"@context":"https:\/\/schema.org","@graph":[{"@type":"WebPage","@id":"https:\/\/shopthoitrang.azdigi.shop\/index.php\/product\/vay-denim-corset-dan-day\/","url":"https:\/\/shopthoitrang.azdigi.shop\/index.php\/product\/vay-denim-corset-dan-day\/","name":"V\u00e1y Denim Corset \u0110an D\u00e2y - Celeste","isPartOf":{"@id":"https:\/\/shopthoitrang.azdigi.shop\/#website"},"primaryImageOfPage":{"@id":"https:\/\/shopthoitrang.azdigi.shop\/index.php\/product\/vay-denim-corset-dan-day\/#primaryimage"},"image":{"@id":"https:\/\/shopthoitrang.azdigi.shop\/index.php\/product\/vay-denim-corset-dan-day\/#primaryimage"},"thumbnailUrl":"https:\/\/shopthoitrang.azdigi.shop\/wp-content\/uploads\/2026\/03\/z7667690800072_1a05692695d3b5c710e8fef2c1992730.jpg","datePublished":"2026-03-28T13:29:38+00:00","description":"V\u00e1y Denim Corset \u0110an D\u00e2y s\u1edf h\u1eefu ch\u1ea5t li\u1ec7u jean cao c\u1ea5p ph\u1ed1i d\u00e2y \u0111an c\u00e1 t\u00ednh, gi\u00fap t\u00f4n vinh v\u00f3c d\u00e1ng v\u00e0 phong c\u00e1ch hi\u1ec7n \u0111\u1ea1i.","breadcrumb":{"@id":"https:\/\/shopthoitrang.azdigi.shop\/index.php\/product\/vay-denim-corset-dan-day\/#breadcrumb"},"inLanguage":"en-US","potentialAction":[{"@type":"ReadAction","target":["https:\/\/shopthoitrang.azdigi.shop\/index.php\/product\/vay-denim-corset-dan-day\/"]}]},{"@type":"ImageObject","inLanguage":"en-US","@id":"https:\/\/shopthoitrang.azdigi.shop\/index.php\/product\/vay-denim-corset-dan-day\/#primaryimage","url":"https:\/\/shopthoitrang.azdigi.shop\/wp-content\/uploads\/2026\/03\/z7667690800072_1a05692695d3b5c710e8fef2c1992730.jpg","contentUrl":"https:\/\/shopthoitrang.azdigi.shop\/wp-content\/uploads\/2026\/03\/z7667690800072_1a05692695d3b5c710e8fef2c1992730.jpg","width":736,"height":981},{"@type":"BreadcrumbList","@id":"https:\/\/shopthoitrang.azdigi.shop\/index.php\/product\/vay-denim-corset-dan-day\/#breadcrumb","itemListElement":[{"@type":"ListItem","position":1,"name":"Home","item":"https:\/\/shopthoitrang.azdigi.shop\/"},{"@type":"ListItem","position":2,"name":"Shop","item":"https:\/\/shopthoitrang.azdigi.shop\/index.php\/shop\/"},{"@type":"ListItem","position":3,"name":"V\u00e1y Denim Corset \u0110an D\u00e2y"}]},{"@type":"WebSite","@id":"https:\/\/shopthoitrang.azdigi.shop\/#website","url":"https:\/\/shopthoitrang.azdigi.shop\/","name":"Celeste","description":"Shop n\u00e0ng th\u01a1","potentialAction":[{"@type":"SearchAction","target":{"@type":"EntryPoint","urlTemplate":"https:\/\/shopthoitrang.azdigi.shop\/?s={search_term_string}"},"query-input":{"@type":"PropertyValueSpecification","valueRequired":true,"valueName":"search_term_string"}}],"inLanguage":"en-US"}]}},"jetpack_sharing_enabled":true,"_links":{"self":[{"href":"https:\/\/shopthoitrang.azdigi.shop\/index.php\/wp-json\/wp\/v2\/product\/303","targetHints":{"allow":["GET"]}}],"collection":[{"href":"https:\/\/shopthoitrang.azdigi.shop\/index.php\/wp-json\/wp\/v2\/product"}],"about":[{"href":"https:\/\/shopthoitrang.azdigi.shop\/index.php\/wp-json\/wp\/v2\/types\/product"}],"replies":[{"embeddable":true,"href":"https:\/\/shopthoitrang.azdigi.shop\/index.php\/wp-json\/wp\/v2\/comments?post=303"}],"wp:featuredmedia":[{"embeddable":true,"href":"https:\/\/shopthoitrang.azdigi.shop\/index.php\/wp-json\/wp\/v2\/media\/304"}],"wp:attachment":[{"href":"https:\/\/shopthoitrang.azdigi.shop\/index.php\/wp-json\/wp\/v2\/media?parent=303"}],"wp:term":[{"taxonomy":"product_brand","embeddable":true,"href":"https:\/\/shopthoitrang.azdigi.shop\/index.php\/wp-json\/wp\/v2\/product_brand?post=303"},{"taxonomy":"product_cat","embeddable":true,"href":"https:\/\/shopthoitrang.azdigi.shop\/index.php\/wp-json\/wp\/v2\/product_cat?post=303"},{"taxonomy":"product_tag","embeddable":true,"href":"https:\/\/shopthoitrang.azdigi.shop\/index.php\/wp-json\/wp\/v2\/product_tag?post=303"}],"curies":[{"name":"wp","href":"https:\/\/api.w.org\/{rel}","templated":true}]}}