{"id":290,"date":"2026-03-28T13:18:34","date_gmt":"2026-03-28T13:18:34","guid":{"rendered":"https:\/\/shopthoitrang.azdigi.shop\/?post_type=product&#038;p=290"},"modified":"2026-03-28T13:18:34","modified_gmt":"2026-03-28T13:18:34","slug":"vay-ballet-cup-nguc-phoi-voan","status":"publish","type":"product","link":"https:\/\/shopthoitrang.azdigi.shop\/index.php\/product\/vay-ballet-cup-nguc-phoi-voan\/","title":{"rendered":"V\u00e1y Ballet C\u00fap Ng\u1ef1c Ph\u1ed1i Voan"},"content":{"rendered":"<p><b data-path-to-node=\"2\" data-index-in-node=\"0\">V\u00e1y Ballet C\u00fap Ng\u1ef1c Ph\u1ed1i Voan<\/b> l\u00e0 s\u1ef1 l\u1ef1a ch\u1ecdn ho\u00e0n h\u1ea3o cho nh\u1eefng c\u00f4 n\u00e0ng theo \u0111u\u1ed5i phong c\u00e1ch Balletcore \u0111i\u1ec7u \u0111\u00e0 v\u00e0 l\u00e3ng m\u1ea1n. Thi\u1ebft k\u1ebf g\u00e2y \u1ea5n t\u01b0\u1ee3ng ngay t\u1eeb c\u00e1i nh\u00ecn \u0111\u1ea7u ti\u00ean v\u1edbi t\u00f4ng m\u00e0u tr\u1eafng kem n\u1ec1n n\u00e3 v\u00e0 chi ti\u1ebft c\u00fap ng\u1ef1c ph\u1ed1i n\u01a1 to b\u1ea3n c\u1ef1c k\u1ef3 n\u1eef t\u00ednh. \u0110i\u1ec3m nh\u1ea5n \u0111\u1eaft gi\u00e1 c\u1ee7a b\u1ed9 trang ph\u1ee5c n\u1eb1m \u1edf ph\u1ea7n t\u00f9ng v\u00e1y \u0111\u01b0\u1ee3c ph\u1ed1i nhi\u1ec1u l\u1edbp voan m\u1ecfng x\u1ebfp t\u1ea7ng b\u1ed3ng b\u1ec1nh, t\u1ea1o \u0111\u1ed9 x\u00f2e ho\u00e0n h\u1ea3o v\u00e0 s\u1ef1 th\u01b0\u1edbt tha trong t\u1eebng b\u01b0\u1edbc di chuy\u1ec3n. Chi ti\u1ebft tr\u1ec5 vai nh\u1eb9 nh\u00e0ng mang l\u1ea1i v\u1ebb ngo\u00e0i v\u1eeba g\u1ee3i c\u1ea3m v\u1eeba tinh kh\u00f4i. V\u00e1y Ballet C\u00fap Ng\u1ef1c Ph\u1ed1i Voan ch\u00ednh l\u00e0 tuy\u00ean ng\u00f4n th\u1eddi trang gi\u00fap b\u1ea1n t\u1ecfa s\u00e1ng r\u1ef1c r\u1ee1 v\u00e0 tr\u1edf th\u00e0nh t\u00e2m \u0111i\u1ec3m trong m\u1ecdi bu\u1ed5i ti\u1ec7c t\u1ed1i hay d\u1ea1o ph\u1ed1.<\/p>\n","protected":false},"excerpt":{"rendered":"<p>V\u00e1y Ballet C\u00fap Ng\u1ef1c Ph\u1ed1i Voan l\u00e0 s\u1ef1 l\u1ef1a ch\u1ecdn ho\u00e0n h\u1ea3o cho nh\u1eefng c\u00f4 n\u00e0ng theo \u0111u\u1ed5i phong c\u00e1ch Balletcore \u0111i\u1ec7u \u0111\u00e0 v\u00e0 l\u00e3ng m\u1ea1n. Thi\u1ebft k\u1ebf g\u00e2y \u1ea5n t\u01b0\u1ee3ng ngay t\u1eeb c\u00e1i nh\u00ecn \u0111\u1ea7u ti\u00ean v\u1edbi t\u00f4ng m\u00e0u tr\u1eafng kem n\u1ec1n n\u00e3 v\u00e0 chi ti\u1ebft c\u00fap ng\u1ef1c ph\u1ed1i n\u01a1 to b\u1ea3n c\u1ef1c k\u1ef3 [&#8230;]\n","protected":false},"featured_media":291,"comment_status":"open","ping_status":"closed","template":"","meta":[],"product_brand":[],"product_cat":[16],"product_tag":[],"class_list":{"0":"post-290","1":"product","2":"type-product","3":"status-publish","4":"has-post-thumbnail","6":"product_cat-uncategorized","8":"first","9":"instock","10":"shipping-taxable","11":"purchasable","12":"product-type-variable"},"yoast_head":"<!-- This site is optimized with the Yoast SEO plugin v27.2 - https:\/\/yoast.com\/product\/yoast-seo-wordpress\/ -->\n<title>V\u00e1y Ballet C\u00fap Ng\u1ef1c Ph\u1ed1i Voan - Celeste<\/title>\n<meta name=\"description\" content=\"V\u00e1y Ballet C\u00fap Ng\u1ef1c Ph\u1ed1i Voan s\u1edf h\u1eefu thi\u1ebft k\u1ebf c\u00fap ng\u1ef1c ph\u1ed1i n\u01a1 tinh t\u1ebf v\u00e0 t\u00f9ng v\u00e1y voan x\u1ebfp t\u1ea7ng b\u1ed3ng b\u1ec1nh, mang l\u1ea1i v\u1ebb ngo\u00e0i chu\u1ea9n n\u00e0ng th\u01a1.\" \/>\n<meta name=\"robots\" content=\"index, follow, max-snippet:-1, max-image-preview:large, max-video-preview:-1\" \/>\n<link rel=\"canonical\" href=\"https:\/\/shopthoitrang.azdigi.shop\/index.php\/product\/vay-ballet-cup-nguc-phoi-voan\/\" \/>\n<meta property=\"og:locale\" content=\"en_US\" \/>\n<meta property=\"og:type\" content=\"article\" \/>\n<meta property=\"og:title\" content=\"V\u00e1y Ballet C\u00fap Ng\u1ef1c Ph\u1ed1i Voan - Celeste\" \/>\n<meta property=\"og:description\" content=\"V\u00e1y Ballet C\u00fap Ng\u1ef1c Ph\u1ed1i Voan s\u1edf h\u1eefu thi\u1ebft k\u1ebf c\u00fap ng\u1ef1c ph\u1ed1i n\u01a1 tinh t\u1ebf v\u00e0 t\u00f9ng v\u00e1y voan x\u1ebfp t\u1ea7ng b\u1ed3ng b\u1ec1nh, mang l\u1ea1i v\u1ebb ngo\u00e0i chu\u1ea9n n\u00e0ng th\u01a1.\" \/>\n<meta property=\"og:url\" content=\"https:\/\/shopthoitrang.azdigi.shop\/index.php\/product\/vay-ballet-cup-nguc-phoi-voan\/\" \/>\n<meta property=\"og:site_name\" content=\"Celeste\" \/>\n<meta property=\"og:image\" content=\"https:\/\/shopthoitrang.azdigi.shop\/wp-content\/uploads\/2026\/03\/z7667685648834_a172328d9d567de04fc6e6087d727a73.jpg\" \/>\n\t<meta property=\"og:image:width\" content=\"736\" \/>\n\t<meta property=\"og:image:height\" content=\"552\" \/>\n\t<meta property=\"og:image:type\" content=\"image\/jpeg\" \/>\n<meta name=\"twitter:card\" content=\"summary_large_image\" \/>\n<meta name=\"twitter:label1\" content=\"Est. reading time\" \/>\n\t<meta name=\"twitter:data1\" content=\"1 minute\" \/>\n<script type=\"application\/ld+json\" class=\"yoast-schema-graph\">{\"@context\":\"https:\/\/schema.org\",\"@graph\":[{\"@type\":\"WebPage\",\"@id\":\"https:\/\/shopthoitrang.azdigi.shop\/index.php\/product\/vay-ballet-cup-nguc-phoi-voan\/\",\"url\":\"https:\/\/shopthoitrang.azdigi.shop\/index.php\/product\/vay-ballet-cup-nguc-phoi-voan\/\",\"name\":\"V\u00e1y Ballet C\u00fap Ng\u1ef1c Ph\u1ed1i Voan - Celeste\",\"isPartOf\":{\"@id\":\"https:\/\/shopthoitrang.azdigi.shop\/#website\"},\"primaryImageOfPage\":{\"@id\":\"https:\/\/shopthoitrang.azdigi.shop\/index.php\/product\/vay-ballet-cup-nguc-phoi-voan\/#primaryimage\"},\"image\":{\"@id\":\"https:\/\/shopthoitrang.azdigi.shop\/index.php\/product\/vay-ballet-cup-nguc-phoi-voan\/#primaryimage\"},\"thumbnailUrl\":\"https:\/\/shopthoitrang.azdigi.shop\/wp-content\/uploads\/2026\/03\/z7667685648834_a172328d9d567de04fc6e6087d727a73.jpg\",\"datePublished\":\"2026-03-28T13:18:34+00:00\",\"description\":\"V\u00e1y Ballet C\u00fap Ng\u1ef1c Ph\u1ed1i Voan s\u1edf h\u1eefu thi\u1ebft k\u1ebf c\u00fap ng\u1ef1c ph\u1ed1i n\u01a1 tinh t\u1ebf v\u00e0 t\u00f9ng v\u00e1y voan x\u1ebfp t\u1ea7ng b\u1ed3ng b\u1ec1nh, mang l\u1ea1i v\u1ebb ngo\u00e0i chu\u1ea9n n\u00e0ng th\u01a1.\",\"breadcrumb\":{\"@id\":\"https:\/\/shopthoitrang.azdigi.shop\/index.php\/product\/vay-ballet-cup-nguc-phoi-voan\/#breadcrumb\"},\"inLanguage\":\"en-US\",\"potentialAction\":[{\"@type\":\"ReadAction\",\"target\":[\"https:\/\/shopthoitrang.azdigi.shop\/index.php\/product\/vay-ballet-cup-nguc-phoi-voan\/\"]}]},{\"@type\":\"ImageObject\",\"inLanguage\":\"en-US\",\"@id\":\"https:\/\/shopthoitrang.azdigi.shop\/index.php\/product\/vay-ballet-cup-nguc-phoi-voan\/#primaryimage\",\"url\":\"https:\/\/shopthoitrang.azdigi.shop\/wp-content\/uploads\/2026\/03\/z7667685648834_a172328d9d567de04fc6e6087d727a73.jpg\",\"contentUrl\":\"https:\/\/shopthoitrang.azdigi.shop\/wp-content\/uploads\/2026\/03\/z7667685648834_a172328d9d567de04fc6e6087d727a73.jpg\",\"width\":736,\"height\":552},{\"@type\":\"BreadcrumbList\",\"@id\":\"https:\/\/shopthoitrang.azdigi.shop\/index.php\/product\/vay-ballet-cup-nguc-phoi-voan\/#breadcrumb\",\"itemListElement\":[{\"@type\":\"ListItem\",\"position\":1,\"name\":\"Home\",\"item\":\"https:\/\/shopthoitrang.azdigi.shop\/\"},{\"@type\":\"ListItem\",\"position\":2,\"name\":\"Shop\",\"item\":\"https:\/\/shopthoitrang.azdigi.shop\/index.php\/shop\/\"},{\"@type\":\"ListItem\",\"position\":3,\"name\":\"V\u00e1y Ballet C\u00fap Ng\u1ef1c Ph\u1ed1i Voan\"}]},{\"@type\":\"WebSite\",\"@id\":\"https:\/\/shopthoitrang.azdigi.shop\/#website\",\"url\":\"https:\/\/shopthoitrang.azdigi.shop\/\",\"name\":\"Celeste\",\"description\":\"Shop n\u00e0ng th\u01a1\",\"potentialAction\":[{\"@type\":\"SearchAction\",\"target\":{\"@type\":\"EntryPoint\",\"urlTemplate\":\"https:\/\/shopthoitrang.azdigi.shop\/?s={search_term_string}\"},\"query-input\":{\"@type\":\"PropertyValueSpecification\",\"valueRequired\":true,\"valueName\":\"search_term_string\"}}],\"inLanguage\":\"en-US\"}]}<\/script>\n<!-- \/ Yoast SEO plugin. -->","yoast_head_json":{"title":"V\u00e1y Ballet C\u00fap Ng\u1ef1c Ph\u1ed1i Voan - Celeste","description":"V\u00e1y Ballet C\u00fap Ng\u1ef1c Ph\u1ed1i Voan s\u1edf h\u1eefu thi\u1ebft k\u1ebf c\u00fap ng\u1ef1c ph\u1ed1i n\u01a1 tinh t\u1ebf v\u00e0 t\u00f9ng v\u00e1y voan x\u1ebfp t\u1ea7ng b\u1ed3ng b\u1ec1nh, mang l\u1ea1i v\u1ebb ngo\u00e0i chu\u1ea9n n\u00e0ng th\u01a1.","robots":{"index":"index","follow":"follow","max-snippet":"max-snippet:-1","max-image-preview":"max-image-preview:large","max-video-preview":"max-video-preview:-1"},"canonical":"https:\/\/shopthoitrang.azdigi.shop\/index.php\/product\/vay-ballet-cup-nguc-phoi-voan\/","og_locale":"en_US","og_type":"article","og_title":"V\u00e1y Ballet C\u00fap Ng\u1ef1c Ph\u1ed1i Voan - Celeste","og_description":"V\u00e1y Ballet C\u00fap Ng\u1ef1c Ph\u1ed1i Voan s\u1edf h\u1eefu thi\u1ebft k\u1ebf c\u00fap ng\u1ef1c ph\u1ed1i n\u01a1 tinh t\u1ebf v\u00e0 t\u00f9ng v\u00e1y voan x\u1ebfp t\u1ea7ng b\u1ed3ng b\u1ec1nh, mang l\u1ea1i v\u1ebb ngo\u00e0i chu\u1ea9n n\u00e0ng th\u01a1.","og_url":"https:\/\/shopthoitrang.azdigi.shop\/index.php\/product\/vay-ballet-cup-nguc-phoi-voan\/","og_site_name":"Celeste","og_image":[{"width":736,"height":552,"url":"https:\/\/shopthoitrang.azdigi.shop\/wp-content\/uploads\/2026\/03\/z7667685648834_a172328d9d567de04fc6e6087d727a73.jpg","type":"image\/jpeg"}],"twitter_card":"summary_large_image","twitter_misc":{"Est. reading time":"1 minute"},"schema":{"@context":"https:\/\/schema.org","@graph":[{"@type":"WebPage","@id":"https:\/\/shopthoitrang.azdigi.shop\/index.php\/product\/vay-ballet-cup-nguc-phoi-voan\/","url":"https:\/\/shopthoitrang.azdigi.shop\/index.php\/product\/vay-ballet-cup-nguc-phoi-voan\/","name":"V\u00e1y Ballet C\u00fap Ng\u1ef1c Ph\u1ed1i Voan - Celeste","isPartOf":{"@id":"https:\/\/shopthoitrang.azdigi.shop\/#website"},"primaryImageOfPage":{"@id":"https:\/\/shopthoitrang.azdigi.shop\/index.php\/product\/vay-ballet-cup-nguc-phoi-voan\/#primaryimage"},"image":{"@id":"https:\/\/shopthoitrang.azdigi.shop\/index.php\/product\/vay-ballet-cup-nguc-phoi-voan\/#primaryimage"},"thumbnailUrl":"https:\/\/shopthoitrang.azdigi.shop\/wp-content\/uploads\/2026\/03\/z7667685648834_a172328d9d567de04fc6e6087d727a73.jpg","datePublished":"2026-03-28T13:18:34+00:00","description":"V\u00e1y Ballet C\u00fap Ng\u1ef1c Ph\u1ed1i Voan s\u1edf h\u1eefu thi\u1ebft k\u1ebf c\u00fap ng\u1ef1c ph\u1ed1i n\u01a1 tinh t\u1ebf v\u00e0 t\u00f9ng v\u00e1y voan x\u1ebfp t\u1ea7ng b\u1ed3ng b\u1ec1nh, mang l\u1ea1i v\u1ebb ngo\u00e0i chu\u1ea9n n\u00e0ng th\u01a1.","breadcrumb":{"@id":"https:\/\/shopthoitrang.azdigi.shop\/index.php\/product\/vay-ballet-cup-nguc-phoi-voan\/#breadcrumb"},"inLanguage":"en-US","potentialAction":[{"@type":"ReadAction","target":["https:\/\/shopthoitrang.azdigi.shop\/index.php\/product\/vay-ballet-cup-nguc-phoi-voan\/"]}]},{"@type":"ImageObject","inLanguage":"en-US","@id":"https:\/\/shopthoitrang.azdigi.shop\/index.php\/product\/vay-ballet-cup-nguc-phoi-voan\/#primaryimage","url":"https:\/\/shopthoitrang.azdigi.shop\/wp-content\/uploads\/2026\/03\/z7667685648834_a172328d9d567de04fc6e6087d727a73.jpg","contentUrl":"https:\/\/shopthoitrang.azdigi.shop\/wp-content\/uploads\/2026\/03\/z7667685648834_a172328d9d567de04fc6e6087d727a73.jpg","width":736,"height":552},{"@type":"BreadcrumbList","@id":"https:\/\/shopthoitrang.azdigi.shop\/index.php\/product\/vay-ballet-cup-nguc-phoi-voan\/#breadcrumb","itemListElement":[{"@type":"ListItem","position":1,"name":"Home","item":"https:\/\/shopthoitrang.azdigi.shop\/"},{"@type":"ListItem","position":2,"name":"Shop","item":"https:\/\/shopthoitrang.azdigi.shop\/index.php\/shop\/"},{"@type":"ListItem","position":3,"name":"V\u00e1y Ballet C\u00fap Ng\u1ef1c Ph\u1ed1i Voan"}]},{"@type":"WebSite","@id":"https:\/\/shopthoitrang.azdigi.shop\/#website","url":"https:\/\/shopthoitrang.azdigi.shop\/","name":"Celeste","description":"Shop n\u00e0ng th\u01a1","potentialAction":[{"@type":"SearchAction","target":{"@type":"EntryPoint","urlTemplate":"https:\/\/shopthoitrang.azdigi.shop\/?s={search_term_string}"},"query-input":{"@type":"PropertyValueSpecification","valueRequired":true,"valueName":"search_term_string"}}],"inLanguage":"en-US"}]}},"jetpack_sharing_enabled":true,"_links":{"self":[{"href":"https:\/\/shopthoitrang.azdigi.shop\/index.php\/wp-json\/wp\/v2\/product\/290","targetHints":{"allow":["GET"]}}],"collection":[{"href":"https:\/\/shopthoitrang.azdigi.shop\/index.php\/wp-json\/wp\/v2\/product"}],"about":[{"href":"https:\/\/shopthoitrang.azdigi.shop\/index.php\/wp-json\/wp\/v2\/types\/product"}],"replies":[{"embeddable":true,"href":"https:\/\/shopthoitrang.azdigi.shop\/index.php\/wp-json\/wp\/v2\/comments?post=290"}],"wp:featuredmedia":[{"embeddable":true,"href":"https:\/\/shopthoitrang.azdigi.shop\/index.php\/wp-json\/wp\/v2\/media\/291"}],"wp:attachment":[{"href":"https:\/\/shopthoitrang.azdigi.shop\/index.php\/wp-json\/wp\/v2\/media?parent=290"}],"wp:term":[{"taxonomy":"product_brand","embeddable":true,"href":"https:\/\/shopthoitrang.azdigi.shop\/index.php\/wp-json\/wp\/v2\/product_brand?post=290"},{"taxonomy":"product_cat","embeddable":true,"href":"https:\/\/shopthoitrang.azdigi.shop\/index.php\/wp-json\/wp\/v2\/product_cat?post=290"},{"taxonomy":"product_tag","embeddable":true,"href":"https:\/\/shopthoitrang.azdigi.shop\/index.php\/wp-json\/wp\/v2\/product_tag?post=290"}],"curies":[{"name":"wp","href":"https:\/\/api.w.org\/{rel}","templated":true}]}}