{"id":282,"date":"2026-03-28T12:48:37","date_gmt":"2026-03-28T12:48:37","guid":{"rendered":"https:\/\/shopthoitrang.azdigi.shop\/?post_type=product&#038;p=282"},"modified":"2026-03-28T14:35:18","modified_gmt":"2026-03-28T14:35:18","slug":"vay-hoa-nhi-nang-tho","status":"publish","type":"product","link":"https:\/\/shopthoitrang.azdigi.shop\/index.php\/product\/vay-hoa-nhi-nang-tho\/","title":{"rendered":"V\u00e1y Hoa Nh\u00ed N\u00e0ng Th\u01a1"},"content":{"rendered":"<p><b data-path-to-node=\"2\" data-index-in-node=\"0\"><span dir=\"auto\" style=\"vertical-align: inherit;\"><span dir=\"auto\" style=\"vertical-align: inherit;\">V\u00e1y Hoa Nh\u00ed N\u00e0ng Th\u01a1<\/span><\/span><\/b><span dir=\"auto\" style=\"vertical-align: inherit;\"><span dir=\"auto\" style=\"vertical-align: inherit;\"> l\u00e0 s\u1ef1 k\u1ebft h\u1ee3p ho\u00e0n h\u1ea3o gi\u1eefa v\u1ebb \u0111\u1eb9p thanh khi\u1ebft c\u1ee7a phong c\u00e1ch Cottagecore v\u00e0 h\u01b0\u01a1ng th\u01a1m ng\u1ecdt ng\u00e0o c\u1ee7a xu h\u01b0\u1edbng lolita. \u0110i\u1ec3m nh\u1ea5n gi\u00e1 c\u1ee7a b\u1ed9 trang ph\u1ee5c n\u1eb1m \u1edf chi ti\u1ebft d\u00e2y n\u1ecbt \u1edf th\u00e2n tr\u01b0\u1edbc ph\u1ed1i c\u00f9ng d\u1ea3i ruy b\u0103ng h\u1ed3ng pastel, gi\u00fap t\u00f4n l\u00ean v\u00f2ng eo thon g\u1ecdn v\u00e0 t\u1ea1o phong c\u00e1ch ho\u00e0n h\u1ea3o. Ph\u1ea7n ch\u00e2n v\u00e1y b\u1ed3ng b\u1ec1nh v\u1edbi l\u1edbp b\u00e8o tr\u1eafng mu\u1ed1t \u1edf b\u00ean h\u00f4ng v\u00e0 vi\u1ec1n g\u1ea5u \u0111a t\u1ea7ng t\u1ea1o ra s\u1ef1 m\u1ec1m m\u1ea1i v\u00e0 th\u01b0 gi\u00e3n trong t\u1eebng b\u01b0\u1edbc chuy\u1ec3n ti\u1ebfp. <\/span><\/span><b data-path-to-node=\"2\" data-index-in-node=\"558\"><span dir=\"auto\" style=\"vertical-align: inherit;\"><span dir=\"auto\" style=\"vertical-align: inherit;\">V\u00e1y Hoa Nh\u00ed N\u00e0ng Th\u01a1<\/span><\/span><\/b><span dir=\"auto\" style=\"vertical-align: inherit;\"><span dir=\"auto\" style=\"vertical-align: inherit;\"> ch\u00ednh l\u00e0 tuy\u00ean ng\u00f4n th\u1eddi trang gi\u00fap b\u1ea1n t\u1ecfa s\u00e1ng r\u1ef1c r\u1ee1 v\u00e0 tr\u1edf th\u00e0nh t\u00e2m \u0111i\u1ec3m trong m\u1ecdi bu\u1ed5i ti\u1ec7c tr\u00e0 hay d\u1ea1o ph\u1ed1.<\/span><\/span><\/p>\n","protected":false},"excerpt":{"rendered":"<p>V\u00e1y Hoa Nh\u00ed N\u00e0ng Th\u01a1 l\u00e0 s\u1ef1 k\u1ebft h\u1ee3p ho\u00e0n h\u1ea3o gi\u1eefa v\u1ebb \u0111\u1eb9p thanh khi\u1ebft c\u1ee7a phong c\u00e1ch Cottagecore v\u00e0 h\u01b0\u01a1ng th\u01a1m ng\u1ecdt ng\u00e0o c\u1ee7a xu h\u01b0\u1edbng lolita. \u0110i\u1ec3m nh\u1ea5n gi\u00e1 c\u1ee7a b\u1ed9 trang ph\u1ee5c n\u1eb1m \u1edf chi ti\u1ebft d\u00e2y n\u1ecbt \u1edf th\u00e2n tr\u01b0\u1edbc ph\u1ed1i c\u00f9ng d\u1ea3i ruy b\u0103ng h\u1ed3ng pastel, gi\u00fap t\u00f4n l\u00ean [&#8230;]\n","protected":false},"featured_media":288,"comment_status":"open","ping_status":"closed","template":"","meta":[],"product_brand":[],"product_cat":[16],"product_tag":[],"class_list":{"0":"post-282","1":"product","2":"type-product","3":"status-publish","4":"has-post-thumbnail","6":"product_cat-uncategorized","8":"first","9":"instock","10":"shipping-taxable","11":"purchasable","12":"product-type-variable"},"yoast_head":"<!-- This site is optimized with the Yoast SEO plugin v27.2 - https:\/\/yoast.com\/product\/yoast-seo-wordpress\/ -->\n<title>V\u00e1y Hoa Nh\u00ed N\u00e0ng Th\u01a1 - Celeste<\/title>\n<meta name=\"description\" content=\"V\u00e1y Hoa Nh\u00ed N\u00e0ng Th\u01a1 s\u1edf h\u1eefu thi\u1ebft k\u1ebf \u0111an d\u00e2y corset ph\u1ed1i ren tinh t\u1ebf v\u00e0 t\u00f9ng v\u00e1y b\u00e8o t\u1ea7ng b\u1ed3ng b\u1ec1nh, mang l\u1ea1i v\u1ebb ngo\u00e0i chu\u1ea9n b\u00fap b\u00ea Lolita.\" \/>\n<meta name=\"robots\" content=\"index, follow, max-snippet:-1, max-image-preview:large, max-video-preview:-1\" \/>\n<link rel=\"canonical\" href=\"https:\/\/shopthoitrang.azdigi.shop\/index.php\/product\/vay-hoa-nhi-nang-tho\/\" \/>\n<meta property=\"og:locale\" content=\"en_US\" \/>\n<meta property=\"og:type\" content=\"article\" \/>\n<meta property=\"og:title\" content=\"V\u00e1y Hoa Nh\u00ed N\u00e0ng Th\u01a1 - Celeste\" \/>\n<meta property=\"og:description\" content=\"V\u00e1y Hoa Nh\u00ed N\u00e0ng Th\u01a1 s\u1edf h\u1eefu thi\u1ebft k\u1ebf \u0111an d\u00e2y corset ph\u1ed1i ren tinh t\u1ebf v\u00e0 t\u00f9ng v\u00e1y b\u00e8o t\u1ea7ng b\u1ed3ng b\u1ec1nh, mang l\u1ea1i v\u1ebb ngo\u00e0i chu\u1ea9n b\u00fap b\u00ea Lolita.\" \/>\n<meta property=\"og:url\" content=\"https:\/\/shopthoitrang.azdigi.shop\/index.php\/product\/vay-hoa-nhi-nang-tho\/\" \/>\n<meta property=\"og:site_name\" content=\"Celeste\" \/>\n<meta property=\"article:modified_time\" content=\"2026-03-28T14:35:18+00:00\" \/>\n<meta property=\"og:image\" content=\"https:\/\/shopthoitrang.azdigi.shop\/wp-content\/uploads\/2026\/03\/z7641977138412_8c661b929e403efb00a6c59ad68b9475-1.jpg\" \/>\n\t<meta property=\"og:image:width\" content=\"736\" \/>\n\t<meta property=\"og:image:height\" content=\"1266\" \/>\n\t<meta property=\"og:image:type\" content=\"image\/jpeg\" \/>\n<meta name=\"twitter:card\" content=\"summary_large_image\" \/>\n<meta name=\"twitter:label1\" content=\"Est. reading time\" \/>\n\t<meta name=\"twitter:data1\" content=\"1 minute\" \/>\n<script type=\"application\/ld+json\" class=\"yoast-schema-graph\">{\"@context\":\"https:\/\/schema.org\",\"@graph\":[{\"@type\":\"WebPage\",\"@id\":\"https:\/\/shopthoitrang.azdigi.shop\/index.php\/product\/vay-hoa-nhi-nang-tho\/\",\"url\":\"https:\/\/shopthoitrang.azdigi.shop\/index.php\/product\/vay-hoa-nhi-nang-tho\/\",\"name\":\"V\u00e1y Hoa Nh\u00ed N\u00e0ng Th\u01a1 - Celeste\",\"isPartOf\":{\"@id\":\"https:\/\/shopthoitrang.azdigi.shop\/#website\"},\"primaryImageOfPage\":{\"@id\":\"https:\/\/shopthoitrang.azdigi.shop\/index.php\/product\/vay-hoa-nhi-nang-tho\/#primaryimage\"},\"image\":{\"@id\":\"https:\/\/shopthoitrang.azdigi.shop\/index.php\/product\/vay-hoa-nhi-nang-tho\/#primaryimage\"},\"thumbnailUrl\":\"https:\/\/shopthoitrang.azdigi.shop\/wp-content\/uploads\/2026\/03\/z7641977138412_8c661b929e403efb00a6c59ad68b9475-1.jpg\",\"datePublished\":\"2026-03-28T12:48:37+00:00\",\"dateModified\":\"2026-03-28T14:35:18+00:00\",\"description\":\"V\u00e1y Hoa Nh\u00ed N\u00e0ng Th\u01a1 s\u1edf h\u1eefu thi\u1ebft k\u1ebf \u0111an d\u00e2y corset ph\u1ed1i ren tinh t\u1ebf v\u00e0 t\u00f9ng v\u00e1y b\u00e8o t\u1ea7ng b\u1ed3ng b\u1ec1nh, mang l\u1ea1i v\u1ebb ngo\u00e0i chu\u1ea9n b\u00fap b\u00ea Lolita.\",\"breadcrumb\":{\"@id\":\"https:\/\/shopthoitrang.azdigi.shop\/index.php\/product\/vay-hoa-nhi-nang-tho\/#breadcrumb\"},\"inLanguage\":\"en-US\",\"potentialAction\":[{\"@type\":\"ReadAction\",\"target\":[\"https:\/\/shopthoitrang.azdigi.shop\/index.php\/product\/vay-hoa-nhi-nang-tho\/\"]}]},{\"@type\":\"ImageObject\",\"inLanguage\":\"en-US\",\"@id\":\"https:\/\/shopthoitrang.azdigi.shop\/index.php\/product\/vay-hoa-nhi-nang-tho\/#primaryimage\",\"url\":\"https:\/\/shopthoitrang.azdigi.shop\/wp-content\/uploads\/2026\/03\/z7641977138412_8c661b929e403efb00a6c59ad68b9475-1.jpg\",\"contentUrl\":\"https:\/\/shopthoitrang.azdigi.shop\/wp-content\/uploads\/2026\/03\/z7641977138412_8c661b929e403efb00a6c59ad68b9475-1.jpg\",\"width\":736,\"height\":1266},{\"@type\":\"BreadcrumbList\",\"@id\":\"https:\/\/shopthoitrang.azdigi.shop\/index.php\/product\/vay-hoa-nhi-nang-tho\/#breadcrumb\",\"itemListElement\":[{\"@type\":\"ListItem\",\"position\":1,\"name\":\"Home\",\"item\":\"https:\/\/shopthoitrang.azdigi.shop\/\"},{\"@type\":\"ListItem\",\"position\":2,\"name\":\"Shop\",\"item\":\"https:\/\/shopthoitrang.azdigi.shop\/index.php\/shop\/\"},{\"@type\":\"ListItem\",\"position\":3,\"name\":\"V\u00e1y Hoa Nh\u00ed N\u00e0ng Th\u01a1\"}]},{\"@type\":\"WebSite\",\"@id\":\"https:\/\/shopthoitrang.azdigi.shop\/#website\",\"url\":\"https:\/\/shopthoitrang.azdigi.shop\/\",\"name\":\"Celeste\",\"description\":\"Shop n\u00e0ng th\u01a1\",\"potentialAction\":[{\"@type\":\"SearchAction\",\"target\":{\"@type\":\"EntryPoint\",\"urlTemplate\":\"https:\/\/shopthoitrang.azdigi.shop\/?s={search_term_string}\"},\"query-input\":{\"@type\":\"PropertyValueSpecification\",\"valueRequired\":true,\"valueName\":\"search_term_string\"}}],\"inLanguage\":\"en-US\"}]}<\/script>\n<!-- \/ Yoast SEO plugin. -->","yoast_head_json":{"title":"V\u00e1y Hoa Nh\u00ed N\u00e0ng Th\u01a1 - Celeste","description":"V\u00e1y Hoa Nh\u00ed N\u00e0ng Th\u01a1 s\u1edf h\u1eefu thi\u1ebft k\u1ebf \u0111an d\u00e2y corset ph\u1ed1i ren tinh t\u1ebf v\u00e0 t\u00f9ng v\u00e1y b\u00e8o t\u1ea7ng b\u1ed3ng b\u1ec1nh, mang l\u1ea1i v\u1ebb ngo\u00e0i chu\u1ea9n b\u00fap b\u00ea Lolita.","robots":{"index":"index","follow":"follow","max-snippet":"max-snippet:-1","max-image-preview":"max-image-preview:large","max-video-preview":"max-video-preview:-1"},"canonical":"https:\/\/shopthoitrang.azdigi.shop\/index.php\/product\/vay-hoa-nhi-nang-tho\/","og_locale":"en_US","og_type":"article","og_title":"V\u00e1y Hoa Nh\u00ed N\u00e0ng Th\u01a1 - Celeste","og_description":"V\u00e1y Hoa Nh\u00ed N\u00e0ng Th\u01a1 s\u1edf h\u1eefu thi\u1ebft k\u1ebf \u0111an d\u00e2y corset ph\u1ed1i ren tinh t\u1ebf v\u00e0 t\u00f9ng v\u00e1y b\u00e8o t\u1ea7ng b\u1ed3ng b\u1ec1nh, mang l\u1ea1i v\u1ebb ngo\u00e0i chu\u1ea9n b\u00fap b\u00ea Lolita.","og_url":"https:\/\/shopthoitrang.azdigi.shop\/index.php\/product\/vay-hoa-nhi-nang-tho\/","og_site_name":"Celeste","article_modified_time":"2026-03-28T14:35:18+00:00","og_image":[{"width":736,"height":1266,"url":"https:\/\/shopthoitrang.azdigi.shop\/wp-content\/uploads\/2026\/03\/z7641977138412_8c661b929e403efb00a6c59ad68b9475-1.jpg","type":"image\/jpeg"}],"twitter_card":"summary_large_image","twitter_misc":{"Est. reading time":"1 minute"},"schema":{"@context":"https:\/\/schema.org","@graph":[{"@type":"WebPage","@id":"https:\/\/shopthoitrang.azdigi.shop\/index.php\/product\/vay-hoa-nhi-nang-tho\/","url":"https:\/\/shopthoitrang.azdigi.shop\/index.php\/product\/vay-hoa-nhi-nang-tho\/","name":"V\u00e1y Hoa Nh\u00ed N\u00e0ng Th\u01a1 - Celeste","isPartOf":{"@id":"https:\/\/shopthoitrang.azdigi.shop\/#website"},"primaryImageOfPage":{"@id":"https:\/\/shopthoitrang.azdigi.shop\/index.php\/product\/vay-hoa-nhi-nang-tho\/#primaryimage"},"image":{"@id":"https:\/\/shopthoitrang.azdigi.shop\/index.php\/product\/vay-hoa-nhi-nang-tho\/#primaryimage"},"thumbnailUrl":"https:\/\/shopthoitrang.azdigi.shop\/wp-content\/uploads\/2026\/03\/z7641977138412_8c661b929e403efb00a6c59ad68b9475-1.jpg","datePublished":"2026-03-28T12:48:37+00:00","dateModified":"2026-03-28T14:35:18+00:00","description":"V\u00e1y Hoa Nh\u00ed N\u00e0ng Th\u01a1 s\u1edf h\u1eefu thi\u1ebft k\u1ebf \u0111an d\u00e2y corset ph\u1ed1i ren tinh t\u1ebf v\u00e0 t\u00f9ng v\u00e1y b\u00e8o t\u1ea7ng b\u1ed3ng b\u1ec1nh, mang l\u1ea1i v\u1ebb ngo\u00e0i chu\u1ea9n b\u00fap b\u00ea Lolita.","breadcrumb":{"@id":"https:\/\/shopthoitrang.azdigi.shop\/index.php\/product\/vay-hoa-nhi-nang-tho\/#breadcrumb"},"inLanguage":"en-US","potentialAction":[{"@type":"ReadAction","target":["https:\/\/shopthoitrang.azdigi.shop\/index.php\/product\/vay-hoa-nhi-nang-tho\/"]}]},{"@type":"ImageObject","inLanguage":"en-US","@id":"https:\/\/shopthoitrang.azdigi.shop\/index.php\/product\/vay-hoa-nhi-nang-tho\/#primaryimage","url":"https:\/\/shopthoitrang.azdigi.shop\/wp-content\/uploads\/2026\/03\/z7641977138412_8c661b929e403efb00a6c59ad68b9475-1.jpg","contentUrl":"https:\/\/shopthoitrang.azdigi.shop\/wp-content\/uploads\/2026\/03\/z7641977138412_8c661b929e403efb00a6c59ad68b9475-1.jpg","width":736,"height":1266},{"@type":"BreadcrumbList","@id":"https:\/\/shopthoitrang.azdigi.shop\/index.php\/product\/vay-hoa-nhi-nang-tho\/#breadcrumb","itemListElement":[{"@type":"ListItem","position":1,"name":"Home","item":"https:\/\/shopthoitrang.azdigi.shop\/"},{"@type":"ListItem","position":2,"name":"Shop","item":"https:\/\/shopthoitrang.azdigi.shop\/index.php\/shop\/"},{"@type":"ListItem","position":3,"name":"V\u00e1y Hoa Nh\u00ed N\u00e0ng Th\u01a1"}]},{"@type":"WebSite","@id":"https:\/\/shopthoitrang.azdigi.shop\/#website","url":"https:\/\/shopthoitrang.azdigi.shop\/","name":"Celeste","description":"Shop n\u00e0ng th\u01a1","potentialAction":[{"@type":"SearchAction","target":{"@type":"EntryPoint","urlTemplate":"https:\/\/shopthoitrang.azdigi.shop\/?s={search_term_string}"},"query-input":{"@type":"PropertyValueSpecification","valueRequired":true,"valueName":"search_term_string"}}],"inLanguage":"en-US"}]}},"jetpack_sharing_enabled":true,"_links":{"self":[{"href":"https:\/\/shopthoitrang.azdigi.shop\/index.php\/wp-json\/wp\/v2\/product\/282","targetHints":{"allow":["GET"]}}],"collection":[{"href":"https:\/\/shopthoitrang.azdigi.shop\/index.php\/wp-json\/wp\/v2\/product"}],"about":[{"href":"https:\/\/shopthoitrang.azdigi.shop\/index.php\/wp-json\/wp\/v2\/types\/product"}],"replies":[{"embeddable":true,"href":"https:\/\/shopthoitrang.azdigi.shop\/index.php\/wp-json\/wp\/v2\/comments?post=282"}],"wp:featuredmedia":[{"embeddable":true,"href":"https:\/\/shopthoitrang.azdigi.shop\/index.php\/wp-json\/wp\/v2\/media\/288"}],"wp:attachment":[{"href":"https:\/\/shopthoitrang.azdigi.shop\/index.php\/wp-json\/wp\/v2\/media?parent=282"}],"wp:term":[{"taxonomy":"product_brand","embeddable":true,"href":"https:\/\/shopthoitrang.azdigi.shop\/index.php\/wp-json\/wp\/v2\/product_brand?post=282"},{"taxonomy":"product_cat","embeddable":true,"href":"https:\/\/shopthoitrang.azdigi.shop\/index.php\/wp-json\/wp\/v2\/product_cat?post=282"},{"taxonomy":"product_tag","embeddable":true,"href":"https:\/\/shopthoitrang.azdigi.shop\/index.php\/wp-json\/wp\/v2\/product_tag?post=282"}],"curies":[{"name":"wp","href":"https:\/\/api.w.org\/{rel}","templated":true}]}}