{"id":278,"date":"2026-03-28T12:40:43","date_gmt":"2026-03-28T12:40:43","guid":{"rendered":"https:\/\/shopthoitrang.azdigi.shop\/?post_type=product&#038;p=278"},"modified":"2026-03-28T12:40:44","modified_gmt":"2026-03-28T12:40:44","slug":"vay-xoe-co-dien-phoi-vien","status":"publish","type":"product","link":"https:\/\/shopthoitrang.azdigi.shop\/index.php\/product\/vay-xoe-co-dien-phoi-vien\/","title":{"rendered":"V\u00e1y X\u00f2e C\u1ed5 \u0110i\u1ec3n Ph\u1ed1i Vi\u1ec1n"},"content":{"rendered":"<p><b data-path-to-node=\"2\" data-index-in-node=\"0\">V\u00e1y X\u00f2e C\u1ed5 \u0110i\u1ec3n Ph\u1ed1i Vi\u1ec1n<\/b> mang \u0111\u1ebfn m\u1ed9t l\u00e0n gi\u00f3 retro thanh l\u1ecbch \u0111\u1ea7y cu\u1ed1n h\u00fat cho t\u1ee7 \u0111\u1ed3 c\u1ee7a b\u1ea1n. Thi\u1ebft k\u1ebf hai d\u00e2y m\u1ea3nh mai k\u1ebft h\u1ee3p c\u00f9ng phom d\u00e1ng x\u00f2e b\u1ed3ng b\u1ec1nh, t\u1ea1o n\u00ean v\u1ebb ngo\u00e0i v\u1eeba tr\u1ebb trung v\u1eeba \u0111\u00e0i c\u00e1c. \u0110i\u1ec3m nh\u1ea5n \u0111\u1eaft gi\u00e1 n\u1eb1m \u1edf gam m\u00e0u tr\u1eafng kem n\u1ec1n n\u00e3 ph\u1ed1i c\u00f9ng \u0111\u01b0\u1eddng vi\u1ec1n \u0111\u1ecf s\u1eafc s\u1ea3o \u1edf c\u1ed5 \u00e1o, d\u00e2y v\u00e0 g\u1ea5u v\u00e1y, t\u1ea1o n\u00ean s\u1ef1 \u0111\u1ed1i l\u1eadp m\u00e0u s\u1eafc \u0111\u1ea7y \u1ea5n t\u01b0\u1ee3ng. V\u00e1y X\u00f2e C\u1ed5 \u0110i\u1ec3n Ph\u1ed1i Vi\u1ec1n l\u00e0 l\u1ef1a ch\u1ecdn l\u00fd t\u01b0\u1edfng cho nh\u1eefng bu\u1ed5i d\u1ea1o ph\u1ed1, h\u1eb9n h\u00f2 hay ti\u1ec7c nh\u1eb9, gi\u00fap b\u1ea1n t\u1ef1 tin t\u1ecfa s\u00e1ng v\u1edbi phong c\u00e1ch th\u1eddi trang tinh t\u1ebf.<\/p>\n","protected":false},"excerpt":{"rendered":"<p>V\u00e1y X\u00f2e C\u1ed5 \u0110i\u1ec3n Ph\u1ed1i Vi\u1ec1n mang \u0111\u1ebfn m\u1ed9t l\u00e0n gi\u00f3 retro thanh l\u1ecbch \u0111\u1ea7y cu\u1ed1n h\u00fat cho t\u1ee7 \u0111\u1ed3 c\u1ee7a b\u1ea1n. Thi\u1ebft k\u1ebf hai d\u00e2y m\u1ea3nh mai k\u1ebft h\u1ee3p c\u00f9ng phom d\u00e1ng x\u00f2e b\u1ed3ng b\u1ec1nh, t\u1ea1o n\u00ean v\u1ebb ngo\u00e0i v\u1eeba tr\u1ebb trung v\u1eeba \u0111\u00e0i c\u00e1c. \u0110i\u1ec3m nh\u1ea5n \u0111\u1eaft gi\u00e1 n\u1eb1m \u1edf gam m\u00e0u tr\u1eafng [&#8230;]\n","protected":false},"featured_media":279,"comment_status":"open","ping_status":"closed","template":"","meta":[],"product_brand":[],"product_cat":[16],"product_tag":[],"class_list":{"0":"post-278","1":"product","2":"type-product","3":"status-publish","4":"has-post-thumbnail","6":"product_cat-uncategorized","8":"first","9":"instock","10":"shipping-taxable","11":"purchasable","12":"product-type-variable"},"yoast_head":"<!-- This site is optimized with the Yoast SEO plugin v27.2 - https:\/\/yoast.com\/product\/yoast-seo-wordpress\/ -->\n<title>V\u00e1y X\u00f2e C\u1ed5 \u0110i\u1ec3n Ph\u1ed1i Vi\u1ec1n - Celeste<\/title>\n<meta name=\"description\" content=\"V\u00e1y X\u00f2e C\u1ed5 \u0110i\u1ec3n Ph\u1ed1i Vi\u1ec1n s\u1edf h\u1eefu t\u00f4ng m\u00e0u tr\u1eafng kem ph\u1ed1i vi\u1ec1n \u0111\u1ecf n\u1ed5i b\u1eadt v\u00e0 t\u00f9ng v\u00e1y x\u00f2e r\u1ed9ng, mang l\u1ea1i v\u1ebb ngo\u00e0i tr\u1ebb trung, thanh l\u1ecbch.\" \/>\n<meta name=\"robots\" content=\"index, follow, max-snippet:-1, max-image-preview:large, max-video-preview:-1\" \/>\n<link rel=\"canonical\" href=\"https:\/\/shopthoitrang.azdigi.shop\/index.php\/product\/vay-xoe-co-dien-phoi-vien\/\" \/>\n<meta property=\"og:locale\" content=\"en_US\" \/>\n<meta property=\"og:type\" content=\"article\" \/>\n<meta property=\"og:title\" content=\"V\u00e1y X\u00f2e C\u1ed5 \u0110i\u1ec3n Ph\u1ed1i Vi\u1ec1n - Celeste\" \/>\n<meta property=\"og:description\" content=\"V\u00e1y X\u00f2e C\u1ed5 \u0110i\u1ec3n Ph\u1ed1i Vi\u1ec1n s\u1edf h\u1eefu t\u00f4ng m\u00e0u tr\u1eafng kem ph\u1ed1i vi\u1ec1n \u0111\u1ecf n\u1ed5i b\u1eadt v\u00e0 t\u00f9ng v\u00e1y x\u00f2e r\u1ed9ng, mang l\u1ea1i v\u1ebb ngo\u00e0i tr\u1ebb trung, thanh l\u1ecbch.\" \/>\n<meta property=\"og:url\" content=\"https:\/\/shopthoitrang.azdigi.shop\/index.php\/product\/vay-xoe-co-dien-phoi-vien\/\" \/>\n<meta property=\"og:site_name\" content=\"Celeste\" \/>\n<meta property=\"article:modified_time\" content=\"2026-03-28T12:40:44+00:00\" \/>\n<meta property=\"og:image\" content=\"https:\/\/shopthoitrang.azdigi.shop\/wp-content\/uploads\/2026\/03\/z7667690813388_2d6731702a1b93e5b46214fb584893df.jpg\" \/>\n\t<meta property=\"og:image:width\" content=\"683\" \/>\n\t<meta property=\"og:image:height\" content=\"1024\" \/>\n\t<meta property=\"og:image:type\" content=\"image\/jpeg\" \/>\n<meta name=\"twitter:card\" content=\"summary_large_image\" \/>\n<meta name=\"twitter:label1\" content=\"Est. reading time\" \/>\n\t<meta name=\"twitter:data1\" content=\"1 minute\" \/>\n<script type=\"application\/ld+json\" class=\"yoast-schema-graph\">{\"@context\":\"https:\/\/schema.org\",\"@graph\":[{\"@type\":\"WebPage\",\"@id\":\"https:\/\/shopthoitrang.azdigi.shop\/index.php\/product\/vay-xoe-co-dien-phoi-vien\/\",\"url\":\"https:\/\/shopthoitrang.azdigi.shop\/index.php\/product\/vay-xoe-co-dien-phoi-vien\/\",\"name\":\"V\u00e1y X\u00f2e C\u1ed5 \u0110i\u1ec3n Ph\u1ed1i Vi\u1ec1n - Celeste\",\"isPartOf\":{\"@id\":\"https:\/\/shopthoitrang.azdigi.shop\/#website\"},\"primaryImageOfPage\":{\"@id\":\"https:\/\/shopthoitrang.azdigi.shop\/index.php\/product\/vay-xoe-co-dien-phoi-vien\/#primaryimage\"},\"image\":{\"@id\":\"https:\/\/shopthoitrang.azdigi.shop\/index.php\/product\/vay-xoe-co-dien-phoi-vien\/#primaryimage\"},\"thumbnailUrl\":\"https:\/\/shopthoitrang.azdigi.shop\/wp-content\/uploads\/2026\/03\/z7667690813388_2d6731702a1b93e5b46214fb584893df.jpg\",\"datePublished\":\"2026-03-28T12:40:43+00:00\",\"dateModified\":\"2026-03-28T12:40:44+00:00\",\"description\":\"V\u00e1y X\u00f2e C\u1ed5 \u0110i\u1ec3n Ph\u1ed1i Vi\u1ec1n s\u1edf h\u1eefu t\u00f4ng m\u00e0u tr\u1eafng kem ph\u1ed1i vi\u1ec1n \u0111\u1ecf n\u1ed5i b\u1eadt v\u00e0 t\u00f9ng v\u00e1y x\u00f2e r\u1ed9ng, mang l\u1ea1i v\u1ebb ngo\u00e0i tr\u1ebb trung, thanh l\u1ecbch.\",\"breadcrumb\":{\"@id\":\"https:\/\/shopthoitrang.azdigi.shop\/index.php\/product\/vay-xoe-co-dien-phoi-vien\/#breadcrumb\"},\"inLanguage\":\"en-US\",\"potentialAction\":[{\"@type\":\"ReadAction\",\"target\":[\"https:\/\/shopthoitrang.azdigi.shop\/index.php\/product\/vay-xoe-co-dien-phoi-vien\/\"]}]},{\"@type\":\"ImageObject\",\"inLanguage\":\"en-US\",\"@id\":\"https:\/\/shopthoitrang.azdigi.shop\/index.php\/product\/vay-xoe-co-dien-phoi-vien\/#primaryimage\",\"url\":\"https:\/\/shopthoitrang.azdigi.shop\/wp-content\/uploads\/2026\/03\/z7667690813388_2d6731702a1b93e5b46214fb584893df.jpg\",\"contentUrl\":\"https:\/\/shopthoitrang.azdigi.shop\/wp-content\/uploads\/2026\/03\/z7667690813388_2d6731702a1b93e5b46214fb584893df.jpg\",\"width\":683,\"height\":1024},{\"@type\":\"BreadcrumbList\",\"@id\":\"https:\/\/shopthoitrang.azdigi.shop\/index.php\/product\/vay-xoe-co-dien-phoi-vien\/#breadcrumb\",\"itemListElement\":[{\"@type\":\"ListItem\",\"position\":1,\"name\":\"Home\",\"item\":\"https:\/\/shopthoitrang.azdigi.shop\/\"},{\"@type\":\"ListItem\",\"position\":2,\"name\":\"Shop\",\"item\":\"https:\/\/shopthoitrang.azdigi.shop\/index.php\/shop\/\"},{\"@type\":\"ListItem\",\"position\":3,\"name\":\"V\u00e1y X\u00f2e C\u1ed5 \u0110i\u1ec3n Ph\u1ed1i Vi\u1ec1n\"}]},{\"@type\":\"WebSite\",\"@id\":\"https:\/\/shopthoitrang.azdigi.shop\/#website\",\"url\":\"https:\/\/shopthoitrang.azdigi.shop\/\",\"name\":\"Celeste\",\"description\":\"Shop n\u00e0ng th\u01a1\",\"potentialAction\":[{\"@type\":\"SearchAction\",\"target\":{\"@type\":\"EntryPoint\",\"urlTemplate\":\"https:\/\/shopthoitrang.azdigi.shop\/?s={search_term_string}\"},\"query-input\":{\"@type\":\"PropertyValueSpecification\",\"valueRequired\":true,\"valueName\":\"search_term_string\"}}],\"inLanguage\":\"en-US\"}]}<\/script>\n<!-- \/ Yoast SEO plugin. -->","yoast_head_json":{"title":"V\u00e1y X\u00f2e C\u1ed5 \u0110i\u1ec3n Ph\u1ed1i Vi\u1ec1n - Celeste","description":"V\u00e1y X\u00f2e C\u1ed5 \u0110i\u1ec3n Ph\u1ed1i Vi\u1ec1n s\u1edf h\u1eefu t\u00f4ng m\u00e0u tr\u1eafng kem ph\u1ed1i vi\u1ec1n \u0111\u1ecf n\u1ed5i b\u1eadt v\u00e0 t\u00f9ng v\u00e1y x\u00f2e r\u1ed9ng, mang l\u1ea1i v\u1ebb ngo\u00e0i tr\u1ebb trung, thanh l\u1ecbch.","robots":{"index":"index","follow":"follow","max-snippet":"max-snippet:-1","max-image-preview":"max-image-preview:large","max-video-preview":"max-video-preview:-1"},"canonical":"https:\/\/shopthoitrang.azdigi.shop\/index.php\/product\/vay-xoe-co-dien-phoi-vien\/","og_locale":"en_US","og_type":"article","og_title":"V\u00e1y X\u00f2e C\u1ed5 \u0110i\u1ec3n Ph\u1ed1i Vi\u1ec1n - Celeste","og_description":"V\u00e1y X\u00f2e C\u1ed5 \u0110i\u1ec3n Ph\u1ed1i Vi\u1ec1n s\u1edf h\u1eefu t\u00f4ng m\u00e0u tr\u1eafng kem ph\u1ed1i vi\u1ec1n \u0111\u1ecf n\u1ed5i b\u1eadt v\u00e0 t\u00f9ng v\u00e1y x\u00f2e r\u1ed9ng, mang l\u1ea1i v\u1ebb ngo\u00e0i tr\u1ebb trung, thanh l\u1ecbch.","og_url":"https:\/\/shopthoitrang.azdigi.shop\/index.php\/product\/vay-xoe-co-dien-phoi-vien\/","og_site_name":"Celeste","article_modified_time":"2026-03-28T12:40:44+00:00","og_image":[{"width":683,"height":1024,"url":"https:\/\/shopthoitrang.azdigi.shop\/wp-content\/uploads\/2026\/03\/z7667690813388_2d6731702a1b93e5b46214fb584893df.jpg","type":"image\/jpeg"}],"twitter_card":"summary_large_image","twitter_misc":{"Est. reading time":"1 minute"},"schema":{"@context":"https:\/\/schema.org","@graph":[{"@type":"WebPage","@id":"https:\/\/shopthoitrang.azdigi.shop\/index.php\/product\/vay-xoe-co-dien-phoi-vien\/","url":"https:\/\/shopthoitrang.azdigi.shop\/index.php\/product\/vay-xoe-co-dien-phoi-vien\/","name":"V\u00e1y X\u00f2e C\u1ed5 \u0110i\u1ec3n Ph\u1ed1i Vi\u1ec1n - Celeste","isPartOf":{"@id":"https:\/\/shopthoitrang.azdigi.shop\/#website"},"primaryImageOfPage":{"@id":"https:\/\/shopthoitrang.azdigi.shop\/index.php\/product\/vay-xoe-co-dien-phoi-vien\/#primaryimage"},"image":{"@id":"https:\/\/shopthoitrang.azdigi.shop\/index.php\/product\/vay-xoe-co-dien-phoi-vien\/#primaryimage"},"thumbnailUrl":"https:\/\/shopthoitrang.azdigi.shop\/wp-content\/uploads\/2026\/03\/z7667690813388_2d6731702a1b93e5b46214fb584893df.jpg","datePublished":"2026-03-28T12:40:43+00:00","dateModified":"2026-03-28T12:40:44+00:00","description":"V\u00e1y X\u00f2e C\u1ed5 \u0110i\u1ec3n Ph\u1ed1i Vi\u1ec1n s\u1edf h\u1eefu t\u00f4ng m\u00e0u tr\u1eafng kem ph\u1ed1i vi\u1ec1n \u0111\u1ecf n\u1ed5i b\u1eadt v\u00e0 t\u00f9ng v\u00e1y x\u00f2e r\u1ed9ng, mang l\u1ea1i v\u1ebb ngo\u00e0i tr\u1ebb trung, thanh l\u1ecbch.","breadcrumb":{"@id":"https:\/\/shopthoitrang.azdigi.shop\/index.php\/product\/vay-xoe-co-dien-phoi-vien\/#breadcrumb"},"inLanguage":"en-US","potentialAction":[{"@type":"ReadAction","target":["https:\/\/shopthoitrang.azdigi.shop\/index.php\/product\/vay-xoe-co-dien-phoi-vien\/"]}]},{"@type":"ImageObject","inLanguage":"en-US","@id":"https:\/\/shopthoitrang.azdigi.shop\/index.php\/product\/vay-xoe-co-dien-phoi-vien\/#primaryimage","url":"https:\/\/shopthoitrang.azdigi.shop\/wp-content\/uploads\/2026\/03\/z7667690813388_2d6731702a1b93e5b46214fb584893df.jpg","contentUrl":"https:\/\/shopthoitrang.azdigi.shop\/wp-content\/uploads\/2026\/03\/z7667690813388_2d6731702a1b93e5b46214fb584893df.jpg","width":683,"height":1024},{"@type":"BreadcrumbList","@id":"https:\/\/shopthoitrang.azdigi.shop\/index.php\/product\/vay-xoe-co-dien-phoi-vien\/#breadcrumb","itemListElement":[{"@type":"ListItem","position":1,"name":"Home","item":"https:\/\/shopthoitrang.azdigi.shop\/"},{"@type":"ListItem","position":2,"name":"Shop","item":"https:\/\/shopthoitrang.azdigi.shop\/index.php\/shop\/"},{"@type":"ListItem","position":3,"name":"V\u00e1y X\u00f2e C\u1ed5 \u0110i\u1ec3n Ph\u1ed1i Vi\u1ec1n"}]},{"@type":"WebSite","@id":"https:\/\/shopthoitrang.azdigi.shop\/#website","url":"https:\/\/shopthoitrang.azdigi.shop\/","name":"Celeste","description":"Shop n\u00e0ng th\u01a1","potentialAction":[{"@type":"SearchAction","target":{"@type":"EntryPoint","urlTemplate":"https:\/\/shopthoitrang.azdigi.shop\/?s={search_term_string}"},"query-input":{"@type":"PropertyValueSpecification","valueRequired":true,"valueName":"search_term_string"}}],"inLanguage":"en-US"}]}},"jetpack_sharing_enabled":true,"_links":{"self":[{"href":"https:\/\/shopthoitrang.azdigi.shop\/index.php\/wp-json\/wp\/v2\/product\/278","targetHints":{"allow":["GET"]}}],"collection":[{"href":"https:\/\/shopthoitrang.azdigi.shop\/index.php\/wp-json\/wp\/v2\/product"}],"about":[{"href":"https:\/\/shopthoitrang.azdigi.shop\/index.php\/wp-json\/wp\/v2\/types\/product"}],"replies":[{"embeddable":true,"href":"https:\/\/shopthoitrang.azdigi.shop\/index.php\/wp-json\/wp\/v2\/comments?post=278"}],"wp:featuredmedia":[{"embeddable":true,"href":"https:\/\/shopthoitrang.azdigi.shop\/index.php\/wp-json\/wp\/v2\/media\/279"}],"wp:attachment":[{"href":"https:\/\/shopthoitrang.azdigi.shop\/index.php\/wp-json\/wp\/v2\/media?parent=278"}],"wp:term":[{"taxonomy":"product_brand","embeddable":true,"href":"https:\/\/shopthoitrang.azdigi.shop\/index.php\/wp-json\/wp\/v2\/product_brand?post=278"},{"taxonomy":"product_cat","embeddable":true,"href":"https:\/\/shopthoitrang.azdigi.shop\/index.php\/wp-json\/wp\/v2\/product_cat?post=278"},{"taxonomy":"product_tag","embeddable":true,"href":"https:\/\/shopthoitrang.azdigi.shop\/index.php\/wp-json\/wp\/v2\/product_tag?post=278"}],"curies":[{"name":"wp","href":"https:\/\/api.w.org\/{rel}","templated":true}]}}