{"id":274,"date":"2026-03-28T12:14:22","date_gmt":"2026-03-28T12:14:22","guid":{"rendered":"https:\/\/shopthoitrang.azdigi.shop\/?post_type=product&#038;p=274"},"modified":"2026-03-28T15:35:47","modified_gmt":"2026-03-28T15:35:47","slug":"vay-cong-chua-rococo-xep-tang","status":"publish","type":"product","link":"https:\/\/shopthoitrang.azdigi.shop\/index.php\/product\/vay-cong-chua-rococo-xep-tang\/","title":{"rendered":"V\u00e1y C\u00f4ng Ch\u00faa Rococo X\u1ebfp T\u1ea7ng"},"content":{"rendered":"<p data-path-to-node=\"1\"><b data-path-to-node=\"1\" data-index-in-node=\"0\"><span dir=\"auto\" style=\"vertical-align: inherit;\"><span dir=\"auto\" style=\"vertical-align: inherit;\">V\u00e1y C\u00f4ng Ch\u00faa Rococo X\u1ebfp t\u1ea7ng<\/span><\/span><\/b><span dir=\"auto\" style=\"vertical-align: inherit;\"><span dir=\"auto\" style=\"vertical-align: inherit;\"> l\u00e0 m\u1ed9t ki\u1ec7t t\u00e1c th\u1eddi trang t\u00e1i hi\u1ec7n v\u1ebb \u0111\u1eb9p ng\u1ef1a l\u1eaby v\u00e0 xa hoa c\u1ee7a trang ph\u1ee5c ho\u00e0ng gia Ph\u00e1p th\u1ebf k\u1ef7 18. Chi\u1ebfc v\u00e1y v\u00e1y g\u00e2y \u1ea5n t\u01b0\u1ee3ng m\u1ea1nh v\u1edbi thi\u1ebft k\u1ebf Corset \u0111\u1ecbnh h\u00ecnh v\u00f2ng eo ph\u1ed1i c\u00f9ng t\u00f4ng m\u00e0u xanh b\u1ea1c h\u00e0 v\u00e0 h\u1ed3ng pastel d\u1ecbu ng\u1ecdt. \u0110i\u1ec3m nh\u1ea5n gi\u00e1 nh\u1ea5t ch\u00ednh l\u00e0 ph\u1ea7n t\u00f9ng v\u00e1y b\u1ed3ng b\u1ec1nh b\u1ec1n b\u1ec9 nhi\u1ec1u t\u1ea7ng b\u00e8o ph\u1ed1i c\u00f9ng vi\u1ec1n ren tinh b\u1ed9t. Chi ti\u1ebft r\u01b0\u1ee3u quy\u1ebfn r\u0169 k\u1ebft h\u1ee3p c\u00f9ng c\u00e1c d\u1ea3i ruy b\u0103ng ruy n\u01a1 v\u00e0 d\u1ea3i ng\u1ecdc trai sang tr\u1ecdng mang l\u1ea1i v\u1ebb ngo\u00e0i v\u1eeba nh\u1eb9 nh\u00e0ng v\u1eeba cu\u1ed1n cu\u1ed1n. V\u00e1y C\u00f4ng Ch\u00faa Rococo T\u1ea7ng ch\u00ednh l\u00e0 tuy\u00ean ng\u00f4n th\u1eddi trang gi\u00fap b\u1ea1n t\u1ecfa s\u00e1ng r\u1ef1c r\u1ee1 v\u00e0 tr\u1edf th\u00e0nh t\u00e2m \u0111i\u1ec3m trong m\u1ecdi b\u1eefa ti\u1ec7c tr\u00e0 hay d\u1ea1o ph\u1ed1.<\/span><\/span><\/p>\n","protected":false},"excerpt":{"rendered":"<p>V\u00e1y C\u00f4ng Ch\u00faa Rococo X\u1ebfp t\u1ea7ng l\u00e0 m\u1ed9t ki\u1ec7t t\u00e1c th\u1eddi trang t\u00e1i hi\u1ec7n v\u1ebb \u0111\u1eb9p ng\u1ef1a l\u1eaby v\u00e0 xa hoa c\u1ee7a trang ph\u1ee5c ho\u00e0ng gia Ph\u00e1p th\u1ebf k\u1ef7 18. Chi\u1ebfc v\u00e1y v\u00e1y g\u00e2y \u1ea5n t\u01b0\u1ee3ng m\u1ea1nh v\u1edbi thi\u1ebft k\u1ebf Corset \u0111\u1ecbnh h\u00ecnh v\u00f2ng eo ph\u1ed1i c\u00f9ng t\u00f4ng m\u00e0u xanh b\u1ea1c h\u00e0 v\u00e0 h\u1ed3ng pastel [&#8230;]\n","protected":false},"featured_media":275,"comment_status":"open","ping_status":"closed","template":"","meta":[],"product_brand":[],"product_cat":[16],"product_tag":[],"class_list":{"0":"post-274","1":"product","2":"type-product","3":"status-publish","4":"has-post-thumbnail","6":"product_cat-uncategorized","8":"first","9":"instock","10":"sale","11":"shipping-taxable","12":"purchasable","13":"product-type-variable"},"yoast_head":"<!-- This site is optimized with the Yoast SEO plugin v27.2 - https:\/\/yoast.com\/product\/yoast-seo-wordpress\/ -->\n<title>V\u00e1y C\u00f4ng Ch\u00faa Rococo X\u1ebfp T\u1ea7ng - Celeste<\/title>\n<meta name=\"description\" content=\"V\u00e1y C\u00f4ng Ch\u00faa Rococo X\u1ebfp T\u1ea7ng s\u1edf h\u1eefu thi\u1ebft k\u1ebf corset ph\u1ed1i ren tinh t\u1ebf v\u00e0 t\u00f9ng v\u00e1y b\u00e8o t\u1ea7ng b\u1ed3ng b\u1ec1nh, mang l\u1ea1i v\u1ebb ngo\u00e0i chu\u1ea9n b\u00fap b\u00ea Lolita.\" \/>\n<meta name=\"robots\" content=\"index, follow, max-snippet:-1, max-image-preview:large, max-video-preview:-1\" \/>\n<link rel=\"canonical\" href=\"https:\/\/shopthoitrang.azdigi.shop\/index.php\/product\/vay-cong-chua-rococo-xep-tang\/\" \/>\n<meta property=\"og:locale\" content=\"en_US\" \/>\n<meta property=\"og:type\" content=\"article\" \/>\n<meta property=\"og:title\" content=\"V\u00e1y C\u00f4ng Ch\u00faa Rococo X\u1ebfp T\u1ea7ng - Celeste\" \/>\n<meta property=\"og:description\" content=\"V\u00e1y C\u00f4ng Ch\u00faa Rococo X\u1ebfp T\u1ea7ng s\u1edf h\u1eefu thi\u1ebft k\u1ebf corset ph\u1ed1i ren tinh t\u1ebf v\u00e0 t\u00f9ng v\u00e1y b\u00e8o t\u1ea7ng b\u1ed3ng b\u1ec1nh, mang l\u1ea1i v\u1ebb ngo\u00e0i chu\u1ea9n b\u00fap b\u00ea Lolita.\" \/>\n<meta property=\"og:url\" content=\"https:\/\/shopthoitrang.azdigi.shop\/index.php\/product\/vay-cong-chua-rococo-xep-tang\/\" \/>\n<meta property=\"og:site_name\" content=\"Celeste\" \/>\n<meta property=\"article:modified_time\" content=\"2026-03-28T15:35:47+00:00\" \/>\n<meta property=\"og:image\" content=\"https:\/\/shopthoitrang.azdigi.shop\/wp-content\/uploads\/2026\/03\/z7644403320160_98fc090a21100e32f8fc682908d85da5.jpg\" \/>\n\t<meta property=\"og:image:width\" content=\"736\" \/>\n\t<meta property=\"og:image:height\" content=\"978\" \/>\n\t<meta property=\"og:image:type\" content=\"image\/jpeg\" \/>\n<meta name=\"twitter:card\" content=\"summary_large_image\" \/>\n<meta name=\"twitter:label1\" content=\"Est. reading time\" \/>\n\t<meta name=\"twitter:data1\" content=\"1 minute\" \/>\n<script type=\"application\/ld+json\" class=\"yoast-schema-graph\">{\"@context\":\"https:\/\/schema.org\",\"@graph\":[{\"@type\":\"WebPage\",\"@id\":\"https:\/\/shopthoitrang.azdigi.shop\/index.php\/product\/vay-cong-chua-rococo-xep-tang\/\",\"url\":\"https:\/\/shopthoitrang.azdigi.shop\/index.php\/product\/vay-cong-chua-rococo-xep-tang\/\",\"name\":\"V\u00e1y C\u00f4ng Ch\u00faa Rococo X\u1ebfp T\u1ea7ng - Celeste\",\"isPartOf\":{\"@id\":\"https:\/\/shopthoitrang.azdigi.shop\/#website\"},\"primaryImageOfPage\":{\"@id\":\"https:\/\/shopthoitrang.azdigi.shop\/index.php\/product\/vay-cong-chua-rococo-xep-tang\/#primaryimage\"},\"image\":{\"@id\":\"https:\/\/shopthoitrang.azdigi.shop\/index.php\/product\/vay-cong-chua-rococo-xep-tang\/#primaryimage\"},\"thumbnailUrl\":\"https:\/\/shopthoitrang.azdigi.shop\/wp-content\/uploads\/2026\/03\/z7644403320160_98fc090a21100e32f8fc682908d85da5.jpg\",\"datePublished\":\"2026-03-28T12:14:22+00:00\",\"dateModified\":\"2026-03-28T15:35:47+00:00\",\"description\":\"V\u00e1y C\u00f4ng Ch\u00faa Rococo X\u1ebfp T\u1ea7ng s\u1edf h\u1eefu thi\u1ebft k\u1ebf corset ph\u1ed1i ren tinh t\u1ebf v\u00e0 t\u00f9ng v\u00e1y b\u00e8o t\u1ea7ng b\u1ed3ng b\u1ec1nh, mang l\u1ea1i v\u1ebb ngo\u00e0i chu\u1ea9n b\u00fap b\u00ea Lolita.\",\"breadcrumb\":{\"@id\":\"https:\/\/shopthoitrang.azdigi.shop\/index.php\/product\/vay-cong-chua-rococo-xep-tang\/#breadcrumb\"},\"inLanguage\":\"en-US\",\"potentialAction\":[{\"@type\":\"ReadAction\",\"target\":[\"https:\/\/shopthoitrang.azdigi.shop\/index.php\/product\/vay-cong-chua-rococo-xep-tang\/\"]}]},{\"@type\":\"ImageObject\",\"inLanguage\":\"en-US\",\"@id\":\"https:\/\/shopthoitrang.azdigi.shop\/index.php\/product\/vay-cong-chua-rococo-xep-tang\/#primaryimage\",\"url\":\"https:\/\/shopthoitrang.azdigi.shop\/wp-content\/uploads\/2026\/03\/z7644403320160_98fc090a21100e32f8fc682908d85da5.jpg\",\"contentUrl\":\"https:\/\/shopthoitrang.azdigi.shop\/wp-content\/uploads\/2026\/03\/z7644403320160_98fc090a21100e32f8fc682908d85da5.jpg\",\"width\":736,\"height\":978},{\"@type\":\"BreadcrumbList\",\"@id\":\"https:\/\/shopthoitrang.azdigi.shop\/index.php\/product\/vay-cong-chua-rococo-xep-tang\/#breadcrumb\",\"itemListElement\":[{\"@type\":\"ListItem\",\"position\":1,\"name\":\"Home\",\"item\":\"https:\/\/shopthoitrang.azdigi.shop\/\"},{\"@type\":\"ListItem\",\"position\":2,\"name\":\"Shop\",\"item\":\"https:\/\/shopthoitrang.azdigi.shop\/index.php\/shop\/\"},{\"@type\":\"ListItem\",\"position\":3,\"name\":\"V\u00e1y C\u00f4ng Ch\u00faa Rococo X\u1ebfp T\u1ea7ng\"}]},{\"@type\":\"WebSite\",\"@id\":\"https:\/\/shopthoitrang.azdigi.shop\/#website\",\"url\":\"https:\/\/shopthoitrang.azdigi.shop\/\",\"name\":\"Celeste\",\"description\":\"Shop n\u00e0ng th\u01a1\",\"potentialAction\":[{\"@type\":\"SearchAction\",\"target\":{\"@type\":\"EntryPoint\",\"urlTemplate\":\"https:\/\/shopthoitrang.azdigi.shop\/?s={search_term_string}\"},\"query-input\":{\"@type\":\"PropertyValueSpecification\",\"valueRequired\":true,\"valueName\":\"search_term_string\"}}],\"inLanguage\":\"en-US\"}]}<\/script>\n<!-- \/ Yoast SEO plugin. -->","yoast_head_json":{"title":"V\u00e1y C\u00f4ng Ch\u00faa Rococo X\u1ebfp T\u1ea7ng - Celeste","description":"V\u00e1y C\u00f4ng Ch\u00faa Rococo X\u1ebfp T\u1ea7ng s\u1edf h\u1eefu thi\u1ebft k\u1ebf corset ph\u1ed1i ren tinh t\u1ebf v\u00e0 t\u00f9ng v\u00e1y b\u00e8o t\u1ea7ng b\u1ed3ng b\u1ec1nh, mang l\u1ea1i v\u1ebb ngo\u00e0i chu\u1ea9n b\u00fap b\u00ea Lolita.","robots":{"index":"index","follow":"follow","max-snippet":"max-snippet:-1","max-image-preview":"max-image-preview:large","max-video-preview":"max-video-preview:-1"},"canonical":"https:\/\/shopthoitrang.azdigi.shop\/index.php\/product\/vay-cong-chua-rococo-xep-tang\/","og_locale":"en_US","og_type":"article","og_title":"V\u00e1y C\u00f4ng Ch\u00faa Rococo X\u1ebfp T\u1ea7ng - Celeste","og_description":"V\u00e1y C\u00f4ng Ch\u00faa Rococo X\u1ebfp T\u1ea7ng s\u1edf h\u1eefu thi\u1ebft k\u1ebf corset ph\u1ed1i ren tinh t\u1ebf v\u00e0 t\u00f9ng v\u00e1y b\u00e8o t\u1ea7ng b\u1ed3ng b\u1ec1nh, mang l\u1ea1i v\u1ebb ngo\u00e0i chu\u1ea9n b\u00fap b\u00ea Lolita.","og_url":"https:\/\/shopthoitrang.azdigi.shop\/index.php\/product\/vay-cong-chua-rococo-xep-tang\/","og_site_name":"Celeste","article_modified_time":"2026-03-28T15:35:47+00:00","og_image":[{"width":736,"height":978,"url":"https:\/\/shopthoitrang.azdigi.shop\/wp-content\/uploads\/2026\/03\/z7644403320160_98fc090a21100e32f8fc682908d85da5.jpg","type":"image\/jpeg"}],"twitter_card":"summary_large_image","twitter_misc":{"Est. reading time":"1 minute"},"schema":{"@context":"https:\/\/schema.org","@graph":[{"@type":"WebPage","@id":"https:\/\/shopthoitrang.azdigi.shop\/index.php\/product\/vay-cong-chua-rococo-xep-tang\/","url":"https:\/\/shopthoitrang.azdigi.shop\/index.php\/product\/vay-cong-chua-rococo-xep-tang\/","name":"V\u00e1y C\u00f4ng Ch\u00faa Rococo X\u1ebfp T\u1ea7ng - Celeste","isPartOf":{"@id":"https:\/\/shopthoitrang.azdigi.shop\/#website"},"primaryImageOfPage":{"@id":"https:\/\/shopthoitrang.azdigi.shop\/index.php\/product\/vay-cong-chua-rococo-xep-tang\/#primaryimage"},"image":{"@id":"https:\/\/shopthoitrang.azdigi.shop\/index.php\/product\/vay-cong-chua-rococo-xep-tang\/#primaryimage"},"thumbnailUrl":"https:\/\/shopthoitrang.azdigi.shop\/wp-content\/uploads\/2026\/03\/z7644403320160_98fc090a21100e32f8fc682908d85da5.jpg","datePublished":"2026-03-28T12:14:22+00:00","dateModified":"2026-03-28T15:35:47+00:00","description":"V\u00e1y C\u00f4ng Ch\u00faa Rococo X\u1ebfp T\u1ea7ng s\u1edf h\u1eefu thi\u1ebft k\u1ebf corset ph\u1ed1i ren tinh t\u1ebf v\u00e0 t\u00f9ng v\u00e1y b\u00e8o t\u1ea7ng b\u1ed3ng b\u1ec1nh, mang l\u1ea1i v\u1ebb ngo\u00e0i chu\u1ea9n b\u00fap b\u00ea Lolita.","breadcrumb":{"@id":"https:\/\/shopthoitrang.azdigi.shop\/index.php\/product\/vay-cong-chua-rococo-xep-tang\/#breadcrumb"},"inLanguage":"en-US","potentialAction":[{"@type":"ReadAction","target":["https:\/\/shopthoitrang.azdigi.shop\/index.php\/product\/vay-cong-chua-rococo-xep-tang\/"]}]},{"@type":"ImageObject","inLanguage":"en-US","@id":"https:\/\/shopthoitrang.azdigi.shop\/index.php\/product\/vay-cong-chua-rococo-xep-tang\/#primaryimage","url":"https:\/\/shopthoitrang.azdigi.shop\/wp-content\/uploads\/2026\/03\/z7644403320160_98fc090a21100e32f8fc682908d85da5.jpg","contentUrl":"https:\/\/shopthoitrang.azdigi.shop\/wp-content\/uploads\/2026\/03\/z7644403320160_98fc090a21100e32f8fc682908d85da5.jpg","width":736,"height":978},{"@type":"BreadcrumbList","@id":"https:\/\/shopthoitrang.azdigi.shop\/index.php\/product\/vay-cong-chua-rococo-xep-tang\/#breadcrumb","itemListElement":[{"@type":"ListItem","position":1,"name":"Home","item":"https:\/\/shopthoitrang.azdigi.shop\/"},{"@type":"ListItem","position":2,"name":"Shop","item":"https:\/\/shopthoitrang.azdigi.shop\/index.php\/shop\/"},{"@type":"ListItem","position":3,"name":"V\u00e1y C\u00f4ng Ch\u00faa Rococo X\u1ebfp T\u1ea7ng"}]},{"@type":"WebSite","@id":"https:\/\/shopthoitrang.azdigi.shop\/#website","url":"https:\/\/shopthoitrang.azdigi.shop\/","name":"Celeste","description":"Shop n\u00e0ng th\u01a1","potentialAction":[{"@type":"SearchAction","target":{"@type":"EntryPoint","urlTemplate":"https:\/\/shopthoitrang.azdigi.shop\/?s={search_term_string}"},"query-input":{"@type":"PropertyValueSpecification","valueRequired":true,"valueName":"search_term_string"}}],"inLanguage":"en-US"}]}},"jetpack_sharing_enabled":true,"_links":{"self":[{"href":"https:\/\/shopthoitrang.azdigi.shop\/index.php\/wp-json\/wp\/v2\/product\/274","targetHints":{"allow":["GET"]}}],"collection":[{"href":"https:\/\/shopthoitrang.azdigi.shop\/index.php\/wp-json\/wp\/v2\/product"}],"about":[{"href":"https:\/\/shopthoitrang.azdigi.shop\/index.php\/wp-json\/wp\/v2\/types\/product"}],"replies":[{"embeddable":true,"href":"https:\/\/shopthoitrang.azdigi.shop\/index.php\/wp-json\/wp\/v2\/comments?post=274"}],"wp:featuredmedia":[{"embeddable":true,"href":"https:\/\/shopthoitrang.azdigi.shop\/index.php\/wp-json\/wp\/v2\/media\/275"}],"wp:attachment":[{"href":"https:\/\/shopthoitrang.azdigi.shop\/index.php\/wp-json\/wp\/v2\/media?parent=274"}],"wp:term":[{"taxonomy":"product_brand","embeddable":true,"href":"https:\/\/shopthoitrang.azdigi.shop\/index.php\/wp-json\/wp\/v2\/product_brand?post=274"},{"taxonomy":"product_cat","embeddable":true,"href":"https:\/\/shopthoitrang.azdigi.shop\/index.php\/wp-json\/wp\/v2\/product_cat?post=274"},{"taxonomy":"product_tag","embeddable":true,"href":"https:\/\/shopthoitrang.azdigi.shop\/index.php\/wp-json\/wp\/v2\/product_tag?post=274"}],"curies":[{"name":"wp","href":"https:\/\/api.w.org\/{rel}","templated":true}]}}