{"id":268,"date":"2026-03-28T12:02:24","date_gmt":"2026-03-28T12:02:24","guid":{"rendered":"https:\/\/shopthoitrang.azdigi.shop\/?post_type=product&#038;p=268"},"modified":"2026-03-28T15:30:02","modified_gmt":"2026-03-28T15:30:02","slug":"vay-co-yem-van-may","status":"publish","type":"product","link":"https:\/\/shopthoitrang.azdigi.shop\/index.php\/product\/vay-co-yem-van-may\/","title":{"rendered":"V\u00e1y C\u1ed5 Y\u1ebfm V\u00e2n M\u00e2y"},"content":{"rendered":"<p><b data-path-to-node=\"1\" data-index-in-node=\"0\">V\u00e1y C\u1ed5 Y\u1ebfm V\u00e2n M\u00e2y<\/b> l\u00e0 m\u1ed9t t\u00e1c ph\u1ea9m th\u1eddi trang \u0111\u1ea7y ch\u1ea5t th\u01a1, \u0111\u01b0a b\u1ea1n l\u1ea1c v\u00e0o th\u1ebf gi\u1edbi c\u1ee7a s\u1ef1 nh\u1eb9 nh\u00e0ng v\u00e0 thanh khi\u1ebft. Chi\u1ebfc v\u00e1y g\u00e2y \u1ea5n t\u01b0\u1ee3ng m\u1ea1nh v\u1edbi thi\u1ebft k\u1ebf c\u1ed5 halter quy\u1ebfn r\u0169 k\u1ebft h\u1ee3p c\u00f9ng chi ti\u1ebft hoa b\u00e8o tinh x\u1ea3o th\u1eaft n\u01a1 \u1edf c\u1ed5, t\u1ea1o n\u00ean \u0111i\u1ec3m nh\u1ea5n v\u1eeba n\u1eef t\u00ednh v\u1eeba sang tr\u1ecdng. Ch\u1ea5t li\u1ec7u v\u1ea3i voan m\u1ecfng nh\u1eb9 v\u1edbi h\u1ecda ti\u1ebft loang m\u00e0u xanh tr\u1eafng t\u1ef1 nhi\u00ean nh\u01b0 nh\u1eefng \u0111\u00e1m m\u00e2y b\u1ed3ng b\u1ec1nh tr\u00ean b\u1ea7u tr\u1eddi tr\u1eddi h\u1ea1, mang l\u1ea1i c\u1ea3m gi\u00e1c m\u00e1t m\u1ebb v\u00e0 bay b\u1ed5ng cho ng\u01b0\u1eddi m\u1eb7c. V\u00e1y C\u1ed5 Y\u1ebfm V\u00e2n M\u00e2y ch\u00ednh l\u00e0 tuy\u00ean ng\u00f4n cho v\u1ebb \u0111\u1eb9p ng\u1ecdt ng\u00e0o, sang tr\u1ecdng t\u1ea1i m\u1ecdi bu\u1ed5i ti\u1ec7c t\u1ed1i hay d\u1ea1o ph\u1ed1.<\/p>\n","protected":false},"excerpt":{"rendered":"<p>V\u00e1y C\u1ed5 Y\u1ebfm V\u00e2n M\u00e2y l\u00e0 m\u1ed9t t\u00e1c ph\u1ea9m th\u1eddi trang \u0111\u1ea7y ch\u1ea5t th\u01a1, \u0111\u01b0a b\u1ea1n l\u1ea1c v\u00e0o th\u1ebf gi\u1edbi c\u1ee7a s\u1ef1 nh\u1eb9 nh\u00e0ng v\u00e0 thanh khi\u1ebft. Chi\u1ebfc v\u00e1y g\u00e2y \u1ea5n t\u01b0\u1ee3ng m\u1ea1nh v\u1edbi thi\u1ebft k\u1ebf c\u1ed5 halter quy\u1ebfn r\u0169 k\u1ebft h\u1ee3p c\u00f9ng chi ti\u1ebft hoa b\u00e8o tinh x\u1ea3o th\u1eaft n\u01a1 \u1edf c\u1ed5, t\u1ea1o n\u00ean [&#8230;]\n","protected":false},"featured_media":269,"comment_status":"open","ping_status":"closed","template":"","meta":[],"product_brand":[],"product_cat":[16],"product_tag":[],"class_list":{"0":"post-268","1":"product","2":"type-product","3":"status-publish","4":"has-post-thumbnail","6":"product_cat-uncategorized","8":"first","9":"instock","10":"shipping-taxable","11":"purchasable","12":"product-type-variable"},"yoast_head":"<!-- This site is optimized with the Yoast SEO plugin v27.2 - https:\/\/yoast.com\/product\/yoast-seo-wordpress\/ -->\n<title>V\u00e1y C\u1ed5 Y\u1ebfm V\u00e2n M\u00e2y - Celeste<\/title>\n<meta name=\"description\" content=\"V\u00e1y C\u1ed5 Y\u1ebfm V\u00e2n M\u00e2y s\u1edf h\u1eefu h\u1ecda ti\u1ebft loang xanh tr\u1eafng nh\u1eb9 nh\u00e0ng v\u00e0 ch\u00e2n v\u00e1y t\u1ea7ng b\u1ed3ng b\u1ec1nh, mang l\u1ea1i v\u1ebb ngo\u00e0i thanh l\u1ecbch, bay b\u1ed5ng.\" \/>\n<meta name=\"robots\" content=\"index, follow, max-snippet:-1, max-image-preview:large, max-video-preview:-1\" \/>\n<link rel=\"canonical\" href=\"https:\/\/shopthoitrang.azdigi.shop\/index.php\/product\/vay-co-yem-van-may\/\" \/>\n<meta property=\"og:locale\" content=\"en_US\" \/>\n<meta property=\"og:type\" content=\"article\" \/>\n<meta property=\"og:title\" content=\"V\u00e1y C\u1ed5 Y\u1ebfm V\u00e2n M\u00e2y - Celeste\" \/>\n<meta property=\"og:description\" content=\"V\u00e1y C\u1ed5 Y\u1ebfm V\u00e2n M\u00e2y s\u1edf h\u1eefu h\u1ecda ti\u1ebft loang xanh tr\u1eafng nh\u1eb9 nh\u00e0ng v\u00e0 ch\u00e2n v\u00e1y t\u1ea7ng b\u1ed3ng b\u1ec1nh, mang l\u1ea1i v\u1ebb ngo\u00e0i thanh l\u1ecbch, bay b\u1ed5ng.\" \/>\n<meta property=\"og:url\" content=\"https:\/\/shopthoitrang.azdigi.shop\/index.php\/product\/vay-co-yem-van-may\/\" \/>\n<meta property=\"og:site_name\" content=\"Celeste\" \/>\n<meta property=\"article:modified_time\" content=\"2026-03-28T15:30:02+00:00\" \/>\n<meta property=\"og:image\" content=\"https:\/\/shopthoitrang.azdigi.shop\/wp-content\/uploads\/2026\/03\/z7641994316096_9b2fd2389662a3e20884dd6c00baeb03-1.jpg\" \/>\n\t<meta property=\"og:image:width\" content=\"736\" \/>\n\t<meta property=\"og:image:height\" content=\"882\" \/>\n\t<meta property=\"og:image:type\" content=\"image\/jpeg\" \/>\n<meta name=\"twitter:card\" content=\"summary_large_image\" \/>\n<meta name=\"twitter:label1\" content=\"Est. reading time\" \/>\n\t<meta name=\"twitter:data1\" content=\"1 minute\" \/>\n<script type=\"application\/ld+json\" class=\"yoast-schema-graph\">{\"@context\":\"https:\/\/schema.org\",\"@graph\":[{\"@type\":\"WebPage\",\"@id\":\"https:\/\/shopthoitrang.azdigi.shop\/index.php\/product\/vay-co-yem-van-may\/\",\"url\":\"https:\/\/shopthoitrang.azdigi.shop\/index.php\/product\/vay-co-yem-van-may\/\",\"name\":\"V\u00e1y C\u1ed5 Y\u1ebfm V\u00e2n M\u00e2y - Celeste\",\"isPartOf\":{\"@id\":\"https:\/\/shopthoitrang.azdigi.shop\/#website\"},\"primaryImageOfPage\":{\"@id\":\"https:\/\/shopthoitrang.azdigi.shop\/index.php\/product\/vay-co-yem-van-may\/#primaryimage\"},\"image\":{\"@id\":\"https:\/\/shopthoitrang.azdigi.shop\/index.php\/product\/vay-co-yem-van-may\/#primaryimage\"},\"thumbnailUrl\":\"https:\/\/shopthoitrang.azdigi.shop\/wp-content\/uploads\/2026\/03\/z7641994316096_9b2fd2389662a3e20884dd6c00baeb03-1.jpg\",\"datePublished\":\"2026-03-28T12:02:24+00:00\",\"dateModified\":\"2026-03-28T15:30:02+00:00\",\"description\":\"V\u00e1y C\u1ed5 Y\u1ebfm V\u00e2n M\u00e2y s\u1edf h\u1eefu h\u1ecda ti\u1ebft loang xanh tr\u1eafng nh\u1eb9 nh\u00e0ng v\u00e0 ch\u00e2n v\u00e1y t\u1ea7ng b\u1ed3ng b\u1ec1nh, mang l\u1ea1i v\u1ebb ngo\u00e0i thanh l\u1ecbch, bay b\u1ed5ng.\",\"breadcrumb\":{\"@id\":\"https:\/\/shopthoitrang.azdigi.shop\/index.php\/product\/vay-co-yem-van-may\/#breadcrumb\"},\"inLanguage\":\"en-US\",\"potentialAction\":[{\"@type\":\"ReadAction\",\"target\":[\"https:\/\/shopthoitrang.azdigi.shop\/index.php\/product\/vay-co-yem-van-may\/\"]}]},{\"@type\":\"ImageObject\",\"inLanguage\":\"en-US\",\"@id\":\"https:\/\/shopthoitrang.azdigi.shop\/index.php\/product\/vay-co-yem-van-may\/#primaryimage\",\"url\":\"https:\/\/shopthoitrang.azdigi.shop\/wp-content\/uploads\/2026\/03\/z7641994316096_9b2fd2389662a3e20884dd6c00baeb03-1.jpg\",\"contentUrl\":\"https:\/\/shopthoitrang.azdigi.shop\/wp-content\/uploads\/2026\/03\/z7641994316096_9b2fd2389662a3e20884dd6c00baeb03-1.jpg\",\"width\":736,\"height\":882},{\"@type\":\"BreadcrumbList\",\"@id\":\"https:\/\/shopthoitrang.azdigi.shop\/index.php\/product\/vay-co-yem-van-may\/#breadcrumb\",\"itemListElement\":[{\"@type\":\"ListItem\",\"position\":1,\"name\":\"Home\",\"item\":\"https:\/\/shopthoitrang.azdigi.shop\/\"},{\"@type\":\"ListItem\",\"position\":2,\"name\":\"Shop\",\"item\":\"https:\/\/shopthoitrang.azdigi.shop\/index.php\/shop\/\"},{\"@type\":\"ListItem\",\"position\":3,\"name\":\"V\u00e1y C\u1ed5 Y\u1ebfm V\u00e2n M\u00e2y\"}]},{\"@type\":\"WebSite\",\"@id\":\"https:\/\/shopthoitrang.azdigi.shop\/#website\",\"url\":\"https:\/\/shopthoitrang.azdigi.shop\/\",\"name\":\"Celeste\",\"description\":\"Shop n\u00e0ng th\u01a1\",\"potentialAction\":[{\"@type\":\"SearchAction\",\"target\":{\"@type\":\"EntryPoint\",\"urlTemplate\":\"https:\/\/shopthoitrang.azdigi.shop\/?s={search_term_string}\"},\"query-input\":{\"@type\":\"PropertyValueSpecification\",\"valueRequired\":true,\"valueName\":\"search_term_string\"}}],\"inLanguage\":\"en-US\"}]}<\/script>\n<!-- \/ Yoast SEO plugin. -->","yoast_head_json":{"title":"V\u00e1y C\u1ed5 Y\u1ebfm V\u00e2n M\u00e2y - Celeste","description":"V\u00e1y C\u1ed5 Y\u1ebfm V\u00e2n M\u00e2y s\u1edf h\u1eefu h\u1ecda ti\u1ebft loang xanh tr\u1eafng nh\u1eb9 nh\u00e0ng v\u00e0 ch\u00e2n v\u00e1y t\u1ea7ng b\u1ed3ng b\u1ec1nh, mang l\u1ea1i v\u1ebb ngo\u00e0i thanh l\u1ecbch, bay b\u1ed5ng.","robots":{"index":"index","follow":"follow","max-snippet":"max-snippet:-1","max-image-preview":"max-image-preview:large","max-video-preview":"max-video-preview:-1"},"canonical":"https:\/\/shopthoitrang.azdigi.shop\/index.php\/product\/vay-co-yem-van-may\/","og_locale":"en_US","og_type":"article","og_title":"V\u00e1y C\u1ed5 Y\u1ebfm V\u00e2n M\u00e2y - Celeste","og_description":"V\u00e1y C\u1ed5 Y\u1ebfm V\u00e2n M\u00e2y s\u1edf h\u1eefu h\u1ecda ti\u1ebft loang xanh tr\u1eafng nh\u1eb9 nh\u00e0ng v\u00e0 ch\u00e2n v\u00e1y t\u1ea7ng b\u1ed3ng b\u1ec1nh, mang l\u1ea1i v\u1ebb ngo\u00e0i thanh l\u1ecbch, bay b\u1ed5ng.","og_url":"https:\/\/shopthoitrang.azdigi.shop\/index.php\/product\/vay-co-yem-van-may\/","og_site_name":"Celeste","article_modified_time":"2026-03-28T15:30:02+00:00","og_image":[{"width":736,"height":882,"url":"https:\/\/shopthoitrang.azdigi.shop\/wp-content\/uploads\/2026\/03\/z7641994316096_9b2fd2389662a3e20884dd6c00baeb03-1.jpg","type":"image\/jpeg"}],"twitter_card":"summary_large_image","twitter_misc":{"Est. reading time":"1 minute"},"schema":{"@context":"https:\/\/schema.org","@graph":[{"@type":"WebPage","@id":"https:\/\/shopthoitrang.azdigi.shop\/index.php\/product\/vay-co-yem-van-may\/","url":"https:\/\/shopthoitrang.azdigi.shop\/index.php\/product\/vay-co-yem-van-may\/","name":"V\u00e1y C\u1ed5 Y\u1ebfm V\u00e2n M\u00e2y - Celeste","isPartOf":{"@id":"https:\/\/shopthoitrang.azdigi.shop\/#website"},"primaryImageOfPage":{"@id":"https:\/\/shopthoitrang.azdigi.shop\/index.php\/product\/vay-co-yem-van-may\/#primaryimage"},"image":{"@id":"https:\/\/shopthoitrang.azdigi.shop\/index.php\/product\/vay-co-yem-van-may\/#primaryimage"},"thumbnailUrl":"https:\/\/shopthoitrang.azdigi.shop\/wp-content\/uploads\/2026\/03\/z7641994316096_9b2fd2389662a3e20884dd6c00baeb03-1.jpg","datePublished":"2026-03-28T12:02:24+00:00","dateModified":"2026-03-28T15:30:02+00:00","description":"V\u00e1y C\u1ed5 Y\u1ebfm V\u00e2n M\u00e2y s\u1edf h\u1eefu h\u1ecda ti\u1ebft loang xanh tr\u1eafng nh\u1eb9 nh\u00e0ng v\u00e0 ch\u00e2n v\u00e1y t\u1ea7ng b\u1ed3ng b\u1ec1nh, mang l\u1ea1i v\u1ebb ngo\u00e0i thanh l\u1ecbch, bay b\u1ed5ng.","breadcrumb":{"@id":"https:\/\/shopthoitrang.azdigi.shop\/index.php\/product\/vay-co-yem-van-may\/#breadcrumb"},"inLanguage":"en-US","potentialAction":[{"@type":"ReadAction","target":["https:\/\/shopthoitrang.azdigi.shop\/index.php\/product\/vay-co-yem-van-may\/"]}]},{"@type":"ImageObject","inLanguage":"en-US","@id":"https:\/\/shopthoitrang.azdigi.shop\/index.php\/product\/vay-co-yem-van-may\/#primaryimage","url":"https:\/\/shopthoitrang.azdigi.shop\/wp-content\/uploads\/2026\/03\/z7641994316096_9b2fd2389662a3e20884dd6c00baeb03-1.jpg","contentUrl":"https:\/\/shopthoitrang.azdigi.shop\/wp-content\/uploads\/2026\/03\/z7641994316096_9b2fd2389662a3e20884dd6c00baeb03-1.jpg","width":736,"height":882},{"@type":"BreadcrumbList","@id":"https:\/\/shopthoitrang.azdigi.shop\/index.php\/product\/vay-co-yem-van-may\/#breadcrumb","itemListElement":[{"@type":"ListItem","position":1,"name":"Home","item":"https:\/\/shopthoitrang.azdigi.shop\/"},{"@type":"ListItem","position":2,"name":"Shop","item":"https:\/\/shopthoitrang.azdigi.shop\/index.php\/shop\/"},{"@type":"ListItem","position":3,"name":"V\u00e1y C\u1ed5 Y\u1ebfm V\u00e2n M\u00e2y"}]},{"@type":"WebSite","@id":"https:\/\/shopthoitrang.azdigi.shop\/#website","url":"https:\/\/shopthoitrang.azdigi.shop\/","name":"Celeste","description":"Shop n\u00e0ng th\u01a1","potentialAction":[{"@type":"SearchAction","target":{"@type":"EntryPoint","urlTemplate":"https:\/\/shopthoitrang.azdigi.shop\/?s={search_term_string}"},"query-input":{"@type":"PropertyValueSpecification","valueRequired":true,"valueName":"search_term_string"}}],"inLanguage":"en-US"}]}},"jetpack_sharing_enabled":true,"_links":{"self":[{"href":"https:\/\/shopthoitrang.azdigi.shop\/index.php\/wp-json\/wp\/v2\/product\/268","targetHints":{"allow":["GET"]}}],"collection":[{"href":"https:\/\/shopthoitrang.azdigi.shop\/index.php\/wp-json\/wp\/v2\/product"}],"about":[{"href":"https:\/\/shopthoitrang.azdigi.shop\/index.php\/wp-json\/wp\/v2\/types\/product"}],"replies":[{"embeddable":true,"href":"https:\/\/shopthoitrang.azdigi.shop\/index.php\/wp-json\/wp\/v2\/comments?post=268"}],"wp:featuredmedia":[{"embeddable":true,"href":"https:\/\/shopthoitrang.azdigi.shop\/index.php\/wp-json\/wp\/v2\/media\/269"}],"wp:attachment":[{"href":"https:\/\/shopthoitrang.azdigi.shop\/index.php\/wp-json\/wp\/v2\/media?parent=268"}],"wp:term":[{"taxonomy":"product_brand","embeddable":true,"href":"https:\/\/shopthoitrang.azdigi.shop\/index.php\/wp-json\/wp\/v2\/product_brand?post=268"},{"taxonomy":"product_cat","embeddable":true,"href":"https:\/\/shopthoitrang.azdigi.shop\/index.php\/wp-json\/wp\/v2\/product_cat?post=268"},{"taxonomy":"product_tag","embeddable":true,"href":"https:\/\/shopthoitrang.azdigi.shop\/index.php\/wp-json\/wp\/v2\/product_tag?post=268"}],"curies":[{"name":"wp","href":"https:\/\/api.w.org\/{rel}","templated":true}]}}