{"id":264,"date":"2026-03-28T11:56:12","date_gmt":"2026-03-28T11:56:12","guid":{"rendered":"https:\/\/shopthoitrang.azdigi.shop\/?post_type=product&#038;p=264"},"modified":"2026-03-28T11:56:12","modified_gmt":"2026-03-28T11:56:12","slug":"vay-beo-tang-ngot-ngao","status":"publish","type":"product","link":"https:\/\/shopthoitrang.azdigi.shop\/index.php\/product\/vay-beo-tang-ngot-ngao\/","title":{"rendered":"V\u00e1y B\u00e8o T\u1ea7ng Ng\u1ecdt Ng\u00e0o"},"content":{"rendered":"<p><b data-path-to-node=\"2\" data-index-in-node=\"0\">V\u00e1y B\u00e8o T\u1ea7ng Ng\u1ecdt Ng\u00e0o<\/b> l\u00e0 l\u1ef1a ch\u1ecdn l\u00fd t\u01b0\u1edfng cho nh\u1eefng c\u00f4 n\u00e0ng theo \u0111u\u1ed5i phong c\u00e1ch Lolita \u0111i\u1ec7u \u0111\u00e0 v\u00e0 n\u1eef t\u00ednh. Thi\u1ebft k\u1ebf g\u00e2y \u1ea5n t\u01b0\u1ee3ng ngay t\u1eeb c\u00e1i nh\u00ecn \u0111\u1ea7u ti\u00ean v\u1edbi gam m\u00e0u tr\u1eafng kem trong tr\u1ebbo v\u00e0 ki\u1ec3u d\u00e1ng b\u00fap b\u00ea b\u1ed3ng b\u1ec1nh. \u0110i\u1ec3m nh\u1ea5n \u0111\u1eaft gi\u00e1 c\u1ee7a b\u1ed9 trang ph\u1ee5c n\u1eb1m \u1edf ph\u1ea7n t\u00f9ng v\u00e1y \u0111\u01b0\u1ee3c x\u1ebfp nhi\u1ec1u t\u1ea7ng ph\u1ed1i c\u00f9ng vi\u1ec1n ren tinh x\u1ea3o, t\u1ea1o \u0111\u1ed9 x\u00f2e ho\u00e0n h\u1ea3o v\u00e0 s\u1ef1 th\u01b0\u1edbt tha trong t\u1eebng b\u01b0\u1edbc di chuy\u1ec3n. Chi ti\u1ebft \u00e1o tr\u1ec5 vai quy\u1ebfn r\u0169 k\u1ebft h\u1ee3p c\u00f9ng c\u00e1c d\u1ea3i ruy b\u0103ng th\u1eaft n\u01a1. V\u00e1y B\u00e8o T\u1ea7ng Ng\u1ecdt Ng\u00e0o ch\u00ednh l\u00e0 tuy\u00ean ng\u00f4n th\u1eddi trang gi\u00fap b\u1ea1n t\u1ecfa s\u00e1ng r\u1ef1c r\u1ee1 v\u00e0 tr\u1edf th\u00e0nh t\u00e2m \u0111i\u1ec3m trong m\u1ecdi bu\u1ed5i ti\u1ec7c tr\u00e0 hay d\u1ea1o ph\u1ed1.<\/p>\n","protected":false},"excerpt":{"rendered":"<p>V\u00e1y B\u00e8o T\u1ea7ng Ng\u1ecdt Ng\u00e0o l\u00e0 l\u1ef1a ch\u1ecdn l\u00fd t\u01b0\u1edfng cho nh\u1eefng c\u00f4 n\u00e0ng theo \u0111u\u1ed5i phong c\u00e1ch Lolita \u0111i\u1ec7u \u0111\u00e0 v\u00e0 n\u1eef t\u00ednh. Thi\u1ebft k\u1ebf g\u00e2y \u1ea5n t\u01b0\u1ee3ng ngay t\u1eeb c\u00e1i nh\u00ecn \u0111\u1ea7u ti\u00ean v\u1edbi gam m\u00e0u tr\u1eafng kem trong tr\u1ebbo v\u00e0 ki\u1ec3u d\u00e1ng b\u00fap b\u00ea b\u1ed3ng b\u1ec1nh. \u0110i\u1ec3m nh\u1ea5n \u0111\u1eaft gi\u00e1 c\u1ee7a b\u1ed9 [&#8230;]\n","protected":false},"featured_media":265,"comment_status":"open","ping_status":"closed","template":"","meta":[],"product_brand":[],"product_cat":[16],"product_tag":[],"class_list":{"0":"post-264","1":"product","2":"type-product","3":"status-publish","4":"has-post-thumbnail","6":"product_cat-uncategorized","8":"first","9":"instock","10":"shipping-taxable","11":"purchasable","12":"product-type-variable"},"yoast_head":"<!-- This site is optimized with the Yoast SEO plugin v27.2 - https:\/\/yoast.com\/product\/yoast-seo-wordpress\/ -->\n<title>V\u00e1y B\u00e8o T\u1ea7ng Ng\u1ecdt Ng\u00e0o - Celeste<\/title>\n<meta name=\"description\" content=\"V\u00e1y B\u00e8o T\u1ea7ng Ng\u1ecdt Ng\u00e0o s\u1edf h\u1eefu thi\u1ebft k\u1ebf tr\u1ec5 vai ph\u1ed1i ren tinh t\u1ebf v\u00e0 t\u00f9ng v\u00e1y b\u00e8o t\u1ea7ng b\u1ed3ng b\u1ec1nh, mang l\u1ea1i v\u1ebb ngo\u00e0i chu\u1ea9n b\u00fap b\u00ea Lolita.\" \/>\n<meta name=\"robots\" content=\"index, follow, max-snippet:-1, max-image-preview:large, max-video-preview:-1\" \/>\n<link rel=\"canonical\" href=\"https:\/\/shopthoitrang.azdigi.shop\/index.php\/product\/vay-beo-tang-ngot-ngao\/\" \/>\n<meta property=\"og:locale\" content=\"en_US\" \/>\n<meta property=\"og:type\" content=\"article\" \/>\n<meta property=\"og:title\" content=\"V\u00e1y B\u00e8o T\u1ea7ng Ng\u1ecdt Ng\u00e0o - Celeste\" \/>\n<meta property=\"og:description\" content=\"V\u00e1y B\u00e8o T\u1ea7ng Ng\u1ecdt Ng\u00e0o s\u1edf h\u1eefu thi\u1ebft k\u1ebf tr\u1ec5 vai ph\u1ed1i ren tinh t\u1ebf v\u00e0 t\u00f9ng v\u00e1y b\u00e8o t\u1ea7ng b\u1ed3ng b\u1ec1nh, mang l\u1ea1i v\u1ebb ngo\u00e0i chu\u1ea9n b\u00fap b\u00ea Lolita.\" \/>\n<meta property=\"og:url\" content=\"https:\/\/shopthoitrang.azdigi.shop\/index.php\/product\/vay-beo-tang-ngot-ngao\/\" \/>\n<meta property=\"og:site_name\" content=\"Celeste\" \/>\n<meta property=\"og:image\" content=\"https:\/\/shopthoitrang.azdigi.shop\/wp-content\/uploads\/2026\/03\/z7641977096112_cf09cea560eb7963f641a00e0932ed31.jpg\" \/>\n\t<meta property=\"og:image:width\" content=\"735\" \/>\n\t<meta property=\"og:image:height\" content=\"1023\" \/>\n\t<meta property=\"og:image:type\" content=\"image\/jpeg\" \/>\n<meta name=\"twitter:card\" content=\"summary_large_image\" \/>\n<meta name=\"twitter:label1\" content=\"Est. reading time\" \/>\n\t<meta name=\"twitter:data1\" content=\"1 minute\" \/>\n<script type=\"application\/ld+json\" class=\"yoast-schema-graph\">{\"@context\":\"https:\/\/schema.org\",\"@graph\":[{\"@type\":\"WebPage\",\"@id\":\"https:\/\/shopthoitrang.azdigi.shop\/index.php\/product\/vay-beo-tang-ngot-ngao\/\",\"url\":\"https:\/\/shopthoitrang.azdigi.shop\/index.php\/product\/vay-beo-tang-ngot-ngao\/\",\"name\":\"V\u00e1y B\u00e8o T\u1ea7ng Ng\u1ecdt Ng\u00e0o - Celeste\",\"isPartOf\":{\"@id\":\"https:\/\/shopthoitrang.azdigi.shop\/#website\"},\"primaryImageOfPage\":{\"@id\":\"https:\/\/shopthoitrang.azdigi.shop\/index.php\/product\/vay-beo-tang-ngot-ngao\/#primaryimage\"},\"image\":{\"@id\":\"https:\/\/shopthoitrang.azdigi.shop\/index.php\/product\/vay-beo-tang-ngot-ngao\/#primaryimage\"},\"thumbnailUrl\":\"https:\/\/shopthoitrang.azdigi.shop\/wp-content\/uploads\/2026\/03\/z7641977096112_cf09cea560eb7963f641a00e0932ed31.jpg\",\"datePublished\":\"2026-03-28T11:56:12+00:00\",\"description\":\"V\u00e1y B\u00e8o T\u1ea7ng Ng\u1ecdt Ng\u00e0o s\u1edf h\u1eefu thi\u1ebft k\u1ebf tr\u1ec5 vai ph\u1ed1i ren tinh t\u1ebf v\u00e0 t\u00f9ng v\u00e1y b\u00e8o t\u1ea7ng b\u1ed3ng b\u1ec1nh, mang l\u1ea1i v\u1ebb ngo\u00e0i chu\u1ea9n b\u00fap b\u00ea Lolita.\",\"breadcrumb\":{\"@id\":\"https:\/\/shopthoitrang.azdigi.shop\/index.php\/product\/vay-beo-tang-ngot-ngao\/#breadcrumb\"},\"inLanguage\":\"en-US\",\"potentialAction\":[{\"@type\":\"ReadAction\",\"target\":[\"https:\/\/shopthoitrang.azdigi.shop\/index.php\/product\/vay-beo-tang-ngot-ngao\/\"]}]},{\"@type\":\"ImageObject\",\"inLanguage\":\"en-US\",\"@id\":\"https:\/\/shopthoitrang.azdigi.shop\/index.php\/product\/vay-beo-tang-ngot-ngao\/#primaryimage\",\"url\":\"https:\/\/shopthoitrang.azdigi.shop\/wp-content\/uploads\/2026\/03\/z7641977096112_cf09cea560eb7963f641a00e0932ed31.jpg\",\"contentUrl\":\"https:\/\/shopthoitrang.azdigi.shop\/wp-content\/uploads\/2026\/03\/z7641977096112_cf09cea560eb7963f641a00e0932ed31.jpg\",\"width\":735,\"height\":1023},{\"@type\":\"BreadcrumbList\",\"@id\":\"https:\/\/shopthoitrang.azdigi.shop\/index.php\/product\/vay-beo-tang-ngot-ngao\/#breadcrumb\",\"itemListElement\":[{\"@type\":\"ListItem\",\"position\":1,\"name\":\"Home\",\"item\":\"https:\/\/shopthoitrang.azdigi.shop\/\"},{\"@type\":\"ListItem\",\"position\":2,\"name\":\"Shop\",\"item\":\"https:\/\/shopthoitrang.azdigi.shop\/index.php\/shop\/\"},{\"@type\":\"ListItem\",\"position\":3,\"name\":\"V\u00e1y B\u00e8o T\u1ea7ng Ng\u1ecdt Ng\u00e0o\"}]},{\"@type\":\"WebSite\",\"@id\":\"https:\/\/shopthoitrang.azdigi.shop\/#website\",\"url\":\"https:\/\/shopthoitrang.azdigi.shop\/\",\"name\":\"Celeste\",\"description\":\"Shop n\u00e0ng th\u01a1\",\"potentialAction\":[{\"@type\":\"SearchAction\",\"target\":{\"@type\":\"EntryPoint\",\"urlTemplate\":\"https:\/\/shopthoitrang.azdigi.shop\/?s={search_term_string}\"},\"query-input\":{\"@type\":\"PropertyValueSpecification\",\"valueRequired\":true,\"valueName\":\"search_term_string\"}}],\"inLanguage\":\"en-US\"}]}<\/script>\n<!-- \/ Yoast SEO plugin. -->","yoast_head_json":{"title":"V\u00e1y B\u00e8o T\u1ea7ng Ng\u1ecdt Ng\u00e0o - Celeste","description":"V\u00e1y B\u00e8o T\u1ea7ng Ng\u1ecdt Ng\u00e0o s\u1edf h\u1eefu thi\u1ebft k\u1ebf tr\u1ec5 vai ph\u1ed1i ren tinh t\u1ebf v\u00e0 t\u00f9ng v\u00e1y b\u00e8o t\u1ea7ng b\u1ed3ng b\u1ec1nh, mang l\u1ea1i v\u1ebb ngo\u00e0i chu\u1ea9n b\u00fap b\u00ea Lolita.","robots":{"index":"index","follow":"follow","max-snippet":"max-snippet:-1","max-image-preview":"max-image-preview:large","max-video-preview":"max-video-preview:-1"},"canonical":"https:\/\/shopthoitrang.azdigi.shop\/index.php\/product\/vay-beo-tang-ngot-ngao\/","og_locale":"en_US","og_type":"article","og_title":"V\u00e1y B\u00e8o T\u1ea7ng Ng\u1ecdt Ng\u00e0o - Celeste","og_description":"V\u00e1y B\u00e8o T\u1ea7ng Ng\u1ecdt Ng\u00e0o s\u1edf h\u1eefu thi\u1ebft k\u1ebf tr\u1ec5 vai ph\u1ed1i ren tinh t\u1ebf v\u00e0 t\u00f9ng v\u00e1y b\u00e8o t\u1ea7ng b\u1ed3ng b\u1ec1nh, mang l\u1ea1i v\u1ebb ngo\u00e0i chu\u1ea9n b\u00fap b\u00ea Lolita.","og_url":"https:\/\/shopthoitrang.azdigi.shop\/index.php\/product\/vay-beo-tang-ngot-ngao\/","og_site_name":"Celeste","og_image":[{"width":735,"height":1023,"url":"https:\/\/shopthoitrang.azdigi.shop\/wp-content\/uploads\/2026\/03\/z7641977096112_cf09cea560eb7963f641a00e0932ed31.jpg","type":"image\/jpeg"}],"twitter_card":"summary_large_image","twitter_misc":{"Est. reading time":"1 minute"},"schema":{"@context":"https:\/\/schema.org","@graph":[{"@type":"WebPage","@id":"https:\/\/shopthoitrang.azdigi.shop\/index.php\/product\/vay-beo-tang-ngot-ngao\/","url":"https:\/\/shopthoitrang.azdigi.shop\/index.php\/product\/vay-beo-tang-ngot-ngao\/","name":"V\u00e1y B\u00e8o T\u1ea7ng Ng\u1ecdt Ng\u00e0o - Celeste","isPartOf":{"@id":"https:\/\/shopthoitrang.azdigi.shop\/#website"},"primaryImageOfPage":{"@id":"https:\/\/shopthoitrang.azdigi.shop\/index.php\/product\/vay-beo-tang-ngot-ngao\/#primaryimage"},"image":{"@id":"https:\/\/shopthoitrang.azdigi.shop\/index.php\/product\/vay-beo-tang-ngot-ngao\/#primaryimage"},"thumbnailUrl":"https:\/\/shopthoitrang.azdigi.shop\/wp-content\/uploads\/2026\/03\/z7641977096112_cf09cea560eb7963f641a00e0932ed31.jpg","datePublished":"2026-03-28T11:56:12+00:00","description":"V\u00e1y B\u00e8o T\u1ea7ng Ng\u1ecdt Ng\u00e0o s\u1edf h\u1eefu thi\u1ebft k\u1ebf tr\u1ec5 vai ph\u1ed1i ren tinh t\u1ebf v\u00e0 t\u00f9ng v\u00e1y b\u00e8o t\u1ea7ng b\u1ed3ng b\u1ec1nh, mang l\u1ea1i v\u1ebb ngo\u00e0i chu\u1ea9n b\u00fap b\u00ea Lolita.","breadcrumb":{"@id":"https:\/\/shopthoitrang.azdigi.shop\/index.php\/product\/vay-beo-tang-ngot-ngao\/#breadcrumb"},"inLanguage":"en-US","potentialAction":[{"@type":"ReadAction","target":["https:\/\/shopthoitrang.azdigi.shop\/index.php\/product\/vay-beo-tang-ngot-ngao\/"]}]},{"@type":"ImageObject","inLanguage":"en-US","@id":"https:\/\/shopthoitrang.azdigi.shop\/index.php\/product\/vay-beo-tang-ngot-ngao\/#primaryimage","url":"https:\/\/shopthoitrang.azdigi.shop\/wp-content\/uploads\/2026\/03\/z7641977096112_cf09cea560eb7963f641a00e0932ed31.jpg","contentUrl":"https:\/\/shopthoitrang.azdigi.shop\/wp-content\/uploads\/2026\/03\/z7641977096112_cf09cea560eb7963f641a00e0932ed31.jpg","width":735,"height":1023},{"@type":"BreadcrumbList","@id":"https:\/\/shopthoitrang.azdigi.shop\/index.php\/product\/vay-beo-tang-ngot-ngao\/#breadcrumb","itemListElement":[{"@type":"ListItem","position":1,"name":"Home","item":"https:\/\/shopthoitrang.azdigi.shop\/"},{"@type":"ListItem","position":2,"name":"Shop","item":"https:\/\/shopthoitrang.azdigi.shop\/index.php\/shop\/"},{"@type":"ListItem","position":3,"name":"V\u00e1y B\u00e8o T\u1ea7ng Ng\u1ecdt Ng\u00e0o"}]},{"@type":"WebSite","@id":"https:\/\/shopthoitrang.azdigi.shop\/#website","url":"https:\/\/shopthoitrang.azdigi.shop\/","name":"Celeste","description":"Shop n\u00e0ng th\u01a1","potentialAction":[{"@type":"SearchAction","target":{"@type":"EntryPoint","urlTemplate":"https:\/\/shopthoitrang.azdigi.shop\/?s={search_term_string}"},"query-input":{"@type":"PropertyValueSpecification","valueRequired":true,"valueName":"search_term_string"}}],"inLanguage":"en-US"}]}},"jetpack_sharing_enabled":true,"_links":{"self":[{"href":"https:\/\/shopthoitrang.azdigi.shop\/index.php\/wp-json\/wp\/v2\/product\/264","targetHints":{"allow":["GET"]}}],"collection":[{"href":"https:\/\/shopthoitrang.azdigi.shop\/index.php\/wp-json\/wp\/v2\/product"}],"about":[{"href":"https:\/\/shopthoitrang.azdigi.shop\/index.php\/wp-json\/wp\/v2\/types\/product"}],"replies":[{"embeddable":true,"href":"https:\/\/shopthoitrang.azdigi.shop\/index.php\/wp-json\/wp\/v2\/comments?post=264"}],"wp:featuredmedia":[{"embeddable":true,"href":"https:\/\/shopthoitrang.azdigi.shop\/index.php\/wp-json\/wp\/v2\/media\/265"}],"wp:attachment":[{"href":"https:\/\/shopthoitrang.azdigi.shop\/index.php\/wp-json\/wp\/v2\/media?parent=264"}],"wp:term":[{"taxonomy":"product_brand","embeddable":true,"href":"https:\/\/shopthoitrang.azdigi.shop\/index.php\/wp-json\/wp\/v2\/product_brand?post=264"},{"taxonomy":"product_cat","embeddable":true,"href":"https:\/\/shopthoitrang.azdigi.shop\/index.php\/wp-json\/wp\/v2\/product_cat?post=264"},{"taxonomy":"product_tag","embeddable":true,"href":"https:\/\/shopthoitrang.azdigi.shop\/index.php\/wp-json\/wp\/v2\/product_tag?post=264"}],"curies":[{"name":"wp","href":"https:\/\/api.w.org\/{rel}","templated":true}]}}