{"id":252,"date":"2026-03-28T11:09:17","date_gmt":"2026-03-28T11:09:17","guid":{"rendered":"https:\/\/shopthoitrang.azdigi.shop\/?post_type=product&#038;p=252"},"modified":"2026-03-28T15:26:47","modified_gmt":"2026-03-28T15:26:47","slug":"vay-lolita-ren-vien-co-dien","status":"publish","type":"product","link":"https:\/\/shopthoitrang.azdigi.shop\/index.php\/product\/vay-lolita-ren-vien-co-dien\/","title":{"rendered":"V\u00e1y Lolita Ren Vi\u1ec1n C\u1ed5 \u0110i\u1ec3n"},"content":{"rendered":"<p><b data-path-to-node=\"1\" data-index-in-node=\"0\">V\u00e1y Lolita Ren Vi\u1ec1n C\u1ed5 \u0110i\u1ec3n<\/b> l\u00e0 m\u1ed9t t\u00e1c ph\u1ea9m ngh\u1ec7 thu\u1eadt th\u1eddi trang, \u0111\u01b0a b\u1ea1n tr\u1edf v\u1ec1 k\u1ef7 nguy\u00ean c\u1ee7a nh\u1eefng n\u00e0ng ti\u1ec3u th\u01b0 qu\u00fd t\u1ed9c ch\u00e2u \u00c2u \u0111\u1ea7y ki\u00eau k\u1ef3. Chi\u1ebfc v\u00e1y g\u00e2y \u1ea5n t\u01b0\u1ee3ng m\u1ea1nh v\u1edbi thi\u1ebft k\u1ebf tr\u1ec5 vai quy\u1ebfn r\u0169 k\u1ebft h\u1ee3p c\u00f9ng ph\u1ea7n t\u00f9ng v\u00e1y b\u1ed3ng b\u1ec1nh nhi\u1ec1u t\u1ea7ng, \u0111\u01b0\u1ee3c vi\u1ec1n ren \u0111\u1ecf th\u1eabm tinh x\u1ea3o tr\u00ean n\u1ec1n v\u1ea3i tr\u1eafng tinh kh\u00f4i. \u0110i\u1ec3m nh\u1ea5n \u0111\u1eaft gi\u00e1 l\u00e0 chi ti\u1ebft corset \u0111\u1ecbnh h\u00ecnh v\u00f2ng eo ph\u1ed1i c\u00f9ng chi\u1ebfc n\u01a1 \u0111\u1ecf r\u1ef1c r\u1ee1 tr\u01b0\u1edbc ng\u1ef1c, t\u1ea1o n\u00ean v\u1ebb ngo\u00e0i v\u1eeba ng\u1ecdt ng\u00e0o nh\u01b0 b\u00fap b\u00ea v\u1eeba sang tr\u1ecdng c\u1ed5 \u0111i\u1ec3n. Ph\u00f9 h\u1ee3p cho nh\u1eefng bu\u1ed5i ti\u1ec7c tr\u00e0 hay c\u00e1c s\u1ef1 ki\u1ec7n cosplay, V\u00e1y Lolita Ren Vi\u1ec1n C\u1ed5 \u0110i\u1ec3n gi\u00fap b\u1ea1n t\u1ecfa s\u00e1ng v\u1edbi phong c\u00e1ch Sweet Lolita \u0111\u1eb7c tr\u01b0ng, \u0111\u1ea7y cu\u1ed1n h\u00fat v\u00e0 n\u1ed5i b\u1eadt.<\/p>\n","protected":false},"excerpt":{"rendered":"<p>V\u00e1y Lolita Ren Vi\u1ec1n C\u1ed5 \u0110i\u1ec3n l\u00e0 m\u1ed9t t\u00e1c ph\u1ea9m ngh\u1ec7 thu\u1eadt th\u1eddi trang, \u0111\u01b0a b\u1ea1n tr\u1edf v\u1ec1 k\u1ef7 nguy\u00ean c\u1ee7a nh\u1eefng n\u00e0ng ti\u1ec3u th\u01b0 qu\u00fd t\u1ed9c ch\u00e2u \u00c2u \u0111\u1ea7y ki\u00eau k\u1ef3. Chi\u1ebfc v\u00e1y g\u00e2y \u1ea5n t\u01b0\u1ee3ng m\u1ea1nh v\u1edbi thi\u1ebft k\u1ebf tr\u1ec5 vai quy\u1ebfn r\u0169 k\u1ebft h\u1ee3p c\u00f9ng ph\u1ea7n t\u00f9ng v\u00e1y b\u1ed3ng b\u1ec1nh nhi\u1ec1u t\u1ea7ng, [&#8230;]\n","protected":false},"featured_media":253,"comment_status":"open","ping_status":"closed","template":"","meta":[],"product_brand":[],"product_cat":[16],"product_tag":[],"class_list":{"0":"post-252","1":"product","2":"type-product","3":"status-publish","4":"has-post-thumbnail","6":"product_cat-uncategorized","8":"first","9":"instock","10":"shipping-taxable","11":"purchasable","12":"product-type-variable"},"yoast_head":"<!-- This site is optimized with the Yoast SEO plugin v27.2 - https:\/\/yoast.com\/product\/yoast-seo-wordpress\/ -->\n<title>V\u00e1y Lolita Ren Vi\u1ec1n C\u1ed5 \u0110i\u1ec3n - Celeste<\/title>\n<meta name=\"description\" content=\"V\u00e1y Lolita Ren Vi\u1ec1n C\u1ed5 \u0110i\u1ec3n s\u1edf h\u1eefu thi\u1ebft k\u1ebf tr\u1ec5 vai v\u00e0 t\u00f9ng v\u00e1y b\u00e8o t\u1ea7ng vi\u1ec1n ren \u0111\u1ecf, mang l\u1ea1i v\u1ebb ngo\u00e0i ng\u1ecdt ng\u00e0o, ki\u00eau k\u1ef3.\" \/>\n<meta name=\"robots\" content=\"index, follow, max-snippet:-1, max-image-preview:large, max-video-preview:-1\" \/>\n<link rel=\"canonical\" href=\"https:\/\/shopthoitrang.azdigi.shop\/index.php\/product\/vay-lolita-ren-vien-co-dien\/\" \/>\n<meta property=\"og:locale\" content=\"en_US\" \/>\n<meta property=\"og:type\" content=\"article\" \/>\n<meta property=\"og:title\" content=\"V\u00e1y Lolita Ren Vi\u1ec1n C\u1ed5 \u0110i\u1ec3n - Celeste\" \/>\n<meta property=\"og:description\" content=\"V\u00e1y Lolita Ren Vi\u1ec1n C\u1ed5 \u0110i\u1ec3n s\u1edf h\u1eefu thi\u1ebft k\u1ebf tr\u1ec5 vai v\u00e0 t\u00f9ng v\u00e1y b\u00e8o t\u1ea7ng vi\u1ec1n ren \u0111\u1ecf, mang l\u1ea1i v\u1ebb ngo\u00e0i ng\u1ecdt ng\u00e0o, ki\u00eau k\u1ef3.\" \/>\n<meta property=\"og:url\" content=\"https:\/\/shopthoitrang.azdigi.shop\/index.php\/product\/vay-lolita-ren-vien-co-dien\/\" \/>\n<meta property=\"og:site_name\" content=\"Celeste\" \/>\n<meta property=\"article:modified_time\" content=\"2026-03-28T15:26:47+00:00\" \/>\n<meta property=\"og:image\" content=\"https:\/\/shopthoitrang.azdigi.shop\/wp-content\/uploads\/2026\/03\/z7642584681842_b2c6beadab33de08dac5e59e35918f0c.jpg\" \/>\n\t<meta property=\"og:image:width\" content=\"735\" \/>\n\t<meta property=\"og:image:height\" content=\"890\" \/>\n\t<meta property=\"og:image:type\" content=\"image\/jpeg\" \/>\n<meta name=\"twitter:card\" content=\"summary_large_image\" \/>\n<meta name=\"twitter:label1\" content=\"Est. reading time\" \/>\n\t<meta name=\"twitter:data1\" content=\"1 minute\" \/>\n<script type=\"application\/ld+json\" class=\"yoast-schema-graph\">{\"@context\":\"https:\/\/schema.org\",\"@graph\":[{\"@type\":\"WebPage\",\"@id\":\"https:\/\/shopthoitrang.azdigi.shop\/index.php\/product\/vay-lolita-ren-vien-co-dien\/\",\"url\":\"https:\/\/shopthoitrang.azdigi.shop\/index.php\/product\/vay-lolita-ren-vien-co-dien\/\",\"name\":\"V\u00e1y Lolita Ren Vi\u1ec1n C\u1ed5 \u0110i\u1ec3n - Celeste\",\"isPartOf\":{\"@id\":\"https:\/\/shopthoitrang.azdigi.shop\/#website\"},\"primaryImageOfPage\":{\"@id\":\"https:\/\/shopthoitrang.azdigi.shop\/index.php\/product\/vay-lolita-ren-vien-co-dien\/#primaryimage\"},\"image\":{\"@id\":\"https:\/\/shopthoitrang.azdigi.shop\/index.php\/product\/vay-lolita-ren-vien-co-dien\/#primaryimage\"},\"thumbnailUrl\":\"https:\/\/shopthoitrang.azdigi.shop\/wp-content\/uploads\/2026\/03\/z7642584681842_b2c6beadab33de08dac5e59e35918f0c.jpg\",\"datePublished\":\"2026-03-28T11:09:17+00:00\",\"dateModified\":\"2026-03-28T15:26:47+00:00\",\"description\":\"V\u00e1y Lolita Ren Vi\u1ec1n C\u1ed5 \u0110i\u1ec3n s\u1edf h\u1eefu thi\u1ebft k\u1ebf tr\u1ec5 vai v\u00e0 t\u00f9ng v\u00e1y b\u00e8o t\u1ea7ng vi\u1ec1n ren \u0111\u1ecf, mang l\u1ea1i v\u1ebb ngo\u00e0i ng\u1ecdt ng\u00e0o, ki\u00eau k\u1ef3.\",\"breadcrumb\":{\"@id\":\"https:\/\/shopthoitrang.azdigi.shop\/index.php\/product\/vay-lolita-ren-vien-co-dien\/#breadcrumb\"},\"inLanguage\":\"en-US\",\"potentialAction\":[{\"@type\":\"ReadAction\",\"target\":[\"https:\/\/shopthoitrang.azdigi.shop\/index.php\/product\/vay-lolita-ren-vien-co-dien\/\"]}]},{\"@type\":\"ImageObject\",\"inLanguage\":\"en-US\",\"@id\":\"https:\/\/shopthoitrang.azdigi.shop\/index.php\/product\/vay-lolita-ren-vien-co-dien\/#primaryimage\",\"url\":\"https:\/\/shopthoitrang.azdigi.shop\/wp-content\/uploads\/2026\/03\/z7642584681842_b2c6beadab33de08dac5e59e35918f0c.jpg\",\"contentUrl\":\"https:\/\/shopthoitrang.azdigi.shop\/wp-content\/uploads\/2026\/03\/z7642584681842_b2c6beadab33de08dac5e59e35918f0c.jpg\",\"width\":735,\"height\":890},{\"@type\":\"BreadcrumbList\",\"@id\":\"https:\/\/shopthoitrang.azdigi.shop\/index.php\/product\/vay-lolita-ren-vien-co-dien\/#breadcrumb\",\"itemListElement\":[{\"@type\":\"ListItem\",\"position\":1,\"name\":\"Home\",\"item\":\"https:\/\/shopthoitrang.azdigi.shop\/\"},{\"@type\":\"ListItem\",\"position\":2,\"name\":\"Shop\",\"item\":\"https:\/\/shopthoitrang.azdigi.shop\/index.php\/shop\/\"},{\"@type\":\"ListItem\",\"position\":3,\"name\":\"V\u00e1y Lolita Ren Vi\u1ec1n C\u1ed5 \u0110i\u1ec3n\"}]},{\"@type\":\"WebSite\",\"@id\":\"https:\/\/shopthoitrang.azdigi.shop\/#website\",\"url\":\"https:\/\/shopthoitrang.azdigi.shop\/\",\"name\":\"Celeste\",\"description\":\"Shop n\u00e0ng th\u01a1\",\"potentialAction\":[{\"@type\":\"SearchAction\",\"target\":{\"@type\":\"EntryPoint\",\"urlTemplate\":\"https:\/\/shopthoitrang.azdigi.shop\/?s={search_term_string}\"},\"query-input\":{\"@type\":\"PropertyValueSpecification\",\"valueRequired\":true,\"valueName\":\"search_term_string\"}}],\"inLanguage\":\"en-US\"}]}<\/script>\n<!-- \/ Yoast SEO plugin. -->","yoast_head_json":{"title":"V\u00e1y Lolita Ren Vi\u1ec1n C\u1ed5 \u0110i\u1ec3n - Celeste","description":"V\u00e1y Lolita Ren Vi\u1ec1n C\u1ed5 \u0110i\u1ec3n s\u1edf h\u1eefu thi\u1ebft k\u1ebf tr\u1ec5 vai v\u00e0 t\u00f9ng v\u00e1y b\u00e8o t\u1ea7ng vi\u1ec1n ren \u0111\u1ecf, mang l\u1ea1i v\u1ebb ngo\u00e0i ng\u1ecdt ng\u00e0o, ki\u00eau k\u1ef3.","robots":{"index":"index","follow":"follow","max-snippet":"max-snippet:-1","max-image-preview":"max-image-preview:large","max-video-preview":"max-video-preview:-1"},"canonical":"https:\/\/shopthoitrang.azdigi.shop\/index.php\/product\/vay-lolita-ren-vien-co-dien\/","og_locale":"en_US","og_type":"article","og_title":"V\u00e1y Lolita Ren Vi\u1ec1n C\u1ed5 \u0110i\u1ec3n - Celeste","og_description":"V\u00e1y Lolita Ren Vi\u1ec1n C\u1ed5 \u0110i\u1ec3n s\u1edf h\u1eefu thi\u1ebft k\u1ebf tr\u1ec5 vai v\u00e0 t\u00f9ng v\u00e1y b\u00e8o t\u1ea7ng vi\u1ec1n ren \u0111\u1ecf, mang l\u1ea1i v\u1ebb ngo\u00e0i ng\u1ecdt ng\u00e0o, ki\u00eau k\u1ef3.","og_url":"https:\/\/shopthoitrang.azdigi.shop\/index.php\/product\/vay-lolita-ren-vien-co-dien\/","og_site_name":"Celeste","article_modified_time":"2026-03-28T15:26:47+00:00","og_image":[{"width":735,"height":890,"url":"https:\/\/shopthoitrang.azdigi.shop\/wp-content\/uploads\/2026\/03\/z7642584681842_b2c6beadab33de08dac5e59e35918f0c.jpg","type":"image\/jpeg"}],"twitter_card":"summary_large_image","twitter_misc":{"Est. reading time":"1 minute"},"schema":{"@context":"https:\/\/schema.org","@graph":[{"@type":"WebPage","@id":"https:\/\/shopthoitrang.azdigi.shop\/index.php\/product\/vay-lolita-ren-vien-co-dien\/","url":"https:\/\/shopthoitrang.azdigi.shop\/index.php\/product\/vay-lolita-ren-vien-co-dien\/","name":"V\u00e1y Lolita Ren Vi\u1ec1n C\u1ed5 \u0110i\u1ec3n - Celeste","isPartOf":{"@id":"https:\/\/shopthoitrang.azdigi.shop\/#website"},"primaryImageOfPage":{"@id":"https:\/\/shopthoitrang.azdigi.shop\/index.php\/product\/vay-lolita-ren-vien-co-dien\/#primaryimage"},"image":{"@id":"https:\/\/shopthoitrang.azdigi.shop\/index.php\/product\/vay-lolita-ren-vien-co-dien\/#primaryimage"},"thumbnailUrl":"https:\/\/shopthoitrang.azdigi.shop\/wp-content\/uploads\/2026\/03\/z7642584681842_b2c6beadab33de08dac5e59e35918f0c.jpg","datePublished":"2026-03-28T11:09:17+00:00","dateModified":"2026-03-28T15:26:47+00:00","description":"V\u00e1y Lolita Ren Vi\u1ec1n C\u1ed5 \u0110i\u1ec3n s\u1edf h\u1eefu thi\u1ebft k\u1ebf tr\u1ec5 vai v\u00e0 t\u00f9ng v\u00e1y b\u00e8o t\u1ea7ng vi\u1ec1n ren \u0111\u1ecf, mang l\u1ea1i v\u1ebb ngo\u00e0i ng\u1ecdt ng\u00e0o, ki\u00eau k\u1ef3.","breadcrumb":{"@id":"https:\/\/shopthoitrang.azdigi.shop\/index.php\/product\/vay-lolita-ren-vien-co-dien\/#breadcrumb"},"inLanguage":"en-US","potentialAction":[{"@type":"ReadAction","target":["https:\/\/shopthoitrang.azdigi.shop\/index.php\/product\/vay-lolita-ren-vien-co-dien\/"]}]},{"@type":"ImageObject","inLanguage":"en-US","@id":"https:\/\/shopthoitrang.azdigi.shop\/index.php\/product\/vay-lolita-ren-vien-co-dien\/#primaryimage","url":"https:\/\/shopthoitrang.azdigi.shop\/wp-content\/uploads\/2026\/03\/z7642584681842_b2c6beadab33de08dac5e59e35918f0c.jpg","contentUrl":"https:\/\/shopthoitrang.azdigi.shop\/wp-content\/uploads\/2026\/03\/z7642584681842_b2c6beadab33de08dac5e59e35918f0c.jpg","width":735,"height":890},{"@type":"BreadcrumbList","@id":"https:\/\/shopthoitrang.azdigi.shop\/index.php\/product\/vay-lolita-ren-vien-co-dien\/#breadcrumb","itemListElement":[{"@type":"ListItem","position":1,"name":"Home","item":"https:\/\/shopthoitrang.azdigi.shop\/"},{"@type":"ListItem","position":2,"name":"Shop","item":"https:\/\/shopthoitrang.azdigi.shop\/index.php\/shop\/"},{"@type":"ListItem","position":3,"name":"V\u00e1y Lolita Ren Vi\u1ec1n C\u1ed5 \u0110i\u1ec3n"}]},{"@type":"WebSite","@id":"https:\/\/shopthoitrang.azdigi.shop\/#website","url":"https:\/\/shopthoitrang.azdigi.shop\/","name":"Celeste","description":"Shop n\u00e0ng th\u01a1","potentialAction":[{"@type":"SearchAction","target":{"@type":"EntryPoint","urlTemplate":"https:\/\/shopthoitrang.azdigi.shop\/?s={search_term_string}"},"query-input":{"@type":"PropertyValueSpecification","valueRequired":true,"valueName":"search_term_string"}}],"inLanguage":"en-US"}]}},"jetpack_sharing_enabled":true,"_links":{"self":[{"href":"https:\/\/shopthoitrang.azdigi.shop\/index.php\/wp-json\/wp\/v2\/product\/252","targetHints":{"allow":["GET"]}}],"collection":[{"href":"https:\/\/shopthoitrang.azdigi.shop\/index.php\/wp-json\/wp\/v2\/product"}],"about":[{"href":"https:\/\/shopthoitrang.azdigi.shop\/index.php\/wp-json\/wp\/v2\/types\/product"}],"replies":[{"embeddable":true,"href":"https:\/\/shopthoitrang.azdigi.shop\/index.php\/wp-json\/wp\/v2\/comments?post=252"}],"wp:featuredmedia":[{"embeddable":true,"href":"https:\/\/shopthoitrang.azdigi.shop\/index.php\/wp-json\/wp\/v2\/media\/253"}],"wp:attachment":[{"href":"https:\/\/shopthoitrang.azdigi.shop\/index.php\/wp-json\/wp\/v2\/media?parent=252"}],"wp:term":[{"taxonomy":"product_brand","embeddable":true,"href":"https:\/\/shopthoitrang.azdigi.shop\/index.php\/wp-json\/wp\/v2\/product_brand?post=252"},{"taxonomy":"product_cat","embeddable":true,"href":"https:\/\/shopthoitrang.azdigi.shop\/index.php\/wp-json\/wp\/v2\/product_cat?post=252"},{"taxonomy":"product_tag","embeddable":true,"href":"https:\/\/shopthoitrang.azdigi.shop\/index.php\/wp-json\/wp\/v2\/product_tag?post=252"}],"curies":[{"name":"wp","href":"https:\/\/api.w.org\/{rel}","templated":true}]}}