{"id":243,"date":"2026-03-28T11:02:33","date_gmt":"2026-03-28T11:02:33","guid":{"rendered":"https:\/\/shopthoitrang.azdigi.shop\/?post_type=product&#038;p=243"},"modified":"2026-03-28T15:22:40","modified_gmt":"2026-03-28T15:22:40","slug":"vay-ren-corset-thanh-lich","status":"publish","type":"product","link":"https:\/\/shopthoitrang.azdigi.shop\/index.php\/product\/vay-ren-corset-thanh-lich\/","title":{"rendered":"V\u00e1y Ren Corset Thanh L\u1ecbch"},"content":{"rendered":"<p><b data-path-to-node=\"2\" data-index-in-node=\"0\">V\u00e1y Ren Corset Thanh L\u1ecbch<\/b> l\u00e0 s\u1ef1 k\u1ebft h\u1ee3p tinh t\u1ebf gi\u1eefa v\u1ebb \u0111\u1eb9p c\u1ed5 \u0111i\u1ec3n v\u00e0 n\u00e9t quy\u1ebfn r\u0169 hi\u1ec7n \u0111\u1ea1i, mang \u0111\u1ebfn di\u1ec7n m\u1ea1o ti\u1ec3u th\u01b0 ki\u00eau k\u1ef3 cho ng\u01b0\u1eddi m\u1eb7c. \u0110i\u1ec3m nh\u1ea5n \u1ea5n t\u01b0\u1ee3ng nh\u1ea5t ch\u00ednh l\u00e0 ph\u1ea7n th\u00e2n \u00e1o corset \u0111\u01b0\u1ee3c thi\u1ebft k\u1ebf kh\u00e9o l\u00e9o v\u1edbi c\u00e1c \u0111\u01b0\u1eddng g\u00e2n \u0111\u1ecbnh h\u00ecnh, gi\u00fap t\u00f4n l\u00ean v\u00f2ng eo thon g\u1ecdn v\u00e0 t\u1ea1o phom d\u00e1ng ho\u00e0n h\u1ea3o. Ch\u1ea5t li\u1ec7u ren cao c\u1ea5p v\u1edbi hoa v\u0103n tinh x\u1ea3o bao ph\u1ee7 to\u00e0n b\u1ed9 v\u00e1y, k\u1ebft h\u1ee3p c\u00f9ng c\u1ed5 vu\u00f4ng v\u00e0 tay b\u1ed3ng nh\u1eb9 nh\u00e0ng, t\u1ea1o n\u00ean v\u1ebb ngo\u00e0i v\u1eeba g\u1ee3i c\u1ea3m v\u1eeba sang tr\u1ecdng. V\u1edbi gam m\u00e0u tr\u1eafng tinh kh\u00f4i, V\u00e1y Ren Corset Thanh L\u1ecbch l\u00e0 l\u1ef1a ch\u1ecdn l\u00fd t\u01b0\u1edfng cho c\u00e1c bu\u1ed5i ti\u1ec7c t\u1ed1i, h\u1eb9n h\u00f2 l\u00e3ng m\u1ea1n hay nh\u1eefng d\u1ecbp \u0111\u1eb7c bi\u1ec7t \u0111\u1ec3 b\u1ea1n lu\u00f4n l\u00e0 t\u00e2m \u0111i\u1ec3m c\u1ee7a s\u1ef1 ch\u00fa \u00fd.<\/p>\n","protected":false},"excerpt":{"rendered":"<p>V\u00e1y Ren Corset Thanh L\u1ecbch l\u00e0 s\u1ef1 k\u1ebft h\u1ee3p tinh t\u1ebf gi\u1eefa v\u1ebb \u0111\u1eb9p c\u1ed5 \u0111i\u1ec3n v\u00e0 n\u00e9t quy\u1ebfn r\u0169 hi\u1ec7n \u0111\u1ea1i, mang \u0111\u1ebfn di\u1ec7n m\u1ea1o ti\u1ec3u th\u01b0 ki\u00eau k\u1ef3 cho ng\u01b0\u1eddi m\u1eb7c. \u0110i\u1ec3m nh\u1ea5n \u1ea5n t\u01b0\u1ee3ng nh\u1ea5t ch\u00ednh l\u00e0 ph\u1ea7n th\u00e2n \u00e1o corset \u0111\u01b0\u1ee3c thi\u1ebft k\u1ebf kh\u00e9o l\u00e9o v\u1edbi c\u00e1c \u0111\u01b0\u1eddng g\u00e2n \u0111\u1ecbnh h\u00ecnh, [&#8230;]\n","protected":false},"featured_media":244,"comment_status":"open","ping_status":"closed","template":"","meta":[],"product_brand":[],"product_cat":[16],"product_tag":[],"class_list":{"0":"post-243","1":"product","2":"type-product","3":"status-publish","4":"has-post-thumbnail","6":"product_cat-uncategorized","8":"first","9":"instock","10":"shipping-taxable","11":"purchasable","12":"product-type-variable"},"yoast_head":"<!-- This site is optimized with the Yoast SEO plugin v27.2 - https:\/\/yoast.com\/product\/yoast-seo-wordpress\/ -->\n<title>V\u00e1y Ren Corset Thanh L\u1ecbch - Celeste<\/title>\n<meta name=\"description\" content=\"V\u00e1y Ren Corset Thanh L\u1ecbch s\u1edf h\u1eefu thi\u1ebft k\u1ebf corset t\u00f4n d\u00e1ng, k\u1ebft h\u1ee3p ch\u1ea5t li\u1ec7u ren tinh x\u1ea3o, mang l\u1ea1i v\u1ebb ngo\u00e0i ti\u1ec3u th\u01b0 ki\u00eau k\u1ef3, sang tr\u1ecdng.\" \/>\n<meta name=\"robots\" content=\"index, follow, max-snippet:-1, max-image-preview:large, max-video-preview:-1\" \/>\n<link rel=\"canonical\" href=\"https:\/\/shopthoitrang.azdigi.shop\/index.php\/product\/vay-ren-corset-thanh-lich\/\" \/>\n<meta property=\"og:locale\" content=\"en_US\" \/>\n<meta property=\"og:type\" content=\"article\" \/>\n<meta property=\"og:title\" content=\"V\u00e1y Ren Corset Thanh L\u1ecbch - Celeste\" \/>\n<meta property=\"og:description\" content=\"V\u00e1y Ren Corset Thanh L\u1ecbch s\u1edf h\u1eefu thi\u1ebft k\u1ebf corset t\u00f4n d\u00e1ng, k\u1ebft h\u1ee3p ch\u1ea5t li\u1ec7u ren tinh x\u1ea3o, mang l\u1ea1i v\u1ebb ngo\u00e0i ti\u1ec3u th\u01b0 ki\u00eau k\u1ef3, sang tr\u1ecdng.\" \/>\n<meta property=\"og:url\" content=\"https:\/\/shopthoitrang.azdigi.shop\/index.php\/product\/vay-ren-corset-thanh-lich\/\" \/>\n<meta property=\"og:site_name\" content=\"Celeste\" \/>\n<meta property=\"article:modified_time\" content=\"2026-03-28T15:22:40+00:00\" \/>\n<meta property=\"og:image\" content=\"https:\/\/shopthoitrang.azdigi.shop\/wp-content\/uploads\/2026\/03\/z7644403351770_31a0bde37c1114f66c0249db56a4162d-1.jpg\" \/>\n\t<meta property=\"og:image:width\" content=\"736\" \/>\n\t<meta property=\"og:image:height\" content=\"981\" \/>\n\t<meta property=\"og:image:type\" content=\"image\/jpeg\" \/>\n<meta name=\"twitter:card\" content=\"summary_large_image\" \/>\n<meta name=\"twitter:label1\" content=\"Est. reading time\" \/>\n\t<meta name=\"twitter:data1\" content=\"1 minute\" \/>\n<script type=\"application\/ld+json\" class=\"yoast-schema-graph\">{\"@context\":\"https:\/\/schema.org\",\"@graph\":[{\"@type\":\"WebPage\",\"@id\":\"https:\/\/shopthoitrang.azdigi.shop\/index.php\/product\/vay-ren-corset-thanh-lich\/\",\"url\":\"https:\/\/shopthoitrang.azdigi.shop\/index.php\/product\/vay-ren-corset-thanh-lich\/\",\"name\":\"V\u00e1y Ren Corset Thanh L\u1ecbch - Celeste\",\"isPartOf\":{\"@id\":\"https:\/\/shopthoitrang.azdigi.shop\/#website\"},\"primaryImageOfPage\":{\"@id\":\"https:\/\/shopthoitrang.azdigi.shop\/index.php\/product\/vay-ren-corset-thanh-lich\/#primaryimage\"},\"image\":{\"@id\":\"https:\/\/shopthoitrang.azdigi.shop\/index.php\/product\/vay-ren-corset-thanh-lich\/#primaryimage\"},\"thumbnailUrl\":\"https:\/\/shopthoitrang.azdigi.shop\/wp-content\/uploads\/2026\/03\/z7644403351770_31a0bde37c1114f66c0249db56a4162d-1.jpg\",\"datePublished\":\"2026-03-28T11:02:33+00:00\",\"dateModified\":\"2026-03-28T15:22:40+00:00\",\"description\":\"V\u00e1y Ren Corset Thanh L\u1ecbch s\u1edf h\u1eefu thi\u1ebft k\u1ebf corset t\u00f4n d\u00e1ng, k\u1ebft h\u1ee3p ch\u1ea5t li\u1ec7u ren tinh x\u1ea3o, mang l\u1ea1i v\u1ebb ngo\u00e0i ti\u1ec3u th\u01b0 ki\u00eau k\u1ef3, sang tr\u1ecdng.\",\"breadcrumb\":{\"@id\":\"https:\/\/shopthoitrang.azdigi.shop\/index.php\/product\/vay-ren-corset-thanh-lich\/#breadcrumb\"},\"inLanguage\":\"en-US\",\"potentialAction\":[{\"@type\":\"ReadAction\",\"target\":[\"https:\/\/shopthoitrang.azdigi.shop\/index.php\/product\/vay-ren-corset-thanh-lich\/\"]}]},{\"@type\":\"ImageObject\",\"inLanguage\":\"en-US\",\"@id\":\"https:\/\/shopthoitrang.azdigi.shop\/index.php\/product\/vay-ren-corset-thanh-lich\/#primaryimage\",\"url\":\"https:\/\/shopthoitrang.azdigi.shop\/wp-content\/uploads\/2026\/03\/z7644403351770_31a0bde37c1114f66c0249db56a4162d-1.jpg\",\"contentUrl\":\"https:\/\/shopthoitrang.azdigi.shop\/wp-content\/uploads\/2026\/03\/z7644403351770_31a0bde37c1114f66c0249db56a4162d-1.jpg\",\"width\":736,\"height\":981},{\"@type\":\"BreadcrumbList\",\"@id\":\"https:\/\/shopthoitrang.azdigi.shop\/index.php\/product\/vay-ren-corset-thanh-lich\/#breadcrumb\",\"itemListElement\":[{\"@type\":\"ListItem\",\"position\":1,\"name\":\"Home\",\"item\":\"https:\/\/shopthoitrang.azdigi.shop\/\"},{\"@type\":\"ListItem\",\"position\":2,\"name\":\"Shop\",\"item\":\"https:\/\/shopthoitrang.azdigi.shop\/index.php\/shop\/\"},{\"@type\":\"ListItem\",\"position\":3,\"name\":\"V\u00e1y Ren Corset Thanh L\u1ecbch\"}]},{\"@type\":\"WebSite\",\"@id\":\"https:\/\/shopthoitrang.azdigi.shop\/#website\",\"url\":\"https:\/\/shopthoitrang.azdigi.shop\/\",\"name\":\"Celeste\",\"description\":\"Shop n\u00e0ng th\u01a1\",\"potentialAction\":[{\"@type\":\"SearchAction\",\"target\":{\"@type\":\"EntryPoint\",\"urlTemplate\":\"https:\/\/shopthoitrang.azdigi.shop\/?s={search_term_string}\"},\"query-input\":{\"@type\":\"PropertyValueSpecification\",\"valueRequired\":true,\"valueName\":\"search_term_string\"}}],\"inLanguage\":\"en-US\"}]}<\/script>\n<!-- \/ Yoast SEO plugin. -->","yoast_head_json":{"title":"V\u00e1y Ren Corset Thanh L\u1ecbch - Celeste","description":"V\u00e1y Ren Corset Thanh L\u1ecbch s\u1edf h\u1eefu thi\u1ebft k\u1ebf corset t\u00f4n d\u00e1ng, k\u1ebft h\u1ee3p ch\u1ea5t li\u1ec7u ren tinh x\u1ea3o, mang l\u1ea1i v\u1ebb ngo\u00e0i ti\u1ec3u th\u01b0 ki\u00eau k\u1ef3, sang tr\u1ecdng.","robots":{"index":"index","follow":"follow","max-snippet":"max-snippet:-1","max-image-preview":"max-image-preview:large","max-video-preview":"max-video-preview:-1"},"canonical":"https:\/\/shopthoitrang.azdigi.shop\/index.php\/product\/vay-ren-corset-thanh-lich\/","og_locale":"en_US","og_type":"article","og_title":"V\u00e1y Ren Corset Thanh L\u1ecbch - Celeste","og_description":"V\u00e1y Ren Corset Thanh L\u1ecbch s\u1edf h\u1eefu thi\u1ebft k\u1ebf corset t\u00f4n d\u00e1ng, k\u1ebft h\u1ee3p ch\u1ea5t li\u1ec7u ren tinh x\u1ea3o, mang l\u1ea1i v\u1ebb ngo\u00e0i ti\u1ec3u th\u01b0 ki\u00eau k\u1ef3, sang tr\u1ecdng.","og_url":"https:\/\/shopthoitrang.azdigi.shop\/index.php\/product\/vay-ren-corset-thanh-lich\/","og_site_name":"Celeste","article_modified_time":"2026-03-28T15:22:40+00:00","og_image":[{"width":736,"height":981,"url":"https:\/\/shopthoitrang.azdigi.shop\/wp-content\/uploads\/2026\/03\/z7644403351770_31a0bde37c1114f66c0249db56a4162d-1.jpg","type":"image\/jpeg"}],"twitter_card":"summary_large_image","twitter_misc":{"Est. reading time":"1 minute"},"schema":{"@context":"https:\/\/schema.org","@graph":[{"@type":"WebPage","@id":"https:\/\/shopthoitrang.azdigi.shop\/index.php\/product\/vay-ren-corset-thanh-lich\/","url":"https:\/\/shopthoitrang.azdigi.shop\/index.php\/product\/vay-ren-corset-thanh-lich\/","name":"V\u00e1y Ren Corset Thanh L\u1ecbch - Celeste","isPartOf":{"@id":"https:\/\/shopthoitrang.azdigi.shop\/#website"},"primaryImageOfPage":{"@id":"https:\/\/shopthoitrang.azdigi.shop\/index.php\/product\/vay-ren-corset-thanh-lich\/#primaryimage"},"image":{"@id":"https:\/\/shopthoitrang.azdigi.shop\/index.php\/product\/vay-ren-corset-thanh-lich\/#primaryimage"},"thumbnailUrl":"https:\/\/shopthoitrang.azdigi.shop\/wp-content\/uploads\/2026\/03\/z7644403351770_31a0bde37c1114f66c0249db56a4162d-1.jpg","datePublished":"2026-03-28T11:02:33+00:00","dateModified":"2026-03-28T15:22:40+00:00","description":"V\u00e1y Ren Corset Thanh L\u1ecbch s\u1edf h\u1eefu thi\u1ebft k\u1ebf corset t\u00f4n d\u00e1ng, k\u1ebft h\u1ee3p ch\u1ea5t li\u1ec7u ren tinh x\u1ea3o, mang l\u1ea1i v\u1ebb ngo\u00e0i ti\u1ec3u th\u01b0 ki\u00eau k\u1ef3, sang tr\u1ecdng.","breadcrumb":{"@id":"https:\/\/shopthoitrang.azdigi.shop\/index.php\/product\/vay-ren-corset-thanh-lich\/#breadcrumb"},"inLanguage":"en-US","potentialAction":[{"@type":"ReadAction","target":["https:\/\/shopthoitrang.azdigi.shop\/index.php\/product\/vay-ren-corset-thanh-lich\/"]}]},{"@type":"ImageObject","inLanguage":"en-US","@id":"https:\/\/shopthoitrang.azdigi.shop\/index.php\/product\/vay-ren-corset-thanh-lich\/#primaryimage","url":"https:\/\/shopthoitrang.azdigi.shop\/wp-content\/uploads\/2026\/03\/z7644403351770_31a0bde37c1114f66c0249db56a4162d-1.jpg","contentUrl":"https:\/\/shopthoitrang.azdigi.shop\/wp-content\/uploads\/2026\/03\/z7644403351770_31a0bde37c1114f66c0249db56a4162d-1.jpg","width":736,"height":981},{"@type":"BreadcrumbList","@id":"https:\/\/shopthoitrang.azdigi.shop\/index.php\/product\/vay-ren-corset-thanh-lich\/#breadcrumb","itemListElement":[{"@type":"ListItem","position":1,"name":"Home","item":"https:\/\/shopthoitrang.azdigi.shop\/"},{"@type":"ListItem","position":2,"name":"Shop","item":"https:\/\/shopthoitrang.azdigi.shop\/index.php\/shop\/"},{"@type":"ListItem","position":3,"name":"V\u00e1y Ren Corset Thanh L\u1ecbch"}]},{"@type":"WebSite","@id":"https:\/\/shopthoitrang.azdigi.shop\/#website","url":"https:\/\/shopthoitrang.azdigi.shop\/","name":"Celeste","description":"Shop n\u00e0ng th\u01a1","potentialAction":[{"@type":"SearchAction","target":{"@type":"EntryPoint","urlTemplate":"https:\/\/shopthoitrang.azdigi.shop\/?s={search_term_string}"},"query-input":{"@type":"PropertyValueSpecification","valueRequired":true,"valueName":"search_term_string"}}],"inLanguage":"en-US"}]}},"jetpack_sharing_enabled":true,"_links":{"self":[{"href":"https:\/\/shopthoitrang.azdigi.shop\/index.php\/wp-json\/wp\/v2\/product\/243","targetHints":{"allow":["GET"]}}],"collection":[{"href":"https:\/\/shopthoitrang.azdigi.shop\/index.php\/wp-json\/wp\/v2\/product"}],"about":[{"href":"https:\/\/shopthoitrang.azdigi.shop\/index.php\/wp-json\/wp\/v2\/types\/product"}],"replies":[{"embeddable":true,"href":"https:\/\/shopthoitrang.azdigi.shop\/index.php\/wp-json\/wp\/v2\/comments?post=243"}],"wp:featuredmedia":[{"embeddable":true,"href":"https:\/\/shopthoitrang.azdigi.shop\/index.php\/wp-json\/wp\/v2\/media\/244"}],"wp:attachment":[{"href":"https:\/\/shopthoitrang.azdigi.shop\/index.php\/wp-json\/wp\/v2\/media?parent=243"}],"wp:term":[{"taxonomy":"product_brand","embeddable":true,"href":"https:\/\/shopthoitrang.azdigi.shop\/index.php\/wp-json\/wp\/v2\/product_brand?post=243"},{"taxonomy":"product_cat","embeddable":true,"href":"https:\/\/shopthoitrang.azdigi.shop\/index.php\/wp-json\/wp\/v2\/product_cat?post=243"},{"taxonomy":"product_tag","embeddable":true,"href":"https:\/\/shopthoitrang.azdigi.shop\/index.php\/wp-json\/wp\/v2\/product_tag?post=243"}],"curies":[{"name":"wp","href":"https:\/\/api.w.org\/{rel}","templated":true}]}}