{"id":235,"date":"2026-03-28T10:01:57","date_gmt":"2026-03-28T10:01:57","guid":{"rendered":"https:\/\/shopthoitrang.azdigi.shop\/?post_type=product&#038;p=235"},"modified":"2026-03-28T15:17:57","modified_gmt":"2026-03-28T15:17:57","slug":"vay-cham-bi-vintage-sweetie","status":"publish","type":"product","link":"https:\/\/shopthoitrang.azdigi.shop\/index.php\/product\/vay-cham-bi-vintage-sweetie\/","title":{"rendered":"V\u00e1y Ch\u1ea5m Bi Vintage Sweetie"},"content":{"rendered":"<p><b data-path-to-node=\"2\" data-index-in-node=\"0\">V\u00e1y ch\u1ea5m bi vintage sweetie<\/b> l\u00e0 m\u1ed9t &#8220;b\u1ea3n t\u00ecnh ca&#8221; ng\u1ecdt ng\u00e0o d\u00e0nh cho nh\u1eefng c\u00f4 n\u00e0ng y\u00eau th\u00edch v\u1ebb \u0111\u1eb9p c\u1ed5 \u0111i\u1ec3n v\u00e0 n\u1eef t\u00ednh. Chi\u1ebfc v\u00e1y g\u00e2y \u1ea5n t\u01b0\u1ee3ng m\u1ea1nh v\u1edbi h\u1ecda ti\u1ebft bi \u0111en tr\u00ean n\u1ec1n v\u1ea3i kem nh\u00e3 nh\u1eb7n, k\u1ebft h\u1ee3p h\u00e0i h\u00f2a c\u00f9ng ph\u1ea7n vi\u1ec1n ren tr\u1eafng tinh x\u1ea3o \u1edf c\u1ed5 v\u00e0 tay \u00e1o, t\u1ea1o n\u00ean m\u1ed9t t\u1ed5ng th\u1ec3 v\u00f4 c\u00f9ng thu h\u00fat. Thi\u1ebft k\u1ebf th\u1eaft n\u01a1 \u0111en tinh t\u1ebf \u1edf ng\u1ef1c v\u00e0 t\u00f9ng v\u00e1y x\u00f2e nh\u1eb9 nh\u00e0ng gi\u00fap t\u00f4n l\u00ean v\u00f3c d\u00e1ng thanh tho\u00e1t v\u00e0 phong th\u00e1i ti\u1ec3u th\u01b0 ki\u00eau k\u1ef3 cho ng\u01b0\u1eddi m\u1eb7c. \u0110i k\u00e8m v\u1edbi v\u00f2ng c\u1ed5 choker ng\u1ecdc trai th\u1eaft n\u01a1 \u0111\u1ed3ng \u0111i\u1ec7u, V\u00e1y ch\u1ea5m bi vintage sweetie l\u00e0 l\u1ef1a ch\u1ecdn ho\u00e0n h\u1ea3o \u0111\u1ec3 b\u1ea1n t\u1ecfa s\u00e1ng trong c\u00e1c bu\u1ed5i h\u1eb9n h\u00f2, d\u1ea1o ph\u1ed1 hay nh\u1eefng bu\u1ed5i ti\u1ec7c tr\u00e0 \u1ea5m c\u00fang.<\/p>\n","protected":false},"excerpt":{"rendered":"<p>V\u00e1y ch\u1ea5m bi vintage sweetie l\u00e0 m\u1ed9t &#8220;b\u1ea3n t\u00ecnh ca&#8221; ng\u1ecdt ng\u00e0o d\u00e0nh cho nh\u1eefng c\u00f4 n\u00e0ng y\u00eau th\u00edch v\u1ebb \u0111\u1eb9p c\u1ed5 \u0111i\u1ec3n v\u00e0 n\u1eef t\u00ednh. Chi\u1ebfc v\u00e1y g\u00e2y \u1ea5n t\u01b0\u1ee3ng m\u1ea1nh v\u1edbi h\u1ecda ti\u1ebft bi \u0111en tr\u00ean n\u1ec1n v\u1ea3i kem nh\u00e3 nh\u1eb7n, k\u1ebft h\u1ee3p h\u00e0i h\u00f2a c\u00f9ng ph\u1ea7n vi\u1ec1n ren tr\u1eafng tinh x\u1ea3o \u1edf [&#8230;]\n","protected":false},"featured_media":236,"comment_status":"open","ping_status":"closed","template":"","meta":[],"product_brand":[],"product_cat":[16],"product_tag":[],"class_list":{"0":"post-235","1":"product","2":"type-product","3":"status-publish","4":"has-post-thumbnail","6":"product_cat-uncategorized","8":"first","9":"instock","10":"shipping-taxable","11":"purchasable","12":"product-type-variable"},"yoast_head":"<!-- This site is optimized with the Yoast SEO plugin v27.2 - https:\/\/yoast.com\/product\/yoast-seo-wordpress\/ -->\n<title>V\u00e1y Ch\u1ea5m Bi Vintage Sweetie - Celeste<\/title>\n<meta name=\"description\" content=\"V\u00e1y ch\u1ea5m bi vintage sweetie k\u1ebft h\u1ee3p h\u1ecda ti\u1ebft ch\u1ea5m bi kinh \u0111i\u1ec3n v\u1edbi c\u00e1c chi ti\u1ebft ren v\u00e0 n\u01a1 tinh t\u1ebf, mang l\u1ea1i v\u1ebb ngo\u00e0i ng\u1ecdt ng\u00e0o, l\u00e3ng m\u1ea1n v\u00e0 v\u00f4 c\u00f9ng quy\u1ebfn r\u0169\" \/>\n<meta name=\"robots\" content=\"index, follow, max-snippet:-1, max-image-preview:large, max-video-preview:-1\" \/>\n<link rel=\"canonical\" href=\"https:\/\/shopthoitrang.azdigi.shop\/index.php\/product\/vay-cham-bi-vintage-sweetie\/\" \/>\n<meta property=\"og:locale\" content=\"en_US\" \/>\n<meta property=\"og:type\" content=\"article\" \/>\n<meta property=\"og:title\" content=\"V\u00e1y Ch\u1ea5m Bi Vintage Sweetie - Celeste\" \/>\n<meta property=\"og:description\" content=\"V\u00e1y ch\u1ea5m bi vintage sweetie k\u1ebft h\u1ee3p h\u1ecda ti\u1ebft ch\u1ea5m bi kinh \u0111i\u1ec3n v\u1edbi c\u00e1c chi ti\u1ebft ren v\u00e0 n\u01a1 tinh t\u1ebf, mang l\u1ea1i v\u1ebb ngo\u00e0i ng\u1ecdt ng\u00e0o, l\u00e3ng m\u1ea1n v\u00e0 v\u00f4 c\u00f9ng quy\u1ebfn r\u0169\" \/>\n<meta property=\"og:url\" content=\"https:\/\/shopthoitrang.azdigi.shop\/index.php\/product\/vay-cham-bi-vintage-sweetie\/\" \/>\n<meta property=\"og:site_name\" content=\"Celeste\" \/>\n<meta property=\"article:modified_time\" content=\"2026-03-28T15:17:57+00:00\" \/>\n<meta property=\"og:image\" content=\"https:\/\/shopthoitrang.azdigi.shop\/wp-content\/uploads\/2026\/03\/z7641994311276_687771048a611194deac1a6e8a1150da-1.jpg\" \/>\n\t<meta property=\"og:image:width\" content=\"736\" \/>\n\t<meta property=\"og:image:height\" content=\"668\" \/>\n\t<meta property=\"og:image:type\" content=\"image\/jpeg\" \/>\n<meta name=\"twitter:card\" content=\"summary_large_image\" \/>\n<meta name=\"twitter:label1\" content=\"Est. reading time\" \/>\n\t<meta name=\"twitter:data1\" content=\"1 minute\" \/>\n<script type=\"application\/ld+json\" class=\"yoast-schema-graph\">{\"@context\":\"https:\/\/schema.org\",\"@graph\":[{\"@type\":\"WebPage\",\"@id\":\"https:\/\/shopthoitrang.azdigi.shop\/index.php\/product\/vay-cham-bi-vintage-sweetie\/\",\"url\":\"https:\/\/shopthoitrang.azdigi.shop\/index.php\/product\/vay-cham-bi-vintage-sweetie\/\",\"name\":\"V\u00e1y Ch\u1ea5m Bi Vintage Sweetie - Celeste\",\"isPartOf\":{\"@id\":\"https:\/\/shopthoitrang.azdigi.shop\/#website\"},\"primaryImageOfPage\":{\"@id\":\"https:\/\/shopthoitrang.azdigi.shop\/index.php\/product\/vay-cham-bi-vintage-sweetie\/#primaryimage\"},\"image\":{\"@id\":\"https:\/\/shopthoitrang.azdigi.shop\/index.php\/product\/vay-cham-bi-vintage-sweetie\/#primaryimage\"},\"thumbnailUrl\":\"https:\/\/shopthoitrang.azdigi.shop\/wp-content\/uploads\/2026\/03\/z7641994311276_687771048a611194deac1a6e8a1150da-1.jpg\",\"datePublished\":\"2026-03-28T10:01:57+00:00\",\"dateModified\":\"2026-03-28T15:17:57+00:00\",\"description\":\"V\u00e1y ch\u1ea5m bi vintage sweetie k\u1ebft h\u1ee3p h\u1ecda ti\u1ebft ch\u1ea5m bi kinh \u0111i\u1ec3n v\u1edbi c\u00e1c chi ti\u1ebft ren v\u00e0 n\u01a1 tinh t\u1ebf, mang l\u1ea1i v\u1ebb ngo\u00e0i ng\u1ecdt ng\u00e0o, l\u00e3ng m\u1ea1n v\u00e0 v\u00f4 c\u00f9ng quy\u1ebfn r\u0169\",\"breadcrumb\":{\"@id\":\"https:\/\/shopthoitrang.azdigi.shop\/index.php\/product\/vay-cham-bi-vintage-sweetie\/#breadcrumb\"},\"inLanguage\":\"en-US\",\"potentialAction\":[{\"@type\":\"ReadAction\",\"target\":[\"https:\/\/shopthoitrang.azdigi.shop\/index.php\/product\/vay-cham-bi-vintage-sweetie\/\"]}]},{\"@type\":\"ImageObject\",\"inLanguage\":\"en-US\",\"@id\":\"https:\/\/shopthoitrang.azdigi.shop\/index.php\/product\/vay-cham-bi-vintage-sweetie\/#primaryimage\",\"url\":\"https:\/\/shopthoitrang.azdigi.shop\/wp-content\/uploads\/2026\/03\/z7641994311276_687771048a611194deac1a6e8a1150da-1.jpg\",\"contentUrl\":\"https:\/\/shopthoitrang.azdigi.shop\/wp-content\/uploads\/2026\/03\/z7641994311276_687771048a611194deac1a6e8a1150da-1.jpg\",\"width\":736,\"height\":668},{\"@type\":\"BreadcrumbList\",\"@id\":\"https:\/\/shopthoitrang.azdigi.shop\/index.php\/product\/vay-cham-bi-vintage-sweetie\/#breadcrumb\",\"itemListElement\":[{\"@type\":\"ListItem\",\"position\":1,\"name\":\"Home\",\"item\":\"https:\/\/shopthoitrang.azdigi.shop\/\"},{\"@type\":\"ListItem\",\"position\":2,\"name\":\"Shop\",\"item\":\"https:\/\/shopthoitrang.azdigi.shop\/index.php\/shop\/\"},{\"@type\":\"ListItem\",\"position\":3,\"name\":\"V\u00e1y Ch\u1ea5m Bi Vintage Sweetie\"}]},{\"@type\":\"WebSite\",\"@id\":\"https:\/\/shopthoitrang.azdigi.shop\/#website\",\"url\":\"https:\/\/shopthoitrang.azdigi.shop\/\",\"name\":\"Celeste\",\"description\":\"Shop n\u00e0ng th\u01a1\",\"potentialAction\":[{\"@type\":\"SearchAction\",\"target\":{\"@type\":\"EntryPoint\",\"urlTemplate\":\"https:\/\/shopthoitrang.azdigi.shop\/?s={search_term_string}\"},\"query-input\":{\"@type\":\"PropertyValueSpecification\",\"valueRequired\":true,\"valueName\":\"search_term_string\"}}],\"inLanguage\":\"en-US\"}]}<\/script>\n<!-- \/ Yoast SEO plugin. -->","yoast_head_json":{"title":"V\u00e1y Ch\u1ea5m Bi Vintage Sweetie - Celeste","description":"V\u00e1y ch\u1ea5m bi vintage sweetie k\u1ebft h\u1ee3p h\u1ecda ti\u1ebft ch\u1ea5m bi kinh \u0111i\u1ec3n v\u1edbi c\u00e1c chi ti\u1ebft ren v\u00e0 n\u01a1 tinh t\u1ebf, mang l\u1ea1i v\u1ebb ngo\u00e0i ng\u1ecdt ng\u00e0o, l\u00e3ng m\u1ea1n v\u00e0 v\u00f4 c\u00f9ng quy\u1ebfn r\u0169","robots":{"index":"index","follow":"follow","max-snippet":"max-snippet:-1","max-image-preview":"max-image-preview:large","max-video-preview":"max-video-preview:-1"},"canonical":"https:\/\/shopthoitrang.azdigi.shop\/index.php\/product\/vay-cham-bi-vintage-sweetie\/","og_locale":"en_US","og_type":"article","og_title":"V\u00e1y Ch\u1ea5m Bi Vintage Sweetie - Celeste","og_description":"V\u00e1y ch\u1ea5m bi vintage sweetie k\u1ebft h\u1ee3p h\u1ecda ti\u1ebft ch\u1ea5m bi kinh \u0111i\u1ec3n v\u1edbi c\u00e1c chi ti\u1ebft ren v\u00e0 n\u01a1 tinh t\u1ebf, mang l\u1ea1i v\u1ebb ngo\u00e0i ng\u1ecdt ng\u00e0o, l\u00e3ng m\u1ea1n v\u00e0 v\u00f4 c\u00f9ng quy\u1ebfn r\u0169","og_url":"https:\/\/shopthoitrang.azdigi.shop\/index.php\/product\/vay-cham-bi-vintage-sweetie\/","og_site_name":"Celeste","article_modified_time":"2026-03-28T15:17:57+00:00","og_image":[{"width":736,"height":668,"url":"https:\/\/shopthoitrang.azdigi.shop\/wp-content\/uploads\/2026\/03\/z7641994311276_687771048a611194deac1a6e8a1150da-1.jpg","type":"image\/jpeg"}],"twitter_card":"summary_large_image","twitter_misc":{"Est. reading time":"1 minute"},"schema":{"@context":"https:\/\/schema.org","@graph":[{"@type":"WebPage","@id":"https:\/\/shopthoitrang.azdigi.shop\/index.php\/product\/vay-cham-bi-vintage-sweetie\/","url":"https:\/\/shopthoitrang.azdigi.shop\/index.php\/product\/vay-cham-bi-vintage-sweetie\/","name":"V\u00e1y Ch\u1ea5m Bi Vintage Sweetie - Celeste","isPartOf":{"@id":"https:\/\/shopthoitrang.azdigi.shop\/#website"},"primaryImageOfPage":{"@id":"https:\/\/shopthoitrang.azdigi.shop\/index.php\/product\/vay-cham-bi-vintage-sweetie\/#primaryimage"},"image":{"@id":"https:\/\/shopthoitrang.azdigi.shop\/index.php\/product\/vay-cham-bi-vintage-sweetie\/#primaryimage"},"thumbnailUrl":"https:\/\/shopthoitrang.azdigi.shop\/wp-content\/uploads\/2026\/03\/z7641994311276_687771048a611194deac1a6e8a1150da-1.jpg","datePublished":"2026-03-28T10:01:57+00:00","dateModified":"2026-03-28T15:17:57+00:00","description":"V\u00e1y ch\u1ea5m bi vintage sweetie k\u1ebft h\u1ee3p h\u1ecda ti\u1ebft ch\u1ea5m bi kinh \u0111i\u1ec3n v\u1edbi c\u00e1c chi ti\u1ebft ren v\u00e0 n\u01a1 tinh t\u1ebf, mang l\u1ea1i v\u1ebb ngo\u00e0i ng\u1ecdt ng\u00e0o, l\u00e3ng m\u1ea1n v\u00e0 v\u00f4 c\u00f9ng quy\u1ebfn r\u0169","breadcrumb":{"@id":"https:\/\/shopthoitrang.azdigi.shop\/index.php\/product\/vay-cham-bi-vintage-sweetie\/#breadcrumb"},"inLanguage":"en-US","potentialAction":[{"@type":"ReadAction","target":["https:\/\/shopthoitrang.azdigi.shop\/index.php\/product\/vay-cham-bi-vintage-sweetie\/"]}]},{"@type":"ImageObject","inLanguage":"en-US","@id":"https:\/\/shopthoitrang.azdigi.shop\/index.php\/product\/vay-cham-bi-vintage-sweetie\/#primaryimage","url":"https:\/\/shopthoitrang.azdigi.shop\/wp-content\/uploads\/2026\/03\/z7641994311276_687771048a611194deac1a6e8a1150da-1.jpg","contentUrl":"https:\/\/shopthoitrang.azdigi.shop\/wp-content\/uploads\/2026\/03\/z7641994311276_687771048a611194deac1a6e8a1150da-1.jpg","width":736,"height":668},{"@type":"BreadcrumbList","@id":"https:\/\/shopthoitrang.azdigi.shop\/index.php\/product\/vay-cham-bi-vintage-sweetie\/#breadcrumb","itemListElement":[{"@type":"ListItem","position":1,"name":"Home","item":"https:\/\/shopthoitrang.azdigi.shop\/"},{"@type":"ListItem","position":2,"name":"Shop","item":"https:\/\/shopthoitrang.azdigi.shop\/index.php\/shop\/"},{"@type":"ListItem","position":3,"name":"V\u00e1y Ch\u1ea5m Bi Vintage Sweetie"}]},{"@type":"WebSite","@id":"https:\/\/shopthoitrang.azdigi.shop\/#website","url":"https:\/\/shopthoitrang.azdigi.shop\/","name":"Celeste","description":"Shop n\u00e0ng th\u01a1","potentialAction":[{"@type":"SearchAction","target":{"@type":"EntryPoint","urlTemplate":"https:\/\/shopthoitrang.azdigi.shop\/?s={search_term_string}"},"query-input":{"@type":"PropertyValueSpecification","valueRequired":true,"valueName":"search_term_string"}}],"inLanguage":"en-US"}]}},"jetpack_sharing_enabled":true,"_links":{"self":[{"href":"https:\/\/shopthoitrang.azdigi.shop\/index.php\/wp-json\/wp\/v2\/product\/235","targetHints":{"allow":["GET"]}}],"collection":[{"href":"https:\/\/shopthoitrang.azdigi.shop\/index.php\/wp-json\/wp\/v2\/product"}],"about":[{"href":"https:\/\/shopthoitrang.azdigi.shop\/index.php\/wp-json\/wp\/v2\/types\/product"}],"replies":[{"embeddable":true,"href":"https:\/\/shopthoitrang.azdigi.shop\/index.php\/wp-json\/wp\/v2\/comments?post=235"}],"wp:featuredmedia":[{"embeddable":true,"href":"https:\/\/shopthoitrang.azdigi.shop\/index.php\/wp-json\/wp\/v2\/media\/236"}],"wp:attachment":[{"href":"https:\/\/shopthoitrang.azdigi.shop\/index.php\/wp-json\/wp\/v2\/media?parent=235"}],"wp:term":[{"taxonomy":"product_brand","embeddable":true,"href":"https:\/\/shopthoitrang.azdigi.shop\/index.php\/wp-json\/wp\/v2\/product_brand?post=235"},{"taxonomy":"product_cat","embeddable":true,"href":"https:\/\/shopthoitrang.azdigi.shop\/index.php\/wp-json\/wp\/v2\/product_cat?post=235"},{"taxonomy":"product_tag","embeddable":true,"href":"https:\/\/shopthoitrang.azdigi.shop\/index.php\/wp-json\/wp\/v2\/product_tag?post=235"}],"curies":[{"name":"wp","href":"https:\/\/api.w.org\/{rel}","templated":true}]}}