{"id":221,"date":"2026-03-28T08:42:28","date_gmt":"2026-03-28T08:42:28","guid":{"rendered":"https:\/\/shopthoitrang.azdigi.shop\/?post_type=product&#038;p=221"},"modified":"2026-03-28T15:06:04","modified_gmt":"2026-03-28T15:06:04","slug":"vay-satin-tre-vai-xep-tang-dinh-no","status":"publish","type":"product","link":"https:\/\/shopthoitrang.azdigi.shop\/index.php\/product\/vay-satin-tre-vai-xep-tang-dinh-no\/","title":{"rendered":"V\u00e1y Satin Tr\u1ec5 Vai X\u1ebfp T\u1ea7ng \u0110\u00ednh N\u01a1"},"content":{"rendered":"<p><span dir=\"auto\" style=\"vertical-align: inherit;\"><span dir=\"auto\" style=\"vertical-align: inherit;\">\u0110\u00e1nh C\u1eafp Tr\u00e1i Tim V\u1edbi V\u00e1y Satin Tr\u1ec5 Vai X\u1ebfp T\u1ea7ng \u0110\u00ednh N\u01a1! <\/span><\/span><br \/>\n<span dir=\"auto\" style=\"vertical-align: inherit;\"><span dir=\"auto\" style=\"vertical-align: inherit;\">\u200bN\u00e0ng \u0111ang t\u00ecm ki\u1ebfm m\u1ed9t thi\u1ebft k\u1ebf v\u1eeba ng\u1ecdt ng\u00e0o nh\u01b0 k\u1eb9o ng\u1ecdt, v\u1eeba v\u1eeba k\u1ef3 k\u1ef3 nh\u01b0 m\u1ed9t n\u00e0ng c\u00f4ng ch\u00faa? \u0110\u1eebng b\u1ecf qua &#8220;si\u00eau s\u1ea3n ph\u1ea9m&#8221; V\u00e1y Satin Tr\u1ec5 Vai X\u1ebfp T\u1ea7ng \u0110\u00ednh N\u01a1 n\u00e0y! <\/span><\/span><br \/>\n<span dir=\"auto\" style=\"vertical-align: inherit;\"><span dir=\"auto\" style=\"vertical-align: inherit;\">\u200bChi\u1ebfc V\u00e1y s\u1edf h\u1eefu ch\u1ea5t li\u1ec7u cao c\u1ea5p, b\u00f3ng nh\u1eb9 tinh t\u1ebf, t\u00f4n l\u00ean v\u1ebb sang tr\u1ecdng. Thi\u1ebft k\u1ebf \u0111\u1eb1m vai tinh t\u1ebf khoe b\u1edd vai tr\u1ea7n v\u00e0 x\u01b0\u01a1ng c\u00e1ch quai xanh quy\u1ebfn r\u0169, k\u1ebft h\u1ee3p c\u00f9ng \u0111i\u1ec3m nh\u1ea5n c\u1ea3m gi\u00e1c \u0111i\u1ec1u ch\u1ec9nh tr\u01b0\u1edbc khi l\u00f3t t\u1ea1o n\u00ean b\u00f3ng cu\u1ed1n h\u00fat kh\u00f4ng th\u1ec3 r\u1eddi m\u1eaft. Ph\u1ea7n v\u00e1y \u0111\u01b0\u1ee3c x\u1ebfp t\u1ea7ng b\u1ed3ng b\u1ec1nh nh\u01b0 m\u1ed9t \u0111\u00f3a hoa \u0111ang n\u1edf, mang l\u1ea1i s\u1ef1 tr\u1ebb trung, n\u1eef t\u00ednh v\u00e0 c\u1ef1c k\u1ef3 t\u00f4n phong c\u00e1ch. <\/span><\/span><br \/>\n<span dir=\"auto\" style=\"vertical-align: inherit;\"><span dir=\"auto\" style=\"vertical-align: inherit;\">\u200b<\/span><\/span><\/p>\n","protected":false},"excerpt":{"rendered":"<p>\u0110\u00e1nh C\u1eafp Tr\u00e1i Tim V\u1edbi V\u00e1y Satin Tr\u1ec5 Vai X\u1ebfp T\u1ea7ng \u0110\u00ednh N\u01a1! \u200bN\u00e0ng \u0111ang t\u00ecm ki\u1ebfm m\u1ed9t thi\u1ebft k\u1ebf v\u1eeba ng\u1ecdt ng\u00e0o nh\u01b0 k\u1eb9o ng\u1ecdt, v\u1eeba v\u1eeba k\u1ef3 k\u1ef3 nh\u01b0 m\u1ed9t n\u00e0ng c\u00f4ng ch\u00faa? \u0110\u1eebng b\u1ecf qua &#8220;si\u00eau s\u1ea3n ph\u1ea9m&#8221; V\u00e1y Satin Tr\u1ec5 Vai X\u1ebfp T\u1ea7ng \u0110\u00ednh N\u01a1 n\u00e0y! \u200bChi\u1ebfc V\u00e1y s\u1edf h\u1eefu ch\u1ea5t [&#8230;]\n","protected":false},"featured_media":222,"comment_status":"open","ping_status":"closed","template":"","meta":[],"product_brand":[],"product_cat":[16],"product_tag":[],"class_list":{"0":"post-221","1":"product","2":"type-product","3":"status-publish","4":"has-post-thumbnail","6":"product_cat-uncategorized","8":"first","9":"instock","10":"sale","11":"shipping-taxable","12":"purchasable","13":"product-type-variable"},"yoast_head":"<!-- This site is optimized with the Yoast SEO plugin v27.2 - https:\/\/yoast.com\/product\/yoast-seo-wordpress\/ -->\n<title>V\u00e1y Satin Tr\u1ec5 Vai X\u1ebfp T\u1ea7ng \u0110\u00ednh N\u01a1 - Celeste<\/title>\n<meta name=\"description\" content=\"V\u00e1y Satin Tr\u1ec5 Vai X\u1ebfp T\u1ea7ng \u0110\u00ednh N\u01a1 \u2013 S\u1ef1 k\u1ebft h\u1ee3p ho\u00e0n h\u1ea3o gi\u1eefa ch\u1ea5t li\u1ec7u satin sang tr\u1ecdng, thi\u1ebft k\u1ebf tr\u1ec5 vai quy\u1ebfn r\u0169 v\u00e0 ch\u00e2n v\u00e1y x\u1ebfp t\u1ea7ng b\u1ed3ng b\u1ec1nh.\" \/>\n<meta name=\"robots\" content=\"index, follow, max-snippet:-1, max-image-preview:large, max-video-preview:-1\" \/>\n<link rel=\"canonical\" href=\"https:\/\/shopthoitrang.azdigi.shop\/index.php\/product\/vay-satin-tre-vai-xep-tang-dinh-no\/\" \/>\n<meta property=\"og:locale\" content=\"en_US\" \/>\n<meta property=\"og:type\" content=\"article\" \/>\n<meta property=\"og:title\" content=\"V\u00e1y Satin Tr\u1ec5 Vai X\u1ebfp T\u1ea7ng \u0110\u00ednh N\u01a1 - Celeste\" \/>\n<meta property=\"og:description\" content=\"V\u00e1y Satin Tr\u1ec5 Vai X\u1ebfp T\u1ea7ng \u0110\u00ednh N\u01a1 \u2013 S\u1ef1 k\u1ebft h\u1ee3p ho\u00e0n h\u1ea3o gi\u1eefa ch\u1ea5t li\u1ec7u satin sang tr\u1ecdng, thi\u1ebft k\u1ebf tr\u1ec5 vai quy\u1ebfn r\u0169 v\u00e0 ch\u00e2n v\u00e1y x\u1ebfp t\u1ea7ng b\u1ed3ng b\u1ec1nh.\" \/>\n<meta property=\"og:url\" content=\"https:\/\/shopthoitrang.azdigi.shop\/index.php\/product\/vay-satin-tre-vai-xep-tang-dinh-no\/\" \/>\n<meta property=\"og:site_name\" content=\"Celeste\" \/>\n<meta property=\"article:modified_time\" content=\"2026-03-28T15:06:04+00:00\" \/>\n<meta property=\"og:image\" content=\"https:\/\/shopthoitrang.azdigi.shop\/wp-content\/uploads\/2026\/03\/z7645688747032_d40649003eeb4735e33d702a8d8eb71b.jpg\" \/>\n\t<meta property=\"og:image:width\" content=\"736\" \/>\n\t<meta property=\"og:image:height\" content=\"922\" \/>\n\t<meta property=\"og:image:type\" content=\"image\/jpeg\" \/>\n<meta name=\"twitter:card\" content=\"summary_large_image\" \/>\n<meta name=\"twitter:label1\" content=\"Est. reading time\" \/>\n\t<meta name=\"twitter:data1\" content=\"1 minute\" \/>\n<script type=\"application\/ld+json\" class=\"yoast-schema-graph\">{\"@context\":\"https:\/\/schema.org\",\"@graph\":[{\"@type\":\"WebPage\",\"@id\":\"https:\/\/shopthoitrang.azdigi.shop\/index.php\/product\/vay-satin-tre-vai-xep-tang-dinh-no\/\",\"url\":\"https:\/\/shopthoitrang.azdigi.shop\/index.php\/product\/vay-satin-tre-vai-xep-tang-dinh-no\/\",\"name\":\"V\u00e1y Satin Tr\u1ec5 Vai X\u1ebfp T\u1ea7ng \u0110\u00ednh N\u01a1 - Celeste\",\"isPartOf\":{\"@id\":\"https:\/\/shopthoitrang.azdigi.shop\/#website\"},\"primaryImageOfPage\":{\"@id\":\"https:\/\/shopthoitrang.azdigi.shop\/index.php\/product\/vay-satin-tre-vai-xep-tang-dinh-no\/#primaryimage\"},\"image\":{\"@id\":\"https:\/\/shopthoitrang.azdigi.shop\/index.php\/product\/vay-satin-tre-vai-xep-tang-dinh-no\/#primaryimage\"},\"thumbnailUrl\":\"https:\/\/shopthoitrang.azdigi.shop\/wp-content\/uploads\/2026\/03\/z7645688747032_d40649003eeb4735e33d702a8d8eb71b.jpg\",\"datePublished\":\"2026-03-28T08:42:28+00:00\",\"dateModified\":\"2026-03-28T15:06:04+00:00\",\"description\":\"V\u00e1y Satin Tr\u1ec5 Vai X\u1ebfp T\u1ea7ng \u0110\u00ednh N\u01a1 \u2013 S\u1ef1 k\u1ebft h\u1ee3p ho\u00e0n h\u1ea3o gi\u1eefa ch\u1ea5t li\u1ec7u satin sang tr\u1ecdng, thi\u1ebft k\u1ebf tr\u1ec5 vai quy\u1ebfn r\u0169 v\u00e0 ch\u00e2n v\u00e1y x\u1ebfp t\u1ea7ng b\u1ed3ng b\u1ec1nh.\",\"breadcrumb\":{\"@id\":\"https:\/\/shopthoitrang.azdigi.shop\/index.php\/product\/vay-satin-tre-vai-xep-tang-dinh-no\/#breadcrumb\"},\"inLanguage\":\"en-US\",\"potentialAction\":[{\"@type\":\"ReadAction\",\"target\":[\"https:\/\/shopthoitrang.azdigi.shop\/index.php\/product\/vay-satin-tre-vai-xep-tang-dinh-no\/\"]}]},{\"@type\":\"ImageObject\",\"inLanguage\":\"en-US\",\"@id\":\"https:\/\/shopthoitrang.azdigi.shop\/index.php\/product\/vay-satin-tre-vai-xep-tang-dinh-no\/#primaryimage\",\"url\":\"https:\/\/shopthoitrang.azdigi.shop\/wp-content\/uploads\/2026\/03\/z7645688747032_d40649003eeb4735e33d702a8d8eb71b.jpg\",\"contentUrl\":\"https:\/\/shopthoitrang.azdigi.shop\/wp-content\/uploads\/2026\/03\/z7645688747032_d40649003eeb4735e33d702a8d8eb71b.jpg\",\"width\":736,\"height\":922},{\"@type\":\"BreadcrumbList\",\"@id\":\"https:\/\/shopthoitrang.azdigi.shop\/index.php\/product\/vay-satin-tre-vai-xep-tang-dinh-no\/#breadcrumb\",\"itemListElement\":[{\"@type\":\"ListItem\",\"position\":1,\"name\":\"Home\",\"item\":\"https:\/\/shopthoitrang.azdigi.shop\/\"},{\"@type\":\"ListItem\",\"position\":2,\"name\":\"Shop\",\"item\":\"https:\/\/shopthoitrang.azdigi.shop\/index.php\/shop\/\"},{\"@type\":\"ListItem\",\"position\":3,\"name\":\"V\u00e1y Satin Tr\u1ec5 Vai X\u1ebfp T\u1ea7ng \u0110\u00ednh N\u01a1\"}]},{\"@type\":\"WebSite\",\"@id\":\"https:\/\/shopthoitrang.azdigi.shop\/#website\",\"url\":\"https:\/\/shopthoitrang.azdigi.shop\/\",\"name\":\"Celeste\",\"description\":\"Shop n\u00e0ng th\u01a1\",\"potentialAction\":[{\"@type\":\"SearchAction\",\"target\":{\"@type\":\"EntryPoint\",\"urlTemplate\":\"https:\/\/shopthoitrang.azdigi.shop\/?s={search_term_string}\"},\"query-input\":{\"@type\":\"PropertyValueSpecification\",\"valueRequired\":true,\"valueName\":\"search_term_string\"}}],\"inLanguage\":\"en-US\"}]}<\/script>\n<!-- \/ Yoast SEO plugin. -->","yoast_head_json":{"title":"V\u00e1y Satin Tr\u1ec5 Vai X\u1ebfp T\u1ea7ng \u0110\u00ednh N\u01a1 - Celeste","description":"V\u00e1y Satin Tr\u1ec5 Vai X\u1ebfp T\u1ea7ng \u0110\u00ednh N\u01a1 \u2013 S\u1ef1 k\u1ebft h\u1ee3p ho\u00e0n h\u1ea3o gi\u1eefa ch\u1ea5t li\u1ec7u satin sang tr\u1ecdng, thi\u1ebft k\u1ebf tr\u1ec5 vai quy\u1ebfn r\u0169 v\u00e0 ch\u00e2n v\u00e1y x\u1ebfp t\u1ea7ng b\u1ed3ng b\u1ec1nh.","robots":{"index":"index","follow":"follow","max-snippet":"max-snippet:-1","max-image-preview":"max-image-preview:large","max-video-preview":"max-video-preview:-1"},"canonical":"https:\/\/shopthoitrang.azdigi.shop\/index.php\/product\/vay-satin-tre-vai-xep-tang-dinh-no\/","og_locale":"en_US","og_type":"article","og_title":"V\u00e1y Satin Tr\u1ec5 Vai X\u1ebfp T\u1ea7ng \u0110\u00ednh N\u01a1 - Celeste","og_description":"V\u00e1y Satin Tr\u1ec5 Vai X\u1ebfp T\u1ea7ng \u0110\u00ednh N\u01a1 \u2013 S\u1ef1 k\u1ebft h\u1ee3p ho\u00e0n h\u1ea3o gi\u1eefa ch\u1ea5t li\u1ec7u satin sang tr\u1ecdng, thi\u1ebft k\u1ebf tr\u1ec5 vai quy\u1ebfn r\u0169 v\u00e0 ch\u00e2n v\u00e1y x\u1ebfp t\u1ea7ng b\u1ed3ng b\u1ec1nh.","og_url":"https:\/\/shopthoitrang.azdigi.shop\/index.php\/product\/vay-satin-tre-vai-xep-tang-dinh-no\/","og_site_name":"Celeste","article_modified_time":"2026-03-28T15:06:04+00:00","og_image":[{"width":736,"height":922,"url":"https:\/\/shopthoitrang.azdigi.shop\/wp-content\/uploads\/2026\/03\/z7645688747032_d40649003eeb4735e33d702a8d8eb71b.jpg","type":"image\/jpeg"}],"twitter_card":"summary_large_image","twitter_misc":{"Est. reading time":"1 minute"},"schema":{"@context":"https:\/\/schema.org","@graph":[{"@type":"WebPage","@id":"https:\/\/shopthoitrang.azdigi.shop\/index.php\/product\/vay-satin-tre-vai-xep-tang-dinh-no\/","url":"https:\/\/shopthoitrang.azdigi.shop\/index.php\/product\/vay-satin-tre-vai-xep-tang-dinh-no\/","name":"V\u00e1y Satin Tr\u1ec5 Vai X\u1ebfp T\u1ea7ng \u0110\u00ednh N\u01a1 - Celeste","isPartOf":{"@id":"https:\/\/shopthoitrang.azdigi.shop\/#website"},"primaryImageOfPage":{"@id":"https:\/\/shopthoitrang.azdigi.shop\/index.php\/product\/vay-satin-tre-vai-xep-tang-dinh-no\/#primaryimage"},"image":{"@id":"https:\/\/shopthoitrang.azdigi.shop\/index.php\/product\/vay-satin-tre-vai-xep-tang-dinh-no\/#primaryimage"},"thumbnailUrl":"https:\/\/shopthoitrang.azdigi.shop\/wp-content\/uploads\/2026\/03\/z7645688747032_d40649003eeb4735e33d702a8d8eb71b.jpg","datePublished":"2026-03-28T08:42:28+00:00","dateModified":"2026-03-28T15:06:04+00:00","description":"V\u00e1y Satin Tr\u1ec5 Vai X\u1ebfp T\u1ea7ng \u0110\u00ednh N\u01a1 \u2013 S\u1ef1 k\u1ebft h\u1ee3p ho\u00e0n h\u1ea3o gi\u1eefa ch\u1ea5t li\u1ec7u satin sang tr\u1ecdng, thi\u1ebft k\u1ebf tr\u1ec5 vai quy\u1ebfn r\u0169 v\u00e0 ch\u00e2n v\u00e1y x\u1ebfp t\u1ea7ng b\u1ed3ng b\u1ec1nh.","breadcrumb":{"@id":"https:\/\/shopthoitrang.azdigi.shop\/index.php\/product\/vay-satin-tre-vai-xep-tang-dinh-no\/#breadcrumb"},"inLanguage":"en-US","potentialAction":[{"@type":"ReadAction","target":["https:\/\/shopthoitrang.azdigi.shop\/index.php\/product\/vay-satin-tre-vai-xep-tang-dinh-no\/"]}]},{"@type":"ImageObject","inLanguage":"en-US","@id":"https:\/\/shopthoitrang.azdigi.shop\/index.php\/product\/vay-satin-tre-vai-xep-tang-dinh-no\/#primaryimage","url":"https:\/\/shopthoitrang.azdigi.shop\/wp-content\/uploads\/2026\/03\/z7645688747032_d40649003eeb4735e33d702a8d8eb71b.jpg","contentUrl":"https:\/\/shopthoitrang.azdigi.shop\/wp-content\/uploads\/2026\/03\/z7645688747032_d40649003eeb4735e33d702a8d8eb71b.jpg","width":736,"height":922},{"@type":"BreadcrumbList","@id":"https:\/\/shopthoitrang.azdigi.shop\/index.php\/product\/vay-satin-tre-vai-xep-tang-dinh-no\/#breadcrumb","itemListElement":[{"@type":"ListItem","position":1,"name":"Home","item":"https:\/\/shopthoitrang.azdigi.shop\/"},{"@type":"ListItem","position":2,"name":"Shop","item":"https:\/\/shopthoitrang.azdigi.shop\/index.php\/shop\/"},{"@type":"ListItem","position":3,"name":"V\u00e1y Satin Tr\u1ec5 Vai X\u1ebfp T\u1ea7ng \u0110\u00ednh N\u01a1"}]},{"@type":"WebSite","@id":"https:\/\/shopthoitrang.azdigi.shop\/#website","url":"https:\/\/shopthoitrang.azdigi.shop\/","name":"Celeste","description":"Shop n\u00e0ng th\u01a1","potentialAction":[{"@type":"SearchAction","target":{"@type":"EntryPoint","urlTemplate":"https:\/\/shopthoitrang.azdigi.shop\/?s={search_term_string}"},"query-input":{"@type":"PropertyValueSpecification","valueRequired":true,"valueName":"search_term_string"}}],"inLanguage":"en-US"}]}},"jetpack_sharing_enabled":true,"_links":{"self":[{"href":"https:\/\/shopthoitrang.azdigi.shop\/index.php\/wp-json\/wp\/v2\/product\/221","targetHints":{"allow":["GET"]}}],"collection":[{"href":"https:\/\/shopthoitrang.azdigi.shop\/index.php\/wp-json\/wp\/v2\/product"}],"about":[{"href":"https:\/\/shopthoitrang.azdigi.shop\/index.php\/wp-json\/wp\/v2\/types\/product"}],"replies":[{"embeddable":true,"href":"https:\/\/shopthoitrang.azdigi.shop\/index.php\/wp-json\/wp\/v2\/comments?post=221"}],"wp:featuredmedia":[{"embeddable":true,"href":"https:\/\/shopthoitrang.azdigi.shop\/index.php\/wp-json\/wp\/v2\/media\/222"}],"wp:attachment":[{"href":"https:\/\/shopthoitrang.azdigi.shop\/index.php\/wp-json\/wp\/v2\/media?parent=221"}],"wp:term":[{"taxonomy":"product_brand","embeddable":true,"href":"https:\/\/shopthoitrang.azdigi.shop\/index.php\/wp-json\/wp\/v2\/product_brand?post=221"},{"taxonomy":"product_cat","embeddable":true,"href":"https:\/\/shopthoitrang.azdigi.shop\/index.php\/wp-json\/wp\/v2\/product_cat?post=221"},{"taxonomy":"product_tag","embeddable":true,"href":"https:\/\/shopthoitrang.azdigi.shop\/index.php\/wp-json\/wp\/v2\/product_tag?post=221"}],"curies":[{"name":"wp","href":"https:\/\/api.w.org\/{rel}","templated":true}]}}