{"id":215,"date":"2026-03-28T08:07:02","date_gmt":"2026-03-28T08:07:02","guid":{"rendered":"https:\/\/shopthoitrang.azdigi.shop\/?post_type=product&#038;p=215"},"modified":"2026-03-28T15:01:04","modified_gmt":"2026-03-28T15:01:04","slug":"vay-hong-baby-lolita-banh-beo","status":"publish","type":"product","link":"https:\/\/shopthoitrang.azdigi.shop\/index.php\/product\/vay-hong-baby-lolita-banh-beo\/","title":{"rendered":"V\u00e1y H\u1ed3ng Baby Lolita B\u00e1nh B\u00e8o"},"content":{"rendered":"<p><span dir=\"auto\" style=\"vertical-align: inherit;\"><span dir=\"auto\" style=\"vertical-align: inherit;\">V\u00e1y H\u1ed3ng Baby Lolita B\u00e1nh B\u00e8o &#8211; B\u1ea3n T\u00ecnh Ca Ng\u1ecdt Ng\u00e0o<\/span><\/span><\/p>\n<p><span dir=\"auto\" style=\"vertical-align: inherit;\"><span dir=\"auto\" style=\"vertical-align: inherit;\">Chinh ph\u1ee5c m\u1ecdi \u00e1nh nh\u00ecn v\u1edbi &#8220;V\u00e1y H\u1ed3ng Baby Lolita B\u00e1nh B\u00e8o&#8221;, m\u1ed9t thi\u1ebft k\u1ebf ho\u00e0n h\u1ea3o d\u00e0nh ri\u00eang cho nh\u1eefng c\u00f4 n\u00e0ng y\u00eau th\u00edch phong c\u00e1ch ti\u1ec3u th\u01b0 ng\u1ecdt ng\u00e0o v\u00e0 l\u00e3ng m\u1ea1n. L\u1ea5y c\u1ea3m h\u1ee9ng t\u1eeb v\u0103n h\u00f3a Gothic Nh\u1eadt B\u1ea3n pha ch\u00fat hi\u1ec7n \u0111\u1ea1i, set \u0111\u1ed3 n\u00e0y mang \u0111\u1ebfn di\u1ec7n m\u1ea1o v\u00f4 c\u00f9ng xinh x\u1eafn v\u00e0 \u0111\u00e1ng y\u00eau t\u1ef1a nh\u01b0 m\u1ed9t b\u00fap b\u00ea s\u1ee9.<\/span><\/span><span dir=\"auto\" style=\"vertical-align: inherit;\"><span dir=\"auto\" style=\"vertical-align: inherit;\">\u00a0Nh\u1eefng chi\u1ebfc n\u01a1 ruy b\u0103ng hoa xinh x\u1eafn \u1edf eo v\u00e0 tr\u00ean c\u1ed5 \u00e1o ch\u00ednh l\u00e0 \u0111i\u1ec3m ch\u1ea5m ph\u00e1 cu\u1ed1i c\u00f9ng, ho\u00e0n thi\u1ec7n v\u1ebb ngo\u00e0i nh\u1ecbp \u0111i\u1ec7u \u0111\u00e0, c\u1ef1c k\u1ef3 \u201cb\u00e1nh b\u00e8o\u201d nh\u01b0ng kh\u00f4ng h\u1ec1 th\u00e2n thi\u1ec7n ph\u1ea7n sang tr\u1ecdng.<\/span><\/span><\/p>\n","protected":false},"excerpt":{"rendered":"<p>V\u00e1y H\u1ed3ng Baby Lolita B\u00e1nh B\u00e8o &#8211; B\u1ea3n T\u00ecnh Ca Ng\u1ecdt Ng\u00e0o Chinh ph\u1ee5c m\u1ecdi \u00e1nh nh\u00ecn v\u1edbi &#8220;V\u00e1y H\u1ed3ng Baby Lolita B\u00e1nh B\u00e8o&#8221;, m\u1ed9t thi\u1ebft k\u1ebf ho\u00e0n h\u1ea3o d\u00e0nh ri\u00eang cho nh\u1eefng c\u00f4 n\u00e0ng y\u00eau th\u00edch phong c\u00e1ch ti\u1ec3u th\u01b0 ng\u1ecdt ng\u00e0o v\u00e0 l\u00e3ng m\u1ea1n. L\u1ea5y c\u1ea3m h\u1ee9ng t\u1eeb v\u0103n h\u00f3a Gothic Nh\u1eadt B\u1ea3n [&#8230;]\n","protected":false},"featured_media":216,"comment_status":"open","ping_status":"closed","template":"","meta":[],"product_brand":[],"product_cat":[16],"product_tag":[],"class_list":{"0":"post-215","1":"product","2":"type-product","3":"status-publish","4":"has-post-thumbnail","6":"product_cat-uncategorized","8":"first","9":"instock","10":"shipping-taxable","11":"purchasable","12":"product-type-variable"},"yoast_head":"<!-- This site is optimized with the Yoast SEO plugin v27.2 - https:\/\/yoast.com\/product\/yoast-seo-wordpress\/ -->\n<title>V\u00e1y H\u1ed3ng Baby Lolita B\u00e1nh B\u00e8o - Celeste<\/title>\n<meta name=\"description\" content=\"Set v\u00e1y Lolita h\u1ed3ng baby ng\u1ecdt ng\u00e0o v\u1edbi \u00e1o len t\u0103m c\u1ed5 ren v\u00e0 ch\u00e2n v\u00e1y x\u1ebfp t\u1ea7ng b\u1ed3ng b\u1ec1nh \u0111\u00ednh n\u01a1, \u0111\u1eadm ch\u1ea5t &quot;b\u00e1nh b\u00e8o&quot; ti\u1ec3u th\u01b0.\" \/>\n<meta name=\"robots\" content=\"index, follow, max-snippet:-1, max-image-preview:large, max-video-preview:-1\" \/>\n<link rel=\"canonical\" href=\"https:\/\/shopthoitrang.azdigi.shop\/index.php\/product\/vay-hong-baby-lolita-banh-beo\/\" \/>\n<meta property=\"og:locale\" content=\"en_US\" \/>\n<meta property=\"og:type\" content=\"article\" \/>\n<meta property=\"og:title\" content=\"V\u00e1y H\u1ed3ng Baby Lolita B\u00e1nh B\u00e8o - Celeste\" \/>\n<meta property=\"og:description\" content=\"Set v\u00e1y Lolita h\u1ed3ng baby ng\u1ecdt ng\u00e0o v\u1edbi \u00e1o len t\u0103m c\u1ed5 ren v\u00e0 ch\u00e2n v\u00e1y x\u1ebfp t\u1ea7ng b\u1ed3ng b\u1ec1nh \u0111\u00ednh n\u01a1, \u0111\u1eadm ch\u1ea5t &quot;b\u00e1nh b\u00e8o&quot; ti\u1ec3u th\u01b0.\" \/>\n<meta property=\"og:url\" content=\"https:\/\/shopthoitrang.azdigi.shop\/index.php\/product\/vay-hong-baby-lolita-banh-beo\/\" \/>\n<meta property=\"og:site_name\" content=\"Celeste\" \/>\n<meta property=\"article:modified_time\" content=\"2026-03-28T15:01:04+00:00\" \/>\n<meta property=\"og:image\" content=\"https:\/\/shopthoitrang.azdigi.shop\/wp-content\/uploads\/2026\/03\/z7644099074043_551278d3516ab6130ff862def2f7c69e-1.jpg\" \/>\n\t<meta property=\"og:image:width\" content=\"676\" \/>\n\t<meta property=\"og:image:height\" content=\"966\" \/>\n\t<meta property=\"og:image:type\" content=\"image\/jpeg\" \/>\n<meta name=\"twitter:card\" content=\"summary_large_image\" \/>\n<meta name=\"twitter:label1\" content=\"Est. reading time\" \/>\n\t<meta name=\"twitter:data1\" content=\"1 minute\" \/>\n<script type=\"application\/ld+json\" class=\"yoast-schema-graph\">{\"@context\":\"https:\/\/schema.org\",\"@graph\":[{\"@type\":\"WebPage\",\"@id\":\"https:\/\/shopthoitrang.azdigi.shop\/index.php\/product\/vay-hong-baby-lolita-banh-beo\/\",\"url\":\"https:\/\/shopthoitrang.azdigi.shop\/index.php\/product\/vay-hong-baby-lolita-banh-beo\/\",\"name\":\"V\u00e1y H\u1ed3ng Baby Lolita B\u00e1nh B\u00e8o - Celeste\",\"isPartOf\":{\"@id\":\"https:\/\/shopthoitrang.azdigi.shop\/#website\"},\"primaryImageOfPage\":{\"@id\":\"https:\/\/shopthoitrang.azdigi.shop\/index.php\/product\/vay-hong-baby-lolita-banh-beo\/#primaryimage\"},\"image\":{\"@id\":\"https:\/\/shopthoitrang.azdigi.shop\/index.php\/product\/vay-hong-baby-lolita-banh-beo\/#primaryimage\"},\"thumbnailUrl\":\"https:\/\/shopthoitrang.azdigi.shop\/wp-content\/uploads\/2026\/03\/z7644099074043_551278d3516ab6130ff862def2f7c69e-1.jpg\",\"datePublished\":\"2026-03-28T08:07:02+00:00\",\"dateModified\":\"2026-03-28T15:01:04+00:00\",\"description\":\"Set v\u00e1y Lolita h\u1ed3ng baby ng\u1ecdt ng\u00e0o v\u1edbi \u00e1o len t\u0103m c\u1ed5 ren v\u00e0 ch\u00e2n v\u00e1y x\u1ebfp t\u1ea7ng b\u1ed3ng b\u1ec1nh \u0111\u00ednh n\u01a1, \u0111\u1eadm ch\u1ea5t \\\"b\u00e1nh b\u00e8o\\\" ti\u1ec3u th\u01b0.\",\"breadcrumb\":{\"@id\":\"https:\/\/shopthoitrang.azdigi.shop\/index.php\/product\/vay-hong-baby-lolita-banh-beo\/#breadcrumb\"},\"inLanguage\":\"en-US\",\"potentialAction\":[{\"@type\":\"ReadAction\",\"target\":[\"https:\/\/shopthoitrang.azdigi.shop\/index.php\/product\/vay-hong-baby-lolita-banh-beo\/\"]}]},{\"@type\":\"ImageObject\",\"inLanguage\":\"en-US\",\"@id\":\"https:\/\/shopthoitrang.azdigi.shop\/index.php\/product\/vay-hong-baby-lolita-banh-beo\/#primaryimage\",\"url\":\"https:\/\/shopthoitrang.azdigi.shop\/wp-content\/uploads\/2026\/03\/z7644099074043_551278d3516ab6130ff862def2f7c69e-1.jpg\",\"contentUrl\":\"https:\/\/shopthoitrang.azdigi.shop\/wp-content\/uploads\/2026\/03\/z7644099074043_551278d3516ab6130ff862def2f7c69e-1.jpg\",\"width\":676,\"height\":966},{\"@type\":\"BreadcrumbList\",\"@id\":\"https:\/\/shopthoitrang.azdigi.shop\/index.php\/product\/vay-hong-baby-lolita-banh-beo\/#breadcrumb\",\"itemListElement\":[{\"@type\":\"ListItem\",\"position\":1,\"name\":\"Home\",\"item\":\"https:\/\/shopthoitrang.azdigi.shop\/\"},{\"@type\":\"ListItem\",\"position\":2,\"name\":\"Shop\",\"item\":\"https:\/\/shopthoitrang.azdigi.shop\/index.php\/shop\/\"},{\"@type\":\"ListItem\",\"position\":3,\"name\":\"V\u00e1y H\u1ed3ng Baby Lolita B\u00e1nh B\u00e8o\"}]},{\"@type\":\"WebSite\",\"@id\":\"https:\/\/shopthoitrang.azdigi.shop\/#website\",\"url\":\"https:\/\/shopthoitrang.azdigi.shop\/\",\"name\":\"Celeste\",\"description\":\"Shop n\u00e0ng th\u01a1\",\"potentialAction\":[{\"@type\":\"SearchAction\",\"target\":{\"@type\":\"EntryPoint\",\"urlTemplate\":\"https:\/\/shopthoitrang.azdigi.shop\/?s={search_term_string}\"},\"query-input\":{\"@type\":\"PropertyValueSpecification\",\"valueRequired\":true,\"valueName\":\"search_term_string\"}}],\"inLanguage\":\"en-US\"}]}<\/script>\n<!-- \/ Yoast SEO plugin. -->","yoast_head_json":{"title":"V\u00e1y H\u1ed3ng Baby Lolita B\u00e1nh B\u00e8o - Celeste","description":"Set v\u00e1y Lolita h\u1ed3ng baby ng\u1ecdt ng\u00e0o v\u1edbi \u00e1o len t\u0103m c\u1ed5 ren v\u00e0 ch\u00e2n v\u00e1y x\u1ebfp t\u1ea7ng b\u1ed3ng b\u1ec1nh \u0111\u00ednh n\u01a1, \u0111\u1eadm ch\u1ea5t \"b\u00e1nh b\u00e8o\" ti\u1ec3u th\u01b0.","robots":{"index":"index","follow":"follow","max-snippet":"max-snippet:-1","max-image-preview":"max-image-preview:large","max-video-preview":"max-video-preview:-1"},"canonical":"https:\/\/shopthoitrang.azdigi.shop\/index.php\/product\/vay-hong-baby-lolita-banh-beo\/","og_locale":"en_US","og_type":"article","og_title":"V\u00e1y H\u1ed3ng Baby Lolita B\u00e1nh B\u00e8o - Celeste","og_description":"Set v\u00e1y Lolita h\u1ed3ng baby ng\u1ecdt ng\u00e0o v\u1edbi \u00e1o len t\u0103m c\u1ed5 ren v\u00e0 ch\u00e2n v\u00e1y x\u1ebfp t\u1ea7ng b\u1ed3ng b\u1ec1nh \u0111\u00ednh n\u01a1, \u0111\u1eadm ch\u1ea5t \"b\u00e1nh b\u00e8o\" ti\u1ec3u th\u01b0.","og_url":"https:\/\/shopthoitrang.azdigi.shop\/index.php\/product\/vay-hong-baby-lolita-banh-beo\/","og_site_name":"Celeste","article_modified_time":"2026-03-28T15:01:04+00:00","og_image":[{"width":676,"height":966,"url":"https:\/\/shopthoitrang.azdigi.shop\/wp-content\/uploads\/2026\/03\/z7644099074043_551278d3516ab6130ff862def2f7c69e-1.jpg","type":"image\/jpeg"}],"twitter_card":"summary_large_image","twitter_misc":{"Est. reading time":"1 minute"},"schema":{"@context":"https:\/\/schema.org","@graph":[{"@type":"WebPage","@id":"https:\/\/shopthoitrang.azdigi.shop\/index.php\/product\/vay-hong-baby-lolita-banh-beo\/","url":"https:\/\/shopthoitrang.azdigi.shop\/index.php\/product\/vay-hong-baby-lolita-banh-beo\/","name":"V\u00e1y H\u1ed3ng Baby Lolita B\u00e1nh B\u00e8o - Celeste","isPartOf":{"@id":"https:\/\/shopthoitrang.azdigi.shop\/#website"},"primaryImageOfPage":{"@id":"https:\/\/shopthoitrang.azdigi.shop\/index.php\/product\/vay-hong-baby-lolita-banh-beo\/#primaryimage"},"image":{"@id":"https:\/\/shopthoitrang.azdigi.shop\/index.php\/product\/vay-hong-baby-lolita-banh-beo\/#primaryimage"},"thumbnailUrl":"https:\/\/shopthoitrang.azdigi.shop\/wp-content\/uploads\/2026\/03\/z7644099074043_551278d3516ab6130ff862def2f7c69e-1.jpg","datePublished":"2026-03-28T08:07:02+00:00","dateModified":"2026-03-28T15:01:04+00:00","description":"Set v\u00e1y Lolita h\u1ed3ng baby ng\u1ecdt ng\u00e0o v\u1edbi \u00e1o len t\u0103m c\u1ed5 ren v\u00e0 ch\u00e2n v\u00e1y x\u1ebfp t\u1ea7ng b\u1ed3ng b\u1ec1nh \u0111\u00ednh n\u01a1, \u0111\u1eadm ch\u1ea5t \"b\u00e1nh b\u00e8o\" ti\u1ec3u th\u01b0.","breadcrumb":{"@id":"https:\/\/shopthoitrang.azdigi.shop\/index.php\/product\/vay-hong-baby-lolita-banh-beo\/#breadcrumb"},"inLanguage":"en-US","potentialAction":[{"@type":"ReadAction","target":["https:\/\/shopthoitrang.azdigi.shop\/index.php\/product\/vay-hong-baby-lolita-banh-beo\/"]}]},{"@type":"ImageObject","inLanguage":"en-US","@id":"https:\/\/shopthoitrang.azdigi.shop\/index.php\/product\/vay-hong-baby-lolita-banh-beo\/#primaryimage","url":"https:\/\/shopthoitrang.azdigi.shop\/wp-content\/uploads\/2026\/03\/z7644099074043_551278d3516ab6130ff862def2f7c69e-1.jpg","contentUrl":"https:\/\/shopthoitrang.azdigi.shop\/wp-content\/uploads\/2026\/03\/z7644099074043_551278d3516ab6130ff862def2f7c69e-1.jpg","width":676,"height":966},{"@type":"BreadcrumbList","@id":"https:\/\/shopthoitrang.azdigi.shop\/index.php\/product\/vay-hong-baby-lolita-banh-beo\/#breadcrumb","itemListElement":[{"@type":"ListItem","position":1,"name":"Home","item":"https:\/\/shopthoitrang.azdigi.shop\/"},{"@type":"ListItem","position":2,"name":"Shop","item":"https:\/\/shopthoitrang.azdigi.shop\/index.php\/shop\/"},{"@type":"ListItem","position":3,"name":"V\u00e1y H\u1ed3ng Baby Lolita B\u00e1nh B\u00e8o"}]},{"@type":"WebSite","@id":"https:\/\/shopthoitrang.azdigi.shop\/#website","url":"https:\/\/shopthoitrang.azdigi.shop\/","name":"Celeste","description":"Shop n\u00e0ng th\u01a1","potentialAction":[{"@type":"SearchAction","target":{"@type":"EntryPoint","urlTemplate":"https:\/\/shopthoitrang.azdigi.shop\/?s={search_term_string}"},"query-input":{"@type":"PropertyValueSpecification","valueRequired":true,"valueName":"search_term_string"}}],"inLanguage":"en-US"}]}},"jetpack_sharing_enabled":true,"_links":{"self":[{"href":"https:\/\/shopthoitrang.azdigi.shop\/index.php\/wp-json\/wp\/v2\/product\/215","targetHints":{"allow":["GET"]}}],"collection":[{"href":"https:\/\/shopthoitrang.azdigi.shop\/index.php\/wp-json\/wp\/v2\/product"}],"about":[{"href":"https:\/\/shopthoitrang.azdigi.shop\/index.php\/wp-json\/wp\/v2\/types\/product"}],"replies":[{"embeddable":true,"href":"https:\/\/shopthoitrang.azdigi.shop\/index.php\/wp-json\/wp\/v2\/comments?post=215"}],"wp:featuredmedia":[{"embeddable":true,"href":"https:\/\/shopthoitrang.azdigi.shop\/index.php\/wp-json\/wp\/v2\/media\/216"}],"wp:attachment":[{"href":"https:\/\/shopthoitrang.azdigi.shop\/index.php\/wp-json\/wp\/v2\/media?parent=215"}],"wp:term":[{"taxonomy":"product_brand","embeddable":true,"href":"https:\/\/shopthoitrang.azdigi.shop\/index.php\/wp-json\/wp\/v2\/product_brand?post=215"},{"taxonomy":"product_cat","embeddable":true,"href":"https:\/\/shopthoitrang.azdigi.shop\/index.php\/wp-json\/wp\/v2\/product_cat?post=215"},{"taxonomy":"product_tag","embeddable":true,"href":"https:\/\/shopthoitrang.azdigi.shop\/index.php\/wp-json\/wp\/v2\/product_tag?post=215"}],"curies":[{"name":"wp","href":"https:\/\/api.w.org\/{rel}","templated":true}]}}