{"id":173,"date":"2026-03-22T05:53:14","date_gmt":"2026-03-22T05:53:14","guid":{"rendered":"https:\/\/shopthoitrang.azdigi.shop\/?post_type=product&#038;p=173"},"modified":"2026-03-28T14:56:18","modified_gmt":"2026-03-28T14:56:18","slug":"vay-voan-tang-thien-nga","status":"publish","type":"product","link":"https:\/\/shopthoitrang.azdigi.shop\/index.php\/product\/vay-voan-tang-thien-nga\/","title":{"rendered":"V\u00e1y Voan T\u1ea7ng Thi\u00ean Nga"},"content":{"rendered":"<p data-path-to-node=\"4\"><b data-path-to-node=\"4\" data-index-in-node=\"0\"><span dir=\"auto\" style=\"vertical-align: inherit;\"><span dir=\"auto\" style=\"vertical-align: inherit;\">V\u00e1y Voan T\u1ea7ng Thi\u00ean Nga \u2013 V\u0169 Kh\u00fac Kh\u00fac Nh\u00e0ng C\u1ee7a N\u00e0ng Th\u01a1<\/span><\/span><\/b><\/p>\n<p data-path-to-node=\"9\"><span dir=\"auto\" style=\"vertical-align: inherit;\"><span dir=\"auto\" style=\"vertical-align: inherit;\">\u200bThi\u1ebft k\u1ebf t\u1ea7ng l\u1edbp tinh t\u1ebf: Tung V\u00e1y \u0111\u01b0\u1ee3c x\u1ebfp nhi\u1ec1u l\u1edbp voan th\u01b0\u01a1ng m\u1ea1i, t\u1ea1o \u0111\u1ed9 b\u1ed3ng b\u1ec1nh t\u1ef1 nhi\u00ean nh\u01b0 nh\u1eefng \u0111\u00f4i c\u00e1nh thi\u00ean nga tr\u1eafng mu\u1ed1t. \u0110\u1eb7c bi\u1ec7t, ph\u1ea7n g\u1ea5u v\u00e1y \u0111\u00ednh k\u1ebft hoa h\u1ed3ng 3D th\u1ee7 c\u00f4ng t\u1ec9 m\u1ec9, t\u1ea1o \u0111i\u1ec3m nh\u1ea5n \u0111\u1ea7y l\u00e3ng m\u1ea1n trong t\u1eebng b\u01b0\u1edbc di chuy\u1ec3n. <\/span><\/span><br \/>\n<span dir=\"auto\" style=\"vertical-align: inherit;\"><span dir=\"auto\" style=\"vertical-align: inherit;\">\u200bChi ti\u1ebft c\u1ed5 y\u1ebfm \u0111\u00ednh \u0111\u00e1: Ph\u1ea7n c\u1ed5 y\u1ebfm c\u00e1ch \u0111i\u1ec7u k\u1ebft h\u1ee3p c\u00f9ng tay voan b\u1ed3ng b\u1ec1nh kh\u00f4ng ch\u1ec9 gi\u00fap t\u00f4n vinh b\u1edd vai thon m\u00e0 c\u00f2n mang l\u1ea1i v\u1ebb \u0111\u1eb9p tho\u00e1t t\u1ee5c. Nh\u1eefng vi\u00ean \u0111\u00e1 l\u1ea5p l\u00e1nh tr\u01b0\u1edbc khi x\u00f4ng t\u1ef1a nh\u01b0 nh\u1eefng b\u00f4ng hoa ng\u1ecdc mai, gi\u00fap b\u1ea1n t\u1ecfa s\u00e1ng r\u1ea1ng r\u1ee1 d\u01b0\u1edbi \u00e1nh \u0111\u00e8n \u0111\u00eam \u0111\u00eam. <\/span><\/span><br \/>\n<span dir=\"auto\" style=\"vertical-align: inherit;\"><span dir=\"auto\" style=\"vertical-align: inherit;\">\u200bS\u1eafc kem trang nh\u00e3: Tone m\u00e0u kem s\u1eefa nh\u1eb9 nh\u00e0ng kh\u00f4ng k\u00e9n da, mang \u0111\u1ebfn c\u1ea3m gi\u00e1c thanh l\u1ecbch, ng\u1ecdt ng\u00e0o nh\u01b0ng v\u1eabn v\u00f4 c\u00f9ng sang tr\u1ecdng.<\/span><\/span><\/p>\n","protected":false},"excerpt":{"rendered":"<p><img loading=\"lazy\" decoding=\"async\" class=\"alignnone size-medium wp-image-116\" src=\"https:\/\/shopthoitrang.azdigi.shop\/wp-content\/uploads\/2026\/03\/z7641965583775_37700ec69d1fa122265aa3cffa2da33e-225x300.jpg\" alt=\"\" width=\"225\" height=\"300\" srcset=\"https:\/\/shopthoitrang.azdigi.shop\/wp-content\/uploads\/2026\/03\/z7641965583775_37700ec69d1fa122265aa3cffa2da33e-225x300.jpg 225w, https:\/\/shopthoitrang.azdigi.shop\/wp-content\/uploads\/2026\/03\/z7641965583775_37700ec69d1fa122265aa3cffa2da33e-600x800.jpg 600w, https:\/\/shopthoitrang.azdigi.shop\/wp-content\/uploads\/2026\/03\/z7641965583775_37700ec69d1fa122265aa3cffa2da33e.jpg 735w\" sizes=\"auto, (max-width: 225px) 100vw, 225px\" \/><\/p>\n<p>&nbsp;<\/p>\n","protected":false},"featured_media":116,"comment_status":"open","ping_status":"closed","template":"","meta":[],"product_brand":[],"product_cat":[16],"product_tag":[],"class_list":{"0":"post-173","1":"product","2":"type-product","3":"status-publish","4":"has-post-thumbnail","6":"product_cat-uncategorized","8":"first","9":"instock","10":"sale","11":"shipping-taxable","12":"purchasable","13":"product-type-variable"},"yoast_head":"<!-- This site is optimized with the Yoast SEO plugin v27.2 - https:\/\/yoast.com\/product\/yoast-seo-wordpress\/ -->\n<title>V\u00e1y Voan T\u1ea7ng Thi\u00ean Nga - Celeste<\/title>\n<meta name=\"description\" content=\"Thi\u1ebft k\u1ebf v\u00e1y voan t\u1ea7ng thi\u00ean nga m\u00e0u kem b\u1ed3ng b\u1ec1nh, k\u1ebft h\u1ee3p c\u1ed5 y\u1ebfm \u0111\u00ednh \u0111\u00e1 sang tr\u1ecdng v\u00e0 ch\u00e2n v\u00e1y x\u1ebfp l\u1edbp hoa h\u1ed3ng 3D \u0111\u1ea7y ki\u00eau sa.\" \/>\n<meta name=\"robots\" content=\"index, follow, max-snippet:-1, max-image-preview:large, max-video-preview:-1\" \/>\n<link rel=\"canonical\" href=\"https:\/\/shopthoitrang.azdigi.shop\/index.php\/product\/vay-voan-tang-thien-nga\/\" \/>\n<meta property=\"og:locale\" content=\"en_US\" \/>\n<meta property=\"og:type\" content=\"article\" \/>\n<meta property=\"og:title\" content=\"V\u00e1y Voan T\u1ea7ng Thi\u00ean Nga - Celeste\" \/>\n<meta property=\"og:description\" content=\"Thi\u1ebft k\u1ebf v\u00e1y voan t\u1ea7ng thi\u00ean nga m\u00e0u kem b\u1ed3ng b\u1ec1nh, k\u1ebft h\u1ee3p c\u1ed5 y\u1ebfm \u0111\u00ednh \u0111\u00e1 sang tr\u1ecdng v\u00e0 ch\u00e2n v\u00e1y x\u1ebfp l\u1edbp hoa h\u1ed3ng 3D \u0111\u1ea7y ki\u00eau sa.\" \/>\n<meta property=\"og:url\" content=\"https:\/\/shopthoitrang.azdigi.shop\/index.php\/product\/vay-voan-tang-thien-nga\/\" \/>\n<meta property=\"og:site_name\" content=\"Celeste\" \/>\n<meta property=\"article:modified_time\" content=\"2026-03-28T14:56:18+00:00\" \/>\n<meta property=\"og:image\" content=\"https:\/\/shopthoitrang.azdigi.shop\/wp-content\/uploads\/2026\/03\/z7641965583775_37700ec69d1fa122265aa3cffa2da33e.jpg\" \/>\n\t<meta property=\"og:image:width\" content=\"735\" \/>\n\t<meta property=\"og:image:height\" content=\"980\" \/>\n\t<meta property=\"og:image:type\" content=\"image\/jpeg\" \/>\n<meta name=\"twitter:card\" content=\"summary_large_image\" \/>\n<meta name=\"twitter:label1\" content=\"Est. reading time\" \/>\n\t<meta name=\"twitter:data1\" content=\"1 minute\" \/>\n<script type=\"application\/ld+json\" class=\"yoast-schema-graph\">{\"@context\":\"https:\/\/schema.org\",\"@graph\":[{\"@type\":\"WebPage\",\"@id\":\"https:\/\/shopthoitrang.azdigi.shop\/index.php\/product\/vay-voan-tang-thien-nga\/\",\"url\":\"https:\/\/shopthoitrang.azdigi.shop\/index.php\/product\/vay-voan-tang-thien-nga\/\",\"name\":\"V\u00e1y Voan T\u1ea7ng Thi\u00ean Nga - Celeste\",\"isPartOf\":{\"@id\":\"https:\/\/shopthoitrang.azdigi.shop\/#website\"},\"primaryImageOfPage\":{\"@id\":\"https:\/\/shopthoitrang.azdigi.shop\/index.php\/product\/vay-voan-tang-thien-nga\/#primaryimage\"},\"image\":{\"@id\":\"https:\/\/shopthoitrang.azdigi.shop\/index.php\/product\/vay-voan-tang-thien-nga\/#primaryimage\"},\"thumbnailUrl\":\"https:\/\/shopthoitrang.azdigi.shop\/wp-content\/uploads\/2026\/03\/z7641965583775_37700ec69d1fa122265aa3cffa2da33e.jpg\",\"datePublished\":\"2026-03-22T05:53:14+00:00\",\"dateModified\":\"2026-03-28T14:56:18+00:00\",\"description\":\"Thi\u1ebft k\u1ebf v\u00e1y voan t\u1ea7ng thi\u00ean nga m\u00e0u kem b\u1ed3ng b\u1ec1nh, k\u1ebft h\u1ee3p c\u1ed5 y\u1ebfm \u0111\u00ednh \u0111\u00e1 sang tr\u1ecdng v\u00e0 ch\u00e2n v\u00e1y x\u1ebfp l\u1edbp hoa h\u1ed3ng 3D \u0111\u1ea7y ki\u00eau sa.\",\"breadcrumb\":{\"@id\":\"https:\/\/shopthoitrang.azdigi.shop\/index.php\/product\/vay-voan-tang-thien-nga\/#breadcrumb\"},\"inLanguage\":\"en-US\",\"potentialAction\":[{\"@type\":\"ReadAction\",\"target\":[\"https:\/\/shopthoitrang.azdigi.shop\/index.php\/product\/vay-voan-tang-thien-nga\/\"]}]},{\"@type\":\"ImageObject\",\"inLanguage\":\"en-US\",\"@id\":\"https:\/\/shopthoitrang.azdigi.shop\/index.php\/product\/vay-voan-tang-thien-nga\/#primaryimage\",\"url\":\"https:\/\/shopthoitrang.azdigi.shop\/wp-content\/uploads\/2026\/03\/z7641965583775_37700ec69d1fa122265aa3cffa2da33e.jpg\",\"contentUrl\":\"https:\/\/shopthoitrang.azdigi.shop\/wp-content\/uploads\/2026\/03\/z7641965583775_37700ec69d1fa122265aa3cffa2da33e.jpg\",\"width\":735,\"height\":980},{\"@type\":\"BreadcrumbList\",\"@id\":\"https:\/\/shopthoitrang.azdigi.shop\/index.php\/product\/vay-voan-tang-thien-nga\/#breadcrumb\",\"itemListElement\":[{\"@type\":\"ListItem\",\"position\":1,\"name\":\"Home\",\"item\":\"https:\/\/shopthoitrang.azdigi.shop\/\"},{\"@type\":\"ListItem\",\"position\":2,\"name\":\"Shop\",\"item\":\"https:\/\/shopthoitrang.azdigi.shop\/index.php\/shop\/\"},{\"@type\":\"ListItem\",\"position\":3,\"name\":\"V\u00e1y Voan T\u1ea7ng Thi\u00ean Nga\"}]},{\"@type\":\"WebSite\",\"@id\":\"https:\/\/shopthoitrang.azdigi.shop\/#website\",\"url\":\"https:\/\/shopthoitrang.azdigi.shop\/\",\"name\":\"Celeste\",\"description\":\"Shop n\u00e0ng th\u01a1\",\"potentialAction\":[{\"@type\":\"SearchAction\",\"target\":{\"@type\":\"EntryPoint\",\"urlTemplate\":\"https:\/\/shopthoitrang.azdigi.shop\/?s={search_term_string}\"},\"query-input\":{\"@type\":\"PropertyValueSpecification\",\"valueRequired\":true,\"valueName\":\"search_term_string\"}}],\"inLanguage\":\"en-US\"}]}<\/script>\n<!-- \/ Yoast SEO plugin. -->","yoast_head_json":{"title":"V\u00e1y Voan T\u1ea7ng Thi\u00ean Nga - Celeste","description":"Thi\u1ebft k\u1ebf v\u00e1y voan t\u1ea7ng thi\u00ean nga m\u00e0u kem b\u1ed3ng b\u1ec1nh, k\u1ebft h\u1ee3p c\u1ed5 y\u1ebfm \u0111\u00ednh \u0111\u00e1 sang tr\u1ecdng v\u00e0 ch\u00e2n v\u00e1y x\u1ebfp l\u1edbp hoa h\u1ed3ng 3D \u0111\u1ea7y ki\u00eau sa.","robots":{"index":"index","follow":"follow","max-snippet":"max-snippet:-1","max-image-preview":"max-image-preview:large","max-video-preview":"max-video-preview:-1"},"canonical":"https:\/\/shopthoitrang.azdigi.shop\/index.php\/product\/vay-voan-tang-thien-nga\/","og_locale":"en_US","og_type":"article","og_title":"V\u00e1y Voan T\u1ea7ng Thi\u00ean Nga - Celeste","og_description":"Thi\u1ebft k\u1ebf v\u00e1y voan t\u1ea7ng thi\u00ean nga m\u00e0u kem b\u1ed3ng b\u1ec1nh, k\u1ebft h\u1ee3p c\u1ed5 y\u1ebfm \u0111\u00ednh \u0111\u00e1 sang tr\u1ecdng v\u00e0 ch\u00e2n v\u00e1y x\u1ebfp l\u1edbp hoa h\u1ed3ng 3D \u0111\u1ea7y ki\u00eau sa.","og_url":"https:\/\/shopthoitrang.azdigi.shop\/index.php\/product\/vay-voan-tang-thien-nga\/","og_site_name":"Celeste","article_modified_time":"2026-03-28T14:56:18+00:00","og_image":[{"width":735,"height":980,"url":"https:\/\/shopthoitrang.azdigi.shop\/wp-content\/uploads\/2026\/03\/z7641965583775_37700ec69d1fa122265aa3cffa2da33e.jpg","type":"image\/jpeg"}],"twitter_card":"summary_large_image","twitter_misc":{"Est. reading time":"1 minute"},"schema":{"@context":"https:\/\/schema.org","@graph":[{"@type":"WebPage","@id":"https:\/\/shopthoitrang.azdigi.shop\/index.php\/product\/vay-voan-tang-thien-nga\/","url":"https:\/\/shopthoitrang.azdigi.shop\/index.php\/product\/vay-voan-tang-thien-nga\/","name":"V\u00e1y Voan T\u1ea7ng Thi\u00ean Nga - Celeste","isPartOf":{"@id":"https:\/\/shopthoitrang.azdigi.shop\/#website"},"primaryImageOfPage":{"@id":"https:\/\/shopthoitrang.azdigi.shop\/index.php\/product\/vay-voan-tang-thien-nga\/#primaryimage"},"image":{"@id":"https:\/\/shopthoitrang.azdigi.shop\/index.php\/product\/vay-voan-tang-thien-nga\/#primaryimage"},"thumbnailUrl":"https:\/\/shopthoitrang.azdigi.shop\/wp-content\/uploads\/2026\/03\/z7641965583775_37700ec69d1fa122265aa3cffa2da33e.jpg","datePublished":"2026-03-22T05:53:14+00:00","dateModified":"2026-03-28T14:56:18+00:00","description":"Thi\u1ebft k\u1ebf v\u00e1y voan t\u1ea7ng thi\u00ean nga m\u00e0u kem b\u1ed3ng b\u1ec1nh, k\u1ebft h\u1ee3p c\u1ed5 y\u1ebfm \u0111\u00ednh \u0111\u00e1 sang tr\u1ecdng v\u00e0 ch\u00e2n v\u00e1y x\u1ebfp l\u1edbp hoa h\u1ed3ng 3D \u0111\u1ea7y ki\u00eau sa.","breadcrumb":{"@id":"https:\/\/shopthoitrang.azdigi.shop\/index.php\/product\/vay-voan-tang-thien-nga\/#breadcrumb"},"inLanguage":"en-US","potentialAction":[{"@type":"ReadAction","target":["https:\/\/shopthoitrang.azdigi.shop\/index.php\/product\/vay-voan-tang-thien-nga\/"]}]},{"@type":"ImageObject","inLanguage":"en-US","@id":"https:\/\/shopthoitrang.azdigi.shop\/index.php\/product\/vay-voan-tang-thien-nga\/#primaryimage","url":"https:\/\/shopthoitrang.azdigi.shop\/wp-content\/uploads\/2026\/03\/z7641965583775_37700ec69d1fa122265aa3cffa2da33e.jpg","contentUrl":"https:\/\/shopthoitrang.azdigi.shop\/wp-content\/uploads\/2026\/03\/z7641965583775_37700ec69d1fa122265aa3cffa2da33e.jpg","width":735,"height":980},{"@type":"BreadcrumbList","@id":"https:\/\/shopthoitrang.azdigi.shop\/index.php\/product\/vay-voan-tang-thien-nga\/#breadcrumb","itemListElement":[{"@type":"ListItem","position":1,"name":"Home","item":"https:\/\/shopthoitrang.azdigi.shop\/"},{"@type":"ListItem","position":2,"name":"Shop","item":"https:\/\/shopthoitrang.azdigi.shop\/index.php\/shop\/"},{"@type":"ListItem","position":3,"name":"V\u00e1y Voan T\u1ea7ng Thi\u00ean Nga"}]},{"@type":"WebSite","@id":"https:\/\/shopthoitrang.azdigi.shop\/#website","url":"https:\/\/shopthoitrang.azdigi.shop\/","name":"Celeste","description":"Shop n\u00e0ng th\u01a1","potentialAction":[{"@type":"SearchAction","target":{"@type":"EntryPoint","urlTemplate":"https:\/\/shopthoitrang.azdigi.shop\/?s={search_term_string}"},"query-input":{"@type":"PropertyValueSpecification","valueRequired":true,"valueName":"search_term_string"}}],"inLanguage":"en-US"}]}},"jetpack_sharing_enabled":true,"_links":{"self":[{"href":"https:\/\/shopthoitrang.azdigi.shop\/index.php\/wp-json\/wp\/v2\/product\/173","targetHints":{"allow":["GET"]}}],"collection":[{"href":"https:\/\/shopthoitrang.azdigi.shop\/index.php\/wp-json\/wp\/v2\/product"}],"about":[{"href":"https:\/\/shopthoitrang.azdigi.shop\/index.php\/wp-json\/wp\/v2\/types\/product"}],"replies":[{"embeddable":true,"href":"https:\/\/shopthoitrang.azdigi.shop\/index.php\/wp-json\/wp\/v2\/comments?post=173"}],"wp:featuredmedia":[{"embeddable":true,"href":"https:\/\/shopthoitrang.azdigi.shop\/index.php\/wp-json\/wp\/v2\/media\/116"}],"wp:attachment":[{"href":"https:\/\/shopthoitrang.azdigi.shop\/index.php\/wp-json\/wp\/v2\/media?parent=173"}],"wp:term":[{"taxonomy":"product_brand","embeddable":true,"href":"https:\/\/shopthoitrang.azdigi.shop\/index.php\/wp-json\/wp\/v2\/product_brand?post=173"},{"taxonomy":"product_cat","embeddable":true,"href":"https:\/\/shopthoitrang.azdigi.shop\/index.php\/wp-json\/wp\/v2\/product_cat?post=173"},{"taxonomy":"product_tag","embeddable":true,"href":"https:\/\/shopthoitrang.azdigi.shop\/index.php\/wp-json\/wp\/v2\/product_tag?post=173"}],"curies":[{"name":"wp","href":"https:\/\/api.w.org\/{rel}","templated":true}]}}